{"id":716,"date":"2018-06-30T00:35:43","date_gmt":"2018-06-29T22:35:43","guid":{"rendered":"http:\/\/metaloplastika.info\/?post_type=product&#038;p=716"},"modified":"2018-07-28T20:42:00","modified_gmt":"2018-07-28T18:42:00","slug":"fajtalica-650-ml","status":"publish","type":"product","link":"https:\/\/metaloplastika.info\/en\/product\/fajtalica-650-ml\/","title":{"rendered":"Bottle water spray 650 ml"},"content":{"rendered":"<p>Bottle with spray mechanism<\/p>\n<p>High quality, in volume of 650 ml<br \/>\nMake sure of the quality of our products!<\/p>","protected":false},"excerpt":{"rendered":"<p>Fajtalica, plasti\u010dna boca za vodu, fla\u0161ica za fajtanje, fla\u0161ica za prskanje vodom, boca za fajtanje, fla\u0161a za fajtanje, plasti\u010dna fajtalica Fajtalica vrhunskog kvaliteta. Vrlo prakti\u010dna, zapremine 650 ml. Uverite se u kvalitet na\u0161ih proizvoda!<\/p>","protected":false},"featured_media":899,"template":"","meta":[],"product_brand":[],"product_cat":[42],"product_tag":[125,112,126,127],"class_list":{"0":"post-716","1":"product","2":"type-product","3":"status-publish","4":"has-post-thumbnail","6":"product_cat-razno","7":"product_tag-fajtalica","8":"product_tag-plasticna-boca","9":"product_tag-plasticna-boca-za-fajtanje","10":"product_tag-za-fajtanje","12":"first","13":"instock","14":"shipping-taxable","15":"product-type-simple"},"yoast_head":"<!-- This site is optimized with the Yoast SEO plugin v27.2 - https:\/\/yoast.com\/product\/yoast-seo-wordpress\/ -->\n<title>Fajtalica 650 ml - metaloplastika Sre\u0107kovi\u0107, Vrnja\u010dka Banja<\/title>\n<meta name=\"description\" content=\"fajtalica, plasti\u010dna boca za vodu, fla\u0161ica za fajtanje, fla\u0161ica za prskanje vodom, boca za fajtanje, fla\u0161a za fajtanje, plasti\u010dna fajtalica\" \/>\n<meta name=\"robots\" content=\"index, follow, max-snippet:-1, max-image-preview:large, max-video-preview:-1\" \/>\n<link rel=\"canonical\" href=\"http:\/\/metaloplastika.info\/en\/product\/fajtalica-650-ml\/\" \/>\n<meta property=\"og:locale\" content=\"en_GB\" \/>\n<meta property=\"og:type\" content=\"article\" \/>\n<meta property=\"og:title\" content=\"Fajtalica 650 ml - metaloplastika Sre\u0107kovi\u0107, Vrnja\u010dka Banja\" \/>\n<meta property=\"og:description\" content=\"fajtalica, plasti\u010dna boca za vodu, fla\u0161ica za fajtanje, fla\u0161ica za prskanje vodom, boca za fajtanje, fla\u0161a za fajtanje, plasti\u010dna fajtalica\" \/>\n<meta property=\"og:url\" content=\"http:\/\/metaloplastika.info\/en\/product\/fajtalica-650-ml\/\" \/>\n<meta property=\"og:site_name\" content=\"metaloplastika\" \/>\n<meta property=\"article:modified_time\" content=\"2018-07-28T18:42:00+00:00\" \/>\n<meta property=\"og:image\" content=\"http:\/\/metaloplastika.info\/wp-content\/uploads\/2018\/06\/10120-fajtalica-1.jpg\" \/>\n\t<meta property=\"og:image:width\" content=\"1200\" \/>\n\t<meta property=\"og:image:height\" content=\"800\" \/>\n\t<meta property=\"og:image:type\" content=\"image\/jpeg\" \/>\n<meta name=\"twitter:card\" content=\"summary_large_image\" \/>\n<script type=\"application\/ld+json\" class=\"yoast-schema-graph\">{\"@context\":\"https:\/\/schema.org\",\"@graph\":[{\"@type\":\"WebPage\",\"@id\":\"http:\/\/metaloplastika.info\/product\/fajtalica-650-ml\/\",\"url\":\"http:\/\/metaloplastika.info\/product\/fajtalica-650-ml\/\",\"name\":\"Fajtalica 650 ml - metaloplastika Sre\u0107kovi\u0107, Vrnja\u010dka Banja\",\"isPartOf\":{\"@id\":\"http:\/\/metaloplastika.info\/#website\"},\"primaryImageOfPage\":{\"@id\":\"http:\/\/metaloplastika.info\/product\/fajtalica-650-ml\/#primaryimage\"},\"image\":{\"@id\":\"http:\/\/metaloplastika.info\/product\/fajtalica-650-ml\/#primaryimage\"},\"thumbnailUrl\":\"https:\/\/metaloplastika.info\/wp-content\/uploads\/2018\/06\/10120-fajtalica-1.jpg\",\"datePublished\":\"2018-06-29T22:35:43+00:00\",\"dateModified\":\"2018-07-28T18:42:00+00:00\",\"description\":\"fajtalica, plasti\u010dna boca za vodu, fla\u0161ica za fajtanje, fla\u0161ica za prskanje vodom, boca za fajtanje, fla\u0161a za fajtanje, plasti\u010dna fajtalica\",\"breadcrumb\":{\"@id\":\"http:\/\/metaloplastika.info\/product\/fajtalica-650-ml\/#breadcrumb\"},\"inLanguage\":\"en-GB\",\"potentialAction\":[{\"@type\":\"ReadAction\",\"target\":[\"http:\/\/metaloplastika.info\/product\/fajtalica-650-ml\/\"]}]},{\"@type\":\"ImageObject\",\"inLanguage\":\"en-GB\",\"@id\":\"http:\/\/metaloplastika.info\/product\/fajtalica-650-ml\/#primaryimage\",\"url\":\"https:\/\/metaloplastika.info\/wp-content\/uploads\/2018\/06\/10120-fajtalica-1.jpg\",\"contentUrl\":\"https:\/\/metaloplastika.info\/wp-content\/uploads\/2018\/06\/10120-fajtalica-1.jpg\",\"width\":1200,\"height\":800,\"caption\":\"Fajtalica, plasti\u010dna boca za vodu, fla\u0161ica za fajtanje, fla\u0161ica za prskanje vodom, boca za fajtanje, fla\u0161a za fajtanje, plasti\u010dna fajtalica\"},{\"@type\":\"BreadcrumbList\",\"@id\":\"http:\/\/metaloplastika.info\/product\/fajtalica-650-ml\/#breadcrumb\",\"itemListElement\":[{\"@type\":\"ListItem\",\"position\":1,\"name\":\"Home\",\"item\":\"http:\/\/metaloplastika.info\/\"},{\"@type\":\"ListItem\",\"position\":2,\"name\":\"\u041f\u0440\u043e\u0438\u0437\u0432\u043e\u0434\u0438\",\"item\":\"http:\/\/metaloplastika.info\/shop\/\"},{\"@type\":\"ListItem\",\"position\":3,\"name\":\"Fajtalica 650 ml\"}]},{\"@type\":\"WebSite\",\"@id\":\"http:\/\/metaloplastika.info\/#website\",\"url\":\"http:\/\/metaloplastika.info\/\",\"name\":\"metaloplastika\",\"description\":\"Ukrasne saksije, saksije za rasad, zakacke za saksije, kontejneri\",\"potentialAction\":[{\"@type\":\"SearchAction\",\"target\":{\"@type\":\"EntryPoint\",\"urlTemplate\":\"http:\/\/metaloplastika.info\/?s={search_term_string}\"},\"query-input\":{\"@type\":\"PropertyValueSpecification\",\"valueRequired\":true,\"valueName\":\"search_term_string\"}}],\"inLanguage\":\"en-GB\"}]}<\/script>\n<!-- \/ Yoast SEO plugin. -->","yoast_head_json":{"title":"Fajtalica 650 ml - metaloplastika Sre\u0107kovi\u0107, Vrnja\u010dka Banja","description":"fajtalica, plasti\u010dna boca za vodu, fla\u0161ica za fajtanje, fla\u0161ica za prskanje vodom, boca za fajtanje, fla\u0161a za fajtanje, plasti\u010dna fajtalica","robots":{"index":"index","follow":"follow","max-snippet":"max-snippet:-1","max-image-preview":"max-image-preview:large","max-video-preview":"max-video-preview:-1"},"canonical":"http:\/\/metaloplastika.info\/en\/product\/fajtalica-650-ml\/","og_locale":"en_GB","og_type":"article","og_title":"Fajtalica 650 ml - metaloplastika Sre\u0107kovi\u0107, Vrnja\u010dka Banja","og_description":"fajtalica, plasti\u010dna boca za vodu, fla\u0161ica za fajtanje, fla\u0161ica za prskanje vodom, boca za fajtanje, fla\u0161a za fajtanje, plasti\u010dna fajtalica","og_url":"http:\/\/metaloplastika.info\/en\/product\/fajtalica-650-ml\/","og_site_name":"metaloplastika","article_modified_time":"2018-07-28T18:42:00+00:00","og_image":[{"width":1200,"height":800,"url":"http:\/\/metaloplastika.info\/wp-content\/uploads\/2018\/06\/10120-fajtalica-1.jpg","type":"image\/jpeg"}],"twitter_card":"summary_large_image","schema":{"@context":"https:\/\/schema.org","@graph":[{"@type":"WebPage","@id":"http:\/\/metaloplastika.info\/product\/fajtalica-650-ml\/","url":"http:\/\/metaloplastika.info\/product\/fajtalica-650-ml\/","name":"Fajtalica 650 ml - metaloplastika Sre\u0107kovi\u0107, Vrnja\u010dka Banja","isPartOf":{"@id":"http:\/\/metaloplastika.info\/#website"},"primaryImageOfPage":{"@id":"http:\/\/metaloplastika.info\/product\/fajtalica-650-ml\/#primaryimage"},"image":{"@id":"http:\/\/metaloplastika.info\/product\/fajtalica-650-ml\/#primaryimage"},"thumbnailUrl":"https:\/\/metaloplastika.info\/wp-content\/uploads\/2018\/06\/10120-fajtalica-1.jpg","datePublished":"2018-06-29T22:35:43+00:00","dateModified":"2018-07-28T18:42:00+00:00","description":"fajtalica, plasti\u010dna boca za vodu, fla\u0161ica za fajtanje, fla\u0161ica za prskanje vodom, boca za fajtanje, fla\u0161a za fajtanje, plasti\u010dna fajtalica","breadcrumb":{"@id":"http:\/\/metaloplastika.info\/product\/fajtalica-650-ml\/#breadcrumb"},"inLanguage":"en-GB","potentialAction":[{"@type":"ReadAction","target":["http:\/\/metaloplastika.info\/product\/fajtalica-650-ml\/"]}]},{"@type":"ImageObject","inLanguage":"en-GB","@id":"http:\/\/metaloplastika.info\/product\/fajtalica-650-ml\/#primaryimage","url":"https:\/\/metaloplastika.info\/wp-content\/uploads\/2018\/06\/10120-fajtalica-1.jpg","contentUrl":"https:\/\/metaloplastika.info\/wp-content\/uploads\/2018\/06\/10120-fajtalica-1.jpg","width":1200,"height":800,"caption":"Fajtalica, plasti\u010dna boca za vodu, fla\u0161ica za fajtanje, fla\u0161ica za prskanje vodom, boca za fajtanje, fla\u0161a za fajtanje, plasti\u010dna fajtalica"},{"@type":"BreadcrumbList","@id":"http:\/\/metaloplastika.info\/product\/fajtalica-650-ml\/#breadcrumb","itemListElement":[{"@type":"ListItem","position":1,"name":"Home","item":"http:\/\/metaloplastika.info\/"},{"@type":"ListItem","position":2,"name":"\u041f\u0440\u043e\u0438\u0437\u0432\u043e\u0434\u0438","item":"http:\/\/metaloplastika.info\/shop\/"},{"@type":"ListItem","position":3,"name":"Fajtalica 650 ml"}]},{"@type":"WebSite","@id":"http:\/\/metaloplastika.info\/#website","url":"http:\/\/metaloplastika.info\/","name":"metaloplastika","description":"Ukrasne saksije, saksije za rasad, zakacke za saksije, kontejneri","potentialAction":[{"@type":"SearchAction","target":{"@type":"EntryPoint","urlTemplate":"http:\/\/metaloplastika.info\/?s={search_term_string}"},"query-input":{"@type":"PropertyValueSpecification","valueRequired":true,"valueName":"search_term_string"}}],"inLanguage":"en-GB"}]}},"_links":{"self":[{"href":"https:\/\/metaloplastika.info\/en\/wp-json\/wp\/v2\/product\/716","targetHints":{"allow":["GET"]}}],"collection":[{"href":"https:\/\/metaloplastika.info\/en\/wp-json\/wp\/v2\/product"}],"about":[{"href":"https:\/\/metaloplastika.info\/en\/wp-json\/wp\/v2\/types\/product"}],"wp:featuredmedia":[{"embeddable":true,"href":"https:\/\/metaloplastika.info\/en\/wp-json\/wp\/v2\/media\/899"}],"wp:attachment":[{"href":"https:\/\/metaloplastika.info\/en\/wp-json\/wp\/v2\/media?parent=716"}],"wp:term":[{"taxonomy":"product_brand","embeddable":true,"href":"https:\/\/metaloplastika.info\/en\/wp-json\/wp\/v2\/product_brand?post=716"},{"taxonomy":"product_cat","embeddable":true,"href":"https:\/\/metaloplastika.info\/en\/wp-json\/wp\/v2\/product_cat?post=716"},{"taxonomy":"product_tag","embeddable":true,"href":"https:\/\/metaloplastika.info\/en\/wp-json\/wp\/v2\/product_tag?post=716"}],"curies":[{"name":"wp","href":"https:\/\/api.w.org\/{rel}","templated":true}]}}