{"id":713,"date":"2018-06-30T00:29:22","date_gmt":"2018-06-29T22:29:22","guid":{"rendered":"http:\/\/metaloplastika.info\/?post_type=product&#038;p=713"},"modified":"2018-08-08T12:07:21","modified_gmt":"2018-08-08T10:07:21","slug":"bocica-za-zacine-100-ml","status":"publish","type":"product","link":"https:\/\/metaloplastika.info\/en\/product\/bocica-za-zacine-100-ml\/","title":{"rendered":"Little jar for spices 100 ml"},"content":{"rendered":"<p>Small plastic bottle for spices, plastic bottles<\/p>\n<p>Plastic bottle for spices, with multi-purpose cover, volume 100 ml. The bottle is round shape, with a high-quality multifunctional cover, which has one side with holes for dosing of grain \/ powder spices. The bottle can be used for salt, pepper, other finer spices... teas, etc... Compact proportions, very useful volumes and excellent quality...<br \/>\nMake sure of the quality of our products!<\/p>","protected":false},"excerpt":{"rendered":"<p>Mala plasticna bocica za zacine, plasticna flasica Plasti\u010dna fla\u0161ica za za\u010dine, sa vi\u0161enamenskim zatvara\u010dem, zapremine 100 ml. Bo\u010dica je okruglog oblika, sa kvalitetnim vi\u0161enamenskim zatvara\u010dem deljivim kome jedna strana ima rupice za doziranje zrnastih\/pra\u0161kastih za\u010dina. Fla\u0161ica se mo\u017ee koristiti za so, biber, ostale sitnije za\u010dine\u2026 \u010dajeve, itd\u2026 Kompaktnih je proporcija, vrlo korisne zapremine i odli\u010dnog [&hellip;]\n","protected":false},"featured_media":941,"template":"","meta":[],"product_brand":[],"product_cat":[111],"product_tag":[117,112,122,113,123],"class_list":{"0":"post-713","1":"product","2":"type-product","3":"status-publish","4":"has-post-thumbnail","6":"product_cat-boce","7":"product_tag-boca","8":"product_tag-plasticna-boca","9":"product_tag-plasticna-boca-za-zacine","10":"product_tag-plasticna-flasa","11":"product_tag-plasticna-flasa-za-zacine","13":"first","14":"instock","15":"shipping-taxable","16":"product-type-simple"},"yoast_head":"<!-- This site is optimized with the Yoast SEO plugin v27.2 - https:\/\/yoast.com\/product\/yoast-seo-wordpress\/ -->\n<title>Bo\u010dica za za\u010dine 100 ml - metaloplastika Sre\u0107kovi\u0107, Vrnja\u010dka Banja<\/title>\n<meta name=\"description\" content=\"Mala plasticna bocica za zacine, plasticna flasica\" \/>\n<meta name=\"robots\" content=\"index, follow, max-snippet:-1, max-image-preview:large, max-video-preview:-1\" \/>\n<link rel=\"canonical\" href=\"https:\/\/metaloplastika.info\/en\/product\/bocica-za-zacine-100-ml\/\" \/>\n<meta property=\"og:locale\" content=\"en_GB\" \/>\n<meta property=\"og:type\" content=\"article\" \/>\n<meta property=\"og:title\" content=\"Bo\u010dica za za\u010dine 100 ml - metaloplastika Sre\u0107kovi\u0107, Vrnja\u010dka Banja\" \/>\n<meta property=\"og:description\" content=\"Mala plasticna bocica za zacine, plasticna flasica\" \/>\n<meta property=\"og:url\" content=\"https:\/\/metaloplastika.info\/en\/product\/bocica-za-zacine-100-ml\/\" \/>\n<meta property=\"og:site_name\" content=\"metaloplastika\" \/>\n<meta property=\"article:modified_time\" content=\"2018-08-08T10:07:21+00:00\" \/>\n<meta property=\"og:image\" content=\"https:\/\/metaloplastika.info\/wp-content\/uploads\/2018\/06\/10186-bocica-100-ml-1.jpg\" \/>\n\t<meta property=\"og:image:width\" content=\"1200\" \/>\n\t<meta property=\"og:image:height\" content=\"800\" \/>\n\t<meta property=\"og:image:type\" content=\"image\/jpeg\" \/>\n<meta name=\"twitter:card\" content=\"summary_large_image\" \/>\n<script type=\"application\/ld+json\" class=\"yoast-schema-graph\">{\"@context\":\"https:\/\/schema.org\",\"@graph\":[{\"@type\":\"WebPage\",\"@id\":\"https:\/\/metaloplastika.info\/product\/bocica-za-zacine-100-ml\/\",\"url\":\"https:\/\/metaloplastika.info\/product\/bocica-za-zacine-100-ml\/\",\"name\":\"Bo\u010dica za za\u010dine 100 ml - metaloplastika Sre\u0107kovi\u0107, Vrnja\u010dka Banja\",\"isPartOf\":{\"@id\":\"https:\/\/metaloplastika.info\/#website\"},\"primaryImageOfPage\":{\"@id\":\"https:\/\/metaloplastika.info\/product\/bocica-za-zacine-100-ml\/#primaryimage\"},\"image\":{\"@id\":\"https:\/\/metaloplastika.info\/product\/bocica-za-zacine-100-ml\/#primaryimage\"},\"thumbnailUrl\":\"https:\/\/metaloplastika.info\/wp-content\/uploads\/2018\/06\/10186-bocica-100-ml-1.jpg\",\"datePublished\":\"2018-06-29T22:29:22+00:00\",\"dateModified\":\"2018-08-08T10:07:21+00:00\",\"description\":\"Mala plasticna bocica za zacine, plasticna flasica\",\"breadcrumb\":{\"@id\":\"https:\/\/metaloplastika.info\/product\/bocica-za-zacine-100-ml\/#breadcrumb\"},\"inLanguage\":\"en-GB\",\"potentialAction\":[{\"@type\":\"ReadAction\",\"target\":[\"https:\/\/metaloplastika.info\/product\/bocica-za-zacine-100-ml\/\"]}]},{\"@type\":\"ImageObject\",\"inLanguage\":\"en-GB\",\"@id\":\"https:\/\/metaloplastika.info\/product\/bocica-za-zacine-100-ml\/#primaryimage\",\"url\":\"https:\/\/metaloplastika.info\/wp-content\/uploads\/2018\/06\/10186-bocica-100-ml-1.jpg\",\"contentUrl\":\"https:\/\/metaloplastika.info\/wp-content\/uploads\/2018\/06\/10186-bocica-100-ml-1.jpg\",\"width\":1200,\"height\":800,\"caption\":\"Mala plasticna bocica za zacine, plasticna flasica\"},{\"@type\":\"BreadcrumbList\",\"@id\":\"https:\/\/metaloplastika.info\/product\/bocica-za-zacine-100-ml\/#breadcrumb\",\"itemListElement\":[{\"@type\":\"ListItem\",\"position\":1,\"name\":\"Home\",\"item\":\"https:\/\/metaloplastika.info\/\"},{\"@type\":\"ListItem\",\"position\":2,\"name\":\"\u041f\u0440\u043e\u0438\u0437\u0432\u043e\u0434\u0438\",\"item\":\"https:\/\/metaloplastika.info\/shop\/\"},{\"@type\":\"ListItem\",\"position\":3,\"name\":\"Bo\u010dica za za\u010dine 100 ml\"}]},{\"@type\":\"WebSite\",\"@id\":\"https:\/\/metaloplastika.info\/#website\",\"url\":\"https:\/\/metaloplastika.info\/\",\"name\":\"metaloplastika\",\"description\":\"Ukrasne saksije, saksije za rasad, zakacke za saksije, kontejneri\",\"potentialAction\":[{\"@type\":\"SearchAction\",\"target\":{\"@type\":\"EntryPoint\",\"urlTemplate\":\"https:\/\/metaloplastika.info\/?s={search_term_string}\"},\"query-input\":{\"@type\":\"PropertyValueSpecification\",\"valueRequired\":true,\"valueName\":\"search_term_string\"}}],\"inLanguage\":\"en-GB\"}]}<\/script>\n<!-- \/ Yoast SEO plugin. -->","yoast_head_json":{"title":"Bo\u010dica za za\u010dine 100 ml - metaloplastika Sre\u0107kovi\u0107, Vrnja\u010dka Banja","description":"Small plastic bottle for spices, plastic bottles","robots":{"index":"index","follow":"follow","max-snippet":"max-snippet:-1","max-image-preview":"max-image-preview:large","max-video-preview":"max-video-preview:-1"},"canonical":"https:\/\/metaloplastika.info\/en\/product\/bocica-za-zacine-100-ml\/","og_locale":"en_GB","og_type":"article","og_title":"Bo\u010dica za za\u010dine 100 ml - metaloplastika Sre\u0107kovi\u0107, Vrnja\u010dka Banja","og_description":"Mala plasticna bocica za zacine, plasticna flasica","og_url":"https:\/\/metaloplastika.info\/en\/product\/bocica-za-zacine-100-ml\/","og_site_name":"metaloplastika","article_modified_time":"2018-08-08T10:07:21+00:00","og_image":[{"width":1200,"height":800,"url":"https:\/\/metaloplastika.info\/wp-content\/uploads\/2018\/06\/10186-bocica-100-ml-1.jpg","type":"image\/jpeg"}],"twitter_card":"summary_large_image","schema":{"@context":"https:\/\/schema.org","@graph":[{"@type":"WebPage","@id":"https:\/\/metaloplastika.info\/product\/bocica-za-zacine-100-ml\/","url":"https:\/\/metaloplastika.info\/product\/bocica-za-zacine-100-ml\/","name":"Bo\u010dica za za\u010dine 100 ml - metaloplastika Sre\u0107kovi\u0107, Vrnja\u010dka Banja","isPartOf":{"@id":"https:\/\/metaloplastika.info\/#website"},"primaryImageOfPage":{"@id":"https:\/\/metaloplastika.info\/product\/bocica-za-zacine-100-ml\/#primaryimage"},"image":{"@id":"https:\/\/metaloplastika.info\/product\/bocica-za-zacine-100-ml\/#primaryimage"},"thumbnailUrl":"https:\/\/metaloplastika.info\/wp-content\/uploads\/2018\/06\/10186-bocica-100-ml-1.jpg","datePublished":"2018-06-29T22:29:22+00:00","dateModified":"2018-08-08T10:07:21+00:00","description":"Small plastic bottle for spices, plastic bottles","breadcrumb":{"@id":"https:\/\/metaloplastika.info\/product\/bocica-za-zacine-100-ml\/#breadcrumb"},"inLanguage":"en-GB","potentialAction":[{"@type":"ReadAction","target":["https:\/\/metaloplastika.info\/product\/bocica-za-zacine-100-ml\/"]}]},{"@type":"ImageObject","inLanguage":"en-GB","@id":"https:\/\/metaloplastika.info\/product\/bocica-za-zacine-100-ml\/#primaryimage","url":"https:\/\/metaloplastika.info\/wp-content\/uploads\/2018\/06\/10186-bocica-100-ml-1.jpg","contentUrl":"https:\/\/metaloplastika.info\/wp-content\/uploads\/2018\/06\/10186-bocica-100-ml-1.jpg","width":1200,"height":800,"caption":"Mala plasticna bocica za zacine, plasticna flasica"},{"@type":"BreadcrumbList","@id":"https:\/\/metaloplastika.info\/product\/bocica-za-zacine-100-ml\/#breadcrumb","itemListElement":[{"@type":"ListItem","position":1,"name":"Home","item":"https:\/\/metaloplastika.info\/"},{"@type":"ListItem","position":2,"name":"\u041f\u0440\u043e\u0438\u0437\u0432\u043e\u0434\u0438","item":"https:\/\/metaloplastika.info\/shop\/"},{"@type":"ListItem","position":3,"name":"Bo\u010dica za za\u010dine 100 ml"}]},{"@type":"WebSite","@id":"https:\/\/metaloplastika.info\/#website","url":"https:\/\/metaloplastika.info\/","name":"metaloplastika","description":"Ukrasne saksije, saksije za rasad, zakacke za saksije, kontejneri","potentialAction":[{"@type":"SearchAction","target":{"@type":"EntryPoint","urlTemplate":"https:\/\/metaloplastika.info\/?s={search_term_string}"},"query-input":{"@type":"PropertyValueSpecification","valueRequired":true,"valueName":"search_term_string"}}],"inLanguage":"en-GB"}]}},"_links":{"self":[{"href":"https:\/\/metaloplastika.info\/en\/wp-json\/wp\/v2\/product\/713","targetHints":{"allow":["GET"]}}],"collection":[{"href":"https:\/\/metaloplastika.info\/en\/wp-json\/wp\/v2\/product"}],"about":[{"href":"https:\/\/metaloplastika.info\/en\/wp-json\/wp\/v2\/types\/product"}],"wp:featuredmedia":[{"embeddable":true,"href":"https:\/\/metaloplastika.info\/en\/wp-json\/wp\/v2\/media\/941"}],"wp:attachment":[{"href":"https:\/\/metaloplastika.info\/en\/wp-json\/wp\/v2\/media?parent=713"}],"wp:term":[{"taxonomy":"product_brand","embeddable":true,"href":"https:\/\/metaloplastika.info\/en\/wp-json\/wp\/v2\/product_brand?post=713"},{"taxonomy":"product_cat","embeddable":true,"href":"https:\/\/metaloplastika.info\/en\/wp-json\/wp\/v2\/product_cat?post=713"},{"taxonomy":"product_tag","embeddable":true,"href":"https:\/\/metaloplastika.info\/en\/wp-json\/wp\/v2\/product_tag?post=713"}],"curies":[{"name":"wp","href":"https:\/\/api.w.org\/{rel}","templated":true}]}}