{"id":688,"date":"2018-05-23T00:42:01","date_gmt":"2018-05-22T22:42:01","guid":{"rendered":"http:\/\/metaloplastika.info\/?post_type=product&#038;p=688"},"modified":"2018-12-24T12:38:31","modified_gmt":"2018-12-24T10:38:31","slug":"tegla-kosa-1-lit","status":"publish","type":"product","link":"https:\/\/metaloplastika.info\/en\/product\/tegla-kosa-1-lit\/","title":{"rendered":"Pitched jar 1 lit."},"content":{"rendered":"<p>Plastic pitched jar, PET jar, PET packaging<\/p>\n<p>Plasti\u010dna zakosena tegla zapremine 1 litar. Tegla je zako\u0161enog oblika tako da je pogodna za radnje zdrave hrane. U njoj je mogu\u0107e dr\u017eati sve od pra\u0161kastih proizvoda, za\u010dina, \u010dajeva, kekseva na meru\u2026, pa sve do bombona i manjih konditorskih proizvoda. Kompaktnih je proporcija, velike zapremine i odli\u010dnog kvaliteta izrade\u2026<br \/>\nMake sure of the quality of our products!<\/p>","protected":false},"excerpt":{"rendered":"<p>All packaging is made of a colorless polymeric material, with no foreign stamps and residual odors, intended for packaging foodstuffs.<\/p>","protected":false},"featured_media":947,"template":"","meta":[],"product_brand":[],"product_cat":[76],"product_tag":[91,77,106],"class_list":{"0":"post-688","1":"product","2":"type-product","3":"status-publish","4":"has-post-thumbnail","6":"product_cat-ostale-tegle","7":"product_tag-plasticna-tegla","8":"product_tag-tegla","9":"product_tag-zakosena-tegla","11":"first","12":"instock","13":"shipping-taxable","14":"product-type-simple"},"yoast_head":"<!-- This site is optimized with the Yoast SEO plugin v27.2 - https:\/\/yoast.com\/product\/yoast-seo-wordpress\/ -->\n<title>Tegla kosa 1 litar - Metaloplastika Sreckovic, Vrnjacka Banja<\/title>\n<meta name=\"description\" content=\"Plasticna kosa tegla, 1 litar, pet tegle, pet ambalaza\" \/>\n<meta name=\"robots\" content=\"index, follow, max-snippet:-1, max-image-preview:large, max-video-preview:-1\" \/>\n<link rel=\"canonical\" href=\"https:\/\/metaloplastika.info\/en\/product\/tegla-kosa-1-lit\/\" \/>\n<meta property=\"og:locale\" content=\"en_GB\" \/>\n<meta property=\"og:type\" content=\"article\" \/>\n<meta property=\"og:title\" content=\"Tegla kosa 1 litar - Metaloplastika Sreckovic, Vrnjacka Banja\" \/>\n<meta property=\"og:description\" content=\"Plasticna kosa tegla, 1 litar, pet tegle, pet ambalaza\" \/>\n<meta property=\"og:url\" content=\"https:\/\/metaloplastika.info\/en\/product\/tegla-kosa-1-lit\/\" \/>\n<meta property=\"og:site_name\" content=\"metaloplastika\" \/>\n<meta property=\"article:modified_time\" content=\"2018-12-24T10:38:31+00:00\" \/>\n<meta property=\"og:image\" content=\"https:\/\/metaloplastika.info\/wp-content\/uploads\/2018\/05\/10220-tegla-kosa-1-lit-2.jpg\" \/>\n\t<meta property=\"og:image:width\" content=\"1200\" \/>\n\t<meta property=\"og:image:height\" content=\"800\" \/>\n\t<meta property=\"og:image:type\" content=\"image\/jpeg\" \/>\n<meta name=\"twitter:card\" content=\"summary_large_image\" \/>\n<script type=\"application\/ld+json\" class=\"yoast-schema-graph\">{\"@context\":\"https:\/\/schema.org\",\"@graph\":[{\"@type\":\"WebPage\",\"@id\":\"https:\/\/metaloplastika.info\/product\/tegla-kosa-1-lit\/\",\"url\":\"https:\/\/metaloplastika.info\/product\/tegla-kosa-1-lit\/\",\"name\":\"Tegla kosa 1 litar - Metaloplastika Sreckovic, Vrnjacka Banja\",\"isPartOf\":{\"@id\":\"http:\/\/metaloplastika.info\/#website\"},\"primaryImageOfPage\":{\"@id\":\"https:\/\/metaloplastika.info\/product\/tegla-kosa-1-lit\/#primaryimage\"},\"image\":{\"@id\":\"https:\/\/metaloplastika.info\/product\/tegla-kosa-1-lit\/#primaryimage\"},\"thumbnailUrl\":\"https:\/\/metaloplastika.info\/wp-content\/uploads\/2018\/05\/10220-tegla-kosa-1-lit-2.jpg\",\"datePublished\":\"2018-05-22T22:42:01+00:00\",\"dateModified\":\"2018-12-24T10:38:31+00:00\",\"description\":\"Plasticna kosa tegla, 1 litar, pet tegle, pet ambalaza\",\"breadcrumb\":{\"@id\":\"https:\/\/metaloplastika.info\/product\/tegla-kosa-1-lit\/#breadcrumb\"},\"inLanguage\":\"en-GB\",\"potentialAction\":[{\"@type\":\"ReadAction\",\"target\":[\"https:\/\/metaloplastika.info\/product\/tegla-kosa-1-lit\/\"]}]},{\"@type\":\"ImageObject\",\"inLanguage\":\"en-GB\",\"@id\":\"https:\/\/metaloplastika.info\/product\/tegla-kosa-1-lit\/#primaryimage\",\"url\":\"https:\/\/metaloplastika.info\/wp-content\/uploads\/2018\/05\/10220-tegla-kosa-1-lit-2.jpg\",\"contentUrl\":\"https:\/\/metaloplastika.info\/wp-content\/uploads\/2018\/05\/10220-tegla-kosa-1-lit-2.jpg\",\"width\":1200,\"height\":800,\"caption\":\"Plasticna kosa tegla, 1 litar, pet tegle, pet ambalaza\"},{\"@type\":\"BreadcrumbList\",\"@id\":\"https:\/\/metaloplastika.info\/product\/tegla-kosa-1-lit\/#breadcrumb\",\"itemListElement\":[{\"@type\":\"ListItem\",\"position\":1,\"name\":\"Home\",\"item\":\"http:\/\/metaloplastika.info\/\"},{\"@type\":\"ListItem\",\"position\":2,\"name\":\"\u041f\u0440\u043e\u0438\u0437\u0432\u043e\u0434\u0438\",\"item\":\"https:\/\/metaloplastika.info\/shop\/\"},{\"@type\":\"ListItem\",\"position\":3,\"name\":\"Tegla kosa 1 lit.\"}]},{\"@type\":\"WebSite\",\"@id\":\"http:\/\/metaloplastika.info\/#website\",\"url\":\"http:\/\/metaloplastika.info\/\",\"name\":\"metaloplastika\",\"description\":\"Ukrasne saksije, saksije za rasad, zakacke za saksije, kontejneri\",\"potentialAction\":[{\"@type\":\"SearchAction\",\"target\":{\"@type\":\"EntryPoint\",\"urlTemplate\":\"http:\/\/metaloplastika.info\/?s={search_term_string}\"},\"query-input\":{\"@type\":\"PropertyValueSpecification\",\"valueRequired\":true,\"valueName\":\"search_term_string\"}}],\"inLanguage\":\"en-GB\"}]}<\/script>\n<!-- \/ Yoast SEO plugin. -->","yoast_head_json":{"title":"Tegla kosa 1 litar - Metaloplastika Sreckovic, Vrnjacka Banja","description":"Plastic pitched jar, PET jar, PET packaging","robots":{"index":"index","follow":"follow","max-snippet":"max-snippet:-1","max-image-preview":"max-image-preview:large","max-video-preview":"max-video-preview:-1"},"canonical":"https:\/\/metaloplastika.info\/en\/product\/tegla-kosa-1-lit\/","og_locale":"en_GB","og_type":"article","og_title":"Tegla kosa 1 litar - Metaloplastika Sreckovic, Vrnjacka Banja","og_description":"Plasticna kosa tegla, 1 litar, pet tegle, pet ambalaza","og_url":"https:\/\/metaloplastika.info\/en\/product\/tegla-kosa-1-lit\/","og_site_name":"metaloplastika","article_modified_time":"2018-12-24T10:38:31+00:00","og_image":[{"width":1200,"height":800,"url":"https:\/\/metaloplastika.info\/wp-content\/uploads\/2018\/05\/10220-tegla-kosa-1-lit-2.jpg","type":"image\/jpeg"}],"twitter_card":"summary_large_image","schema":{"@context":"https:\/\/schema.org","@graph":[{"@type":"WebPage","@id":"https:\/\/metaloplastika.info\/product\/tegla-kosa-1-lit\/","url":"https:\/\/metaloplastika.info\/product\/tegla-kosa-1-lit\/","name":"Tegla kosa 1 litar - Metaloplastika Sreckovic, Vrnjacka Banja","isPartOf":{"@id":"http:\/\/metaloplastika.info\/#website"},"primaryImageOfPage":{"@id":"https:\/\/metaloplastika.info\/product\/tegla-kosa-1-lit\/#primaryimage"},"image":{"@id":"https:\/\/metaloplastika.info\/product\/tegla-kosa-1-lit\/#primaryimage"},"thumbnailUrl":"https:\/\/metaloplastika.info\/wp-content\/uploads\/2018\/05\/10220-tegla-kosa-1-lit-2.jpg","datePublished":"2018-05-22T22:42:01+00:00","dateModified":"2018-12-24T10:38:31+00:00","description":"Plastic pitched jar, PET jar, PET packaging","breadcrumb":{"@id":"https:\/\/metaloplastika.info\/product\/tegla-kosa-1-lit\/#breadcrumb"},"inLanguage":"en-GB","potentialAction":[{"@type":"ReadAction","target":["https:\/\/metaloplastika.info\/product\/tegla-kosa-1-lit\/"]}]},{"@type":"ImageObject","inLanguage":"en-GB","@id":"https:\/\/metaloplastika.info\/product\/tegla-kosa-1-lit\/#primaryimage","url":"https:\/\/metaloplastika.info\/wp-content\/uploads\/2018\/05\/10220-tegla-kosa-1-lit-2.jpg","contentUrl":"https:\/\/metaloplastika.info\/wp-content\/uploads\/2018\/05\/10220-tegla-kosa-1-lit-2.jpg","width":1200,"height":800,"caption":"Plasticna kosa tegla, 1 litar, pet tegle, pet ambalaza"},{"@type":"BreadcrumbList","@id":"https:\/\/metaloplastika.info\/product\/tegla-kosa-1-lit\/#breadcrumb","itemListElement":[{"@type":"ListItem","position":1,"name":"Home","item":"http:\/\/metaloplastika.info\/"},{"@type":"ListItem","position":2,"name":"\u041f\u0440\u043e\u0438\u0437\u0432\u043e\u0434\u0438","item":"https:\/\/metaloplastika.info\/shop\/"},{"@type":"ListItem","position":3,"name":"Tegla kosa 1 lit."}]},{"@type":"WebSite","@id":"http:\/\/metaloplastika.info\/#website","url":"http:\/\/metaloplastika.info\/","name":"metaloplastika","description":"Ukrasne saksije, saksije za rasad, zakacke za saksije, kontejneri","potentialAction":[{"@type":"SearchAction","target":{"@type":"EntryPoint","urlTemplate":"http:\/\/metaloplastika.info\/?s={search_term_string}"},"query-input":{"@type":"PropertyValueSpecification","valueRequired":true,"valueName":"search_term_string"}}],"inLanguage":"en-GB"}]}},"_links":{"self":[{"href":"https:\/\/metaloplastika.info\/en\/wp-json\/wp\/v2\/product\/688","targetHints":{"allow":["GET"]}}],"collection":[{"href":"https:\/\/metaloplastika.info\/en\/wp-json\/wp\/v2\/product"}],"about":[{"href":"https:\/\/metaloplastika.info\/en\/wp-json\/wp\/v2\/types\/product"}],"wp:featuredmedia":[{"embeddable":true,"href":"https:\/\/metaloplastika.info\/en\/wp-json\/wp\/v2\/media\/947"}],"wp:attachment":[{"href":"https:\/\/metaloplastika.info\/en\/wp-json\/wp\/v2\/media?parent=688"}],"wp:term":[{"taxonomy":"product_brand","embeddable":true,"href":"https:\/\/metaloplastika.info\/en\/wp-json\/wp\/v2\/product_brand?post=688"},{"taxonomy":"product_cat","embeddable":true,"href":"https:\/\/metaloplastika.info\/en\/wp-json\/wp\/v2\/product_cat?post=688"},{"taxonomy":"product_tag","embeddable":true,"href":"https:\/\/metaloplastika.info\/en\/wp-json\/wp\/v2\/product_tag?post=688"}],"curies":[{"name":"wp","href":"https:\/\/api.w.org\/{rel}","templated":true}]}}