{"id":670,"date":"2018-05-22T23:21:29","date_gmt":"2018-05-22T21:21:29","guid":{"rendered":"http:\/\/metaloplastika.info\/?post_type=product&#038;p=670"},"modified":"2018-08-06T08:50:19","modified_gmt":"2018-08-06T06:50:19","slug":"teglica-meda-037-lit","status":"publish","type":"product","link":"https:\/\/metaloplastika.info\/en\/product\/teglica-meda-037-lit\/","title":{"rendered":"Small jar \"Teddy Bear\" 0.37 lit."},"content":{"rendered":"<p>Plastic jar for honey, shape of bear, 370 ml, PET<\/p>\n<p>Jar for honey, volume of 370 ml. The jar is of an interesting shape and is clearly associated with the character of bear. Compact proportions, very useful volumes and excellent quality...<br \/>\nMake sure of the quality of our products!<\/p>","protected":false},"excerpt":{"rendered":"<p>All packaging is made of a colorless polymeric material, with no foreign stamps and residual odors, intended for packaging foodstuffs.<\/p>","protected":false},"featured_media":864,"template":"","meta":[],"product_brand":[],"product_cat":[73],"product_tag":[80,78,87,86,85],"class_list":{"0":"post-670","1":"product","2":"type-product","3":"status-publish","4":"has-post-thumbnail","6":"product_cat-tegle-mede","7":"product_tag-pet-ambalaza","8":"product_tag-plasticne-tegle","9":"product_tag-tegla-meda","10":"product_tag-tegla-za-med","11":"product_tag-teglica-za-med","13":"first","14":"instock","15":"shipping-taxable","16":"product-type-simple"},"yoast_head":"<!-- This site is optimized with the Yoast SEO plugin v27.2 - https:\/\/yoast.com\/product\/yoast-seo-wordpress\/ -->\n<title>Teglica \u201eMeda\u201c 0,37 lit. - Metaloplastika Sre\u0107kovi\u0107 Vrnja\u010dka Banja<\/title>\n<meta name=\"description\" content=\"Plasticna teglica za med, oblik mede 370 ml, pet\" \/>\n<meta name=\"robots\" content=\"index, follow, max-snippet:-1, max-image-preview:large, max-video-preview:-1\" \/>\n<link rel=\"canonical\" href=\"http:\/\/metaloplastika.info\/en\/product\/teglica-meda-037-lit\/\" \/>\n<meta property=\"og:locale\" content=\"en_GB\" \/>\n<meta property=\"og:type\" content=\"article\" \/>\n<meta property=\"og:title\" content=\"Teglica \u201eMeda\u201c 0,37 lit. - Metaloplastika Sre\u0107kovi\u0107 Vrnja\u010dka Banja\" \/>\n<meta property=\"og:description\" content=\"Plasticna teglica za med, oblik mede 370 ml, pet\" \/>\n<meta property=\"og:url\" content=\"http:\/\/metaloplastika.info\/en\/product\/teglica-meda-037-lit\/\" \/>\n<meta property=\"og:site_name\" content=\"metaloplastika\" \/>\n<meta property=\"article:modified_time\" content=\"2018-08-06T06:50:19+00:00\" \/>\n<meta property=\"og:image\" content=\"http:\/\/metaloplastika.info\/wp-content\/uploads\/2018\/05\/10203-tegla-meda-370-ml-1.jpg\" \/>\n\t<meta property=\"og:image:width\" content=\"1200\" \/>\n\t<meta property=\"og:image:height\" content=\"800\" \/>\n\t<meta property=\"og:image:type\" content=\"image\/jpeg\" \/>\n<meta name=\"twitter:card\" content=\"summary_large_image\" \/>\n<script type=\"application\/ld+json\" class=\"yoast-schema-graph\">{\"@context\":\"https:\/\/schema.org\",\"@graph\":[{\"@type\":\"WebPage\",\"@id\":\"http:\/\/metaloplastika.info\/product\/teglica-meda-037-lit\/\",\"url\":\"http:\/\/metaloplastika.info\/product\/teglica-meda-037-lit\/\",\"name\":\"Teglica \u201eMeda\u201c 0,37 lit. - Metaloplastika Sre\u0107kovi\u0107 Vrnja\u010dka Banja\",\"isPartOf\":{\"@id\":\"http:\/\/metaloplastika.info\/#website\"},\"primaryImageOfPage\":{\"@id\":\"http:\/\/metaloplastika.info\/product\/teglica-meda-037-lit\/#primaryimage\"},\"image\":{\"@id\":\"http:\/\/metaloplastika.info\/product\/teglica-meda-037-lit\/#primaryimage\"},\"thumbnailUrl\":\"https:\/\/metaloplastika.info\/wp-content\/uploads\/2018\/05\/10203-tegla-meda-370-ml-1.jpg\",\"datePublished\":\"2018-05-22T21:21:29+00:00\",\"dateModified\":\"2018-08-06T06:50:19+00:00\",\"description\":\"Plasticna teglica za med, oblik mede 370 ml, pet\",\"breadcrumb\":{\"@id\":\"http:\/\/metaloplastika.info\/product\/teglica-meda-037-lit\/#breadcrumb\"},\"inLanguage\":\"en-GB\",\"potentialAction\":[{\"@type\":\"ReadAction\",\"target\":[\"http:\/\/metaloplastika.info\/product\/teglica-meda-037-lit\/\"]}]},{\"@type\":\"ImageObject\",\"inLanguage\":\"en-GB\",\"@id\":\"http:\/\/metaloplastika.info\/product\/teglica-meda-037-lit\/#primaryimage\",\"url\":\"https:\/\/metaloplastika.info\/wp-content\/uploads\/2018\/05\/10203-tegla-meda-370-ml-1.jpg\",\"contentUrl\":\"https:\/\/metaloplastika.info\/wp-content\/uploads\/2018\/05\/10203-tegla-meda-370-ml-1.jpg\",\"width\":1200,\"height\":800,\"caption\":\"Plasticna teglica za med, oblik mede 370 ml, pet\"},{\"@type\":\"BreadcrumbList\",\"@id\":\"http:\/\/metaloplastika.info\/product\/teglica-meda-037-lit\/#breadcrumb\",\"itemListElement\":[{\"@type\":\"ListItem\",\"position\":1,\"name\":\"Home\",\"item\":\"http:\/\/metaloplastika.info\/\"},{\"@type\":\"ListItem\",\"position\":2,\"name\":\"\u041f\u0440\u043e\u0438\u0437\u0432\u043e\u0434\u0438\",\"item\":\"http:\/\/metaloplastika.info\/shop\/\"},{\"@type\":\"ListItem\",\"position\":3,\"name\":\"Teglica \u201eMeda\u201c 0,37 lit.\"}]},{\"@type\":\"WebSite\",\"@id\":\"http:\/\/metaloplastika.info\/#website\",\"url\":\"http:\/\/metaloplastika.info\/\",\"name\":\"metaloplastika\",\"description\":\"Ukrasne saksije, saksije za rasad, zakacke za saksije, kontejneri\",\"potentialAction\":[{\"@type\":\"SearchAction\",\"target\":{\"@type\":\"EntryPoint\",\"urlTemplate\":\"http:\/\/metaloplastika.info\/?s={search_term_string}\"},\"query-input\":{\"@type\":\"PropertyValueSpecification\",\"valueRequired\":true,\"valueName\":\"search_term_string\"}}],\"inLanguage\":\"en-GB\"}]}<\/script>\n<!-- \/ Yoast SEO plugin. -->","yoast_head_json":{"title":"Teglica \u201eMeda\u201c 0,37 lit. - Metaloplastika Sre\u0107kovi\u0107 Vrnja\u010dka Banja","description":"Plastic jar for honey, shape of bear, 370 ml, PET","robots":{"index":"index","follow":"follow","max-snippet":"max-snippet:-1","max-image-preview":"max-image-preview:large","max-video-preview":"max-video-preview:-1"},"canonical":"http:\/\/metaloplastika.info\/en\/product\/teglica-meda-037-lit\/","og_locale":"en_GB","og_type":"article","og_title":"Teglica \u201eMeda\u201c 0,37 lit. - Metaloplastika Sre\u0107kovi\u0107 Vrnja\u010dka Banja","og_description":"Plasticna teglica za med, oblik mede 370 ml, pet","og_url":"http:\/\/metaloplastika.info\/en\/product\/teglica-meda-037-lit\/","og_site_name":"metaloplastika","article_modified_time":"2018-08-06T06:50:19+00:00","og_image":[{"width":1200,"height":800,"url":"http:\/\/metaloplastika.info\/wp-content\/uploads\/2018\/05\/10203-tegla-meda-370-ml-1.jpg","type":"image\/jpeg"}],"twitter_card":"summary_large_image","schema":{"@context":"https:\/\/schema.org","@graph":[{"@type":"WebPage","@id":"http:\/\/metaloplastika.info\/product\/teglica-meda-037-lit\/","url":"http:\/\/metaloplastika.info\/product\/teglica-meda-037-lit\/","name":"Teglica \u201eMeda\u201c 0,37 lit. - Metaloplastika Sre\u0107kovi\u0107 Vrnja\u010dka Banja","isPartOf":{"@id":"http:\/\/metaloplastika.info\/#website"},"primaryImageOfPage":{"@id":"http:\/\/metaloplastika.info\/product\/teglica-meda-037-lit\/#primaryimage"},"image":{"@id":"http:\/\/metaloplastika.info\/product\/teglica-meda-037-lit\/#primaryimage"},"thumbnailUrl":"https:\/\/metaloplastika.info\/wp-content\/uploads\/2018\/05\/10203-tegla-meda-370-ml-1.jpg","datePublished":"2018-05-22T21:21:29+00:00","dateModified":"2018-08-06T06:50:19+00:00","description":"Plastic jar for honey, shape of bear, 370 ml, PET","breadcrumb":{"@id":"http:\/\/metaloplastika.info\/product\/teglica-meda-037-lit\/#breadcrumb"},"inLanguage":"en-GB","potentialAction":[{"@type":"ReadAction","target":["http:\/\/metaloplastika.info\/product\/teglica-meda-037-lit\/"]}]},{"@type":"ImageObject","inLanguage":"en-GB","@id":"http:\/\/metaloplastika.info\/product\/teglica-meda-037-lit\/#primaryimage","url":"https:\/\/metaloplastika.info\/wp-content\/uploads\/2018\/05\/10203-tegla-meda-370-ml-1.jpg","contentUrl":"https:\/\/metaloplastika.info\/wp-content\/uploads\/2018\/05\/10203-tegla-meda-370-ml-1.jpg","width":1200,"height":800,"caption":"Plasticna teglica za med, oblik mede 370 ml, pet"},{"@type":"BreadcrumbList","@id":"http:\/\/metaloplastika.info\/product\/teglica-meda-037-lit\/#breadcrumb","itemListElement":[{"@type":"ListItem","position":1,"name":"Home","item":"http:\/\/metaloplastika.info\/"},{"@type":"ListItem","position":2,"name":"\u041f\u0440\u043e\u0438\u0437\u0432\u043e\u0434\u0438","item":"http:\/\/metaloplastika.info\/shop\/"},{"@type":"ListItem","position":3,"name":"Teglica \u201eMeda\u201c 0,37 lit."}]},{"@type":"WebSite","@id":"http:\/\/metaloplastika.info\/#website","url":"http:\/\/metaloplastika.info\/","name":"metaloplastika","description":"Ukrasne saksije, saksije za rasad, zakacke za saksije, kontejneri","potentialAction":[{"@type":"SearchAction","target":{"@type":"EntryPoint","urlTemplate":"http:\/\/metaloplastika.info\/?s={search_term_string}"},"query-input":{"@type":"PropertyValueSpecification","valueRequired":true,"valueName":"search_term_string"}}],"inLanguage":"en-GB"}]}},"_links":{"self":[{"href":"https:\/\/metaloplastika.info\/en\/wp-json\/wp\/v2\/product\/670","targetHints":{"allow":["GET"]}}],"collection":[{"href":"https:\/\/metaloplastika.info\/en\/wp-json\/wp\/v2\/product"}],"about":[{"href":"https:\/\/metaloplastika.info\/en\/wp-json\/wp\/v2\/types\/product"}],"wp:featuredmedia":[{"embeddable":true,"href":"https:\/\/metaloplastika.info\/en\/wp-json\/wp\/v2\/media\/864"}],"wp:attachment":[{"href":"https:\/\/metaloplastika.info\/en\/wp-json\/wp\/v2\/media?parent=670"}],"wp:term":[{"taxonomy":"product_brand","embeddable":true,"href":"https:\/\/metaloplastika.info\/en\/wp-json\/wp\/v2\/product_brand?post=670"},{"taxonomy":"product_cat","embeddable":true,"href":"https:\/\/metaloplastika.info\/en\/wp-json\/wp\/v2\/product_cat?post=670"},{"taxonomy":"product_tag","embeddable":true,"href":"https:\/\/metaloplastika.info\/en\/wp-json\/wp\/v2\/product_tag?post=670"}],"curies":[{"name":"wp","href":"https:\/\/api.w.org\/{rel}","templated":true}]}}