{"id":203,"date":"2017-07-18T22:55:36","date_gmt":"2017-07-18T20:55:36","guid":{"rendered":"http:\/\/metaloplastika.info\/?post_type=product&#038;p=203"},"modified":"2020-10-08T00:20:49","modified_gmt":"2020-10-07T22:20:49","slug":"zakacka-mala","status":"publish","type":"product","link":"https:\/\/metaloplastika.info\/en\/product\/zakacka-mala\/","title":{"rendered":"Hook small"},"content":{"rendered":"","protected":false},"excerpt":{"rendered":"<p>HOOKS FOR HANGING TERRACOTTA POTS is manufactured in three dimensions and various colors,<span class=\"style5\"> and is manufacturing from highest quality plastic\u2026<\/span><\/p>","protected":false},"featured_media":1337,"template":"","meta":[],"product_brand":[],"product_cat":[30],"product_tag":[26,24,27,28,31],"class_list":{"0":"post-203","1":"product","2":"type-product","3":"status-publish","4":"has-post-thumbnail","6":"product_cat-zakacke-za-visece-saksije","7":"product_tag-saksija","8":"product_tag-saksije","9":"product_tag-viseca-saksija","10":"product_tag-visece-saksije","11":"product_tag-zakacke-za-visece-saksije","13":"first","14":"instock","15":"shipping-taxable","16":"product-type-simple"},"yoast_head":"<!-- This site is optimized with the Yoast SEO plugin v27.2 - https:\/\/yoast.com\/product\/yoast-seo-wordpress\/ -->\n<title>Zaka\u010dka za vise\u0107e saksije, mala - Metaloplastika Vrnja\u010dka Banja<\/title>\n<meta name=\"description\" content=\"Zaka\u010dke za vise\u0107e saksije proizvode se u tri dimenzije i vi\u0161e boja, i napravljene su od najkvalitetnije plastike. Uverite se u kvalitet!\" \/>\n<meta name=\"robots\" content=\"index, follow, max-snippet:-1, max-image-preview:large, max-video-preview:-1\" \/>\n<link rel=\"canonical\" href=\"http:\/\/metaloplastika.info\/en\/product\/zakacka-mala\/\" \/>\n<meta property=\"og:locale\" content=\"en_GB\" \/>\n<meta property=\"og:type\" content=\"article\" \/>\n<meta property=\"og:title\" content=\"Zaka\u010dka za vise\u0107e saksije, mala - Metaloplastika Vrnja\u010dka Banja\" \/>\n<meta property=\"og:description\" content=\"Zaka\u010dke za vise\u0107e saksije proizvode se u tri dimenzije i vi\u0161e boja, i napravljene su od najkvalitetnije plastike. Uverite se u kvalitet!\" \/>\n<meta property=\"og:url\" content=\"http:\/\/metaloplastika.info\/en\/product\/zakacka-mala\/\" \/>\n<meta property=\"og:site_name\" content=\"metaloplastika\" \/>\n<meta property=\"article:modified_time\" content=\"2020-10-07T22:20:49+00:00\" \/>\n<meta property=\"og:image\" content=\"http:\/\/metaloplastika.info\/wp-content\/uploads\/2017\/07\/oblik-zakacka-mala-1.jpg\" \/>\n\t<meta property=\"og:image:width\" content=\"800\" \/>\n\t<meta property=\"og:image:height\" content=\"600\" \/>\n\t<meta property=\"og:image:type\" content=\"image\/jpeg\" \/>\n<meta name=\"twitter:card\" content=\"summary_large_image\" \/>\n<script type=\"application\/ld+json\" class=\"yoast-schema-graph\">{\"@context\":\"https:\/\/schema.org\",\"@graph\":[{\"@type\":\"WebPage\",\"@id\":\"http:\/\/metaloplastika.info\/product\/zakacka-mala\/\",\"url\":\"http:\/\/metaloplastika.info\/product\/zakacka-mala\/\",\"name\":\"Zaka\u010dka za vise\u0107e saksije, mala - Metaloplastika Vrnja\u010dka Banja\",\"isPartOf\":{\"@id\":\"https:\/\/metaloplastika.info\/#website\"},\"primaryImageOfPage\":{\"@id\":\"http:\/\/metaloplastika.info\/product\/zakacka-mala\/#primaryimage\"},\"image\":{\"@id\":\"http:\/\/metaloplastika.info\/product\/zakacka-mala\/#primaryimage\"},\"thumbnailUrl\":\"https:\/\/metaloplastika.info\/wp-content\/uploads\/2017\/07\/oblik-zakacka-mala-1.jpg\",\"datePublished\":\"2017-07-18T20:55:36+00:00\",\"dateModified\":\"2020-10-07T22:20:49+00:00\",\"description\":\"Zaka\u010dke za vise\u0107e saksije proizvode se u tri dimenzije i vi\u0161e boja, i napravljene su od najkvalitetnije plastike. Uverite se u kvalitet!\",\"breadcrumb\":{\"@id\":\"http:\/\/metaloplastika.info\/product\/zakacka-mala\/#breadcrumb\"},\"inLanguage\":\"en-GB\",\"potentialAction\":[{\"@type\":\"ReadAction\",\"target\":[\"http:\/\/metaloplastika.info\/product\/zakacka-mala\/\"]}]},{\"@type\":\"ImageObject\",\"inLanguage\":\"en-GB\",\"@id\":\"http:\/\/metaloplastika.info\/product\/zakacka-mala\/#primaryimage\",\"url\":\"https:\/\/metaloplastika.info\/wp-content\/uploads\/2017\/07\/oblik-zakacka-mala-1.jpg\",\"contentUrl\":\"https:\/\/metaloplastika.info\/wp-content\/uploads\/2017\/07\/oblik-zakacka-mala-1.jpg\",\"width\":800,\"height\":600,\"caption\":\"mala zakacka za visece saksije\"},{\"@type\":\"BreadcrumbList\",\"@id\":\"http:\/\/metaloplastika.info\/product\/zakacka-mala\/#breadcrumb\",\"itemListElement\":[{\"@type\":\"ListItem\",\"position\":1,\"name\":\"Home\",\"item\":\"https:\/\/metaloplastika.info\/\"},{\"@type\":\"ListItem\",\"position\":2,\"name\":\"\u041f\u0440\u043e\u0438\u0437\u0432\u043e\u0434\u0438\",\"item\":\"https:\/\/metaloplastika.info\/shop\/\"},{\"@type\":\"ListItem\",\"position\":3,\"name\":\"Zaka\u010dka mala\"}]},{\"@type\":\"WebSite\",\"@id\":\"https:\/\/metaloplastika.info\/#website\",\"url\":\"https:\/\/metaloplastika.info\/\",\"name\":\"metaloplastika\",\"description\":\"Ukrasne saksije, saksije za rasad, zakacke za saksije, kontejneri\",\"potentialAction\":[{\"@type\":\"SearchAction\",\"target\":{\"@type\":\"EntryPoint\",\"urlTemplate\":\"https:\/\/metaloplastika.info\/?s={search_term_string}\"},\"query-input\":{\"@type\":\"PropertyValueSpecification\",\"valueRequired\":true,\"valueName\":\"search_term_string\"}}],\"inLanguage\":\"en-GB\"}]}<\/script>\n<!-- \/ Yoast SEO plugin. -->","yoast_head_json":{"title":"Zaka\u010dka za vise\u0107e saksije, mala - Metaloplastika Vrnja\u010dka Banja","description":"Zaka\u010dke za vise\u0107e saksije proizvode se u tri dimenzije i vi\u0161e boja, i napravljene su od najkvalitetnije plastike. Uverite se u kvalitet!","robots":{"index":"index","follow":"follow","max-snippet":"max-snippet:-1","max-image-preview":"max-image-preview:large","max-video-preview":"max-video-preview:-1"},"canonical":"http:\/\/metaloplastika.info\/en\/product\/zakacka-mala\/","og_locale":"en_GB","og_type":"article","og_title":"Zaka\u010dka za vise\u0107e saksije, mala - Metaloplastika Vrnja\u010dka Banja","og_description":"Zaka\u010dke za vise\u0107e saksije proizvode se u tri dimenzije i vi\u0161e boja, i napravljene su od najkvalitetnije plastike. Uverite se u kvalitet!","og_url":"http:\/\/metaloplastika.info\/en\/product\/zakacka-mala\/","og_site_name":"metaloplastika","article_modified_time":"2020-10-07T22:20:49+00:00","og_image":[{"width":800,"height":600,"url":"http:\/\/metaloplastika.info\/wp-content\/uploads\/2017\/07\/oblik-zakacka-mala-1.jpg","type":"image\/jpeg"}],"twitter_card":"summary_large_image","schema":{"@context":"https:\/\/schema.org","@graph":[{"@type":"WebPage","@id":"http:\/\/metaloplastika.info\/product\/zakacka-mala\/","url":"http:\/\/metaloplastika.info\/product\/zakacka-mala\/","name":"Zaka\u010dka za vise\u0107e saksije, mala - Metaloplastika Vrnja\u010dka Banja","isPartOf":{"@id":"https:\/\/metaloplastika.info\/#website"},"primaryImageOfPage":{"@id":"http:\/\/metaloplastika.info\/product\/zakacka-mala\/#primaryimage"},"image":{"@id":"http:\/\/metaloplastika.info\/product\/zakacka-mala\/#primaryimage"},"thumbnailUrl":"https:\/\/metaloplastika.info\/wp-content\/uploads\/2017\/07\/oblik-zakacka-mala-1.jpg","datePublished":"2017-07-18T20:55:36+00:00","dateModified":"2020-10-07T22:20:49+00:00","description":"Zaka\u010dke za vise\u0107e saksije proizvode se u tri dimenzije i vi\u0161e boja, i napravljene su od najkvalitetnije plastike. Uverite se u kvalitet!","breadcrumb":{"@id":"http:\/\/metaloplastika.info\/product\/zakacka-mala\/#breadcrumb"},"inLanguage":"en-GB","potentialAction":[{"@type":"ReadAction","target":["http:\/\/metaloplastika.info\/product\/zakacka-mala\/"]}]},{"@type":"ImageObject","inLanguage":"en-GB","@id":"http:\/\/metaloplastika.info\/product\/zakacka-mala\/#primaryimage","url":"https:\/\/metaloplastika.info\/wp-content\/uploads\/2017\/07\/oblik-zakacka-mala-1.jpg","contentUrl":"https:\/\/metaloplastika.info\/wp-content\/uploads\/2017\/07\/oblik-zakacka-mala-1.jpg","width":800,"height":600,"caption":"mala zakacka za visece saksije"},{"@type":"BreadcrumbList","@id":"http:\/\/metaloplastika.info\/product\/zakacka-mala\/#breadcrumb","itemListElement":[{"@type":"ListItem","position":1,"name":"Home","item":"https:\/\/metaloplastika.info\/"},{"@type":"ListItem","position":2,"name":"\u041f\u0440\u043e\u0438\u0437\u0432\u043e\u0434\u0438","item":"https:\/\/metaloplastika.info\/shop\/"},{"@type":"ListItem","position":3,"name":"Zaka\u010dka mala"}]},{"@type":"WebSite","@id":"https:\/\/metaloplastika.info\/#website","url":"https:\/\/metaloplastika.info\/","name":"metaloplastika","description":"Ukrasne saksije, saksije za rasad, zakacke za saksije, kontejneri","potentialAction":[{"@type":"SearchAction","target":{"@type":"EntryPoint","urlTemplate":"https:\/\/metaloplastika.info\/?s={search_term_string}"},"query-input":{"@type":"PropertyValueSpecification","valueRequired":true,"valueName":"search_term_string"}}],"inLanguage":"en-GB"}]}},"_links":{"self":[{"href":"https:\/\/metaloplastika.info\/en\/wp-json\/wp\/v2\/product\/203","targetHints":{"allow":["GET"]}}],"collection":[{"href":"https:\/\/metaloplastika.info\/en\/wp-json\/wp\/v2\/product"}],"about":[{"href":"https:\/\/metaloplastika.info\/en\/wp-json\/wp\/v2\/types\/product"}],"wp:featuredmedia":[{"embeddable":true,"href":"https:\/\/metaloplastika.info\/en\/wp-json\/wp\/v2\/media\/1337"}],"wp:attachment":[{"href":"https:\/\/metaloplastika.info\/en\/wp-json\/wp\/v2\/media?parent=203"}],"wp:term":[{"taxonomy":"product_brand","embeddable":true,"href":"https:\/\/metaloplastika.info\/en\/wp-json\/wp\/v2\/product_brand?post=203"},{"taxonomy":"product_cat","embeddable":true,"href":"https:\/\/metaloplastika.info\/en\/wp-json\/wp\/v2\/product_cat?post=203"},{"taxonomy":"product_tag","embeddable":true,"href":"https:\/\/metaloplastika.info\/en\/wp-json\/wp\/v2\/product_tag?post=203"}],"curies":[{"name":"wp","href":"https:\/\/api.w.org\/{rel}","templated":true}]}}