{"id":192,"date":"2017-07-18T22:47:37","date_gmt":"2017-07-18T20:47:37","guid":{"rendered":"http:\/\/metaloplastika.info\/?post_type=product&#038;p=192"},"modified":"2020-11-27T20:57:51","modified_gmt":"2020-11-27T18:57:51","slug":"viseca-saksija-ukrasna-o-30-duboka","status":"publish","type":"product","link":"https:\/\/metaloplastika.info\/en\/product\/viseca-saksija-ukrasna-o-30-duboka\/","title":{"rendered":"Hanging pot DECORATIVE \u00d8 30 cm deep"},"content":{"rendered":"<p>Our pots are dual-layered. Pitch is 5\u00b0.<br \/>\nThe advantage of such a design is that the inner black foil who the winter protects the plant from the cold, while in the summer keeps it from the strong sun. That's why the plants in our pots are 30 to 40% better!<\/p>","protected":false},"excerpt":{"rendered":"<p>Na\u0161e saksije su dvoslojne. Nagib je 5\u00b0. Prednost takve izrade je u tome \u0161to je unutra\u0161nja folija crne boje koja zimi \u0161titi biljku od hladno\u0107e, a leti \u010duva od jakog sunca. Zato su biljke u na\u0161im saksijama od 30 do 40% kvalitetnije!<\/p>","protected":false},"featured_media":0,"template":"","meta":[],"product_brand":[],"product_cat":[22],"product_tag":[26,24,27,29,28],"class_list":{"0":"post-192","1":"product","2":"type-product","3":"status-publish","5":"product_cat-visece-saksije-ukrasne","6":"product_tag-saksija","7":"product_tag-saksije","8":"product_tag-viseca-saksija","9":"product_tag-viseca-ukrasna-saksija","10":"product_tag-visece-saksije","12":"first","13":"instock","14":"shipping-taxable","15":"product-type-simple"},"yoast_head":"<!-- This site is optimized with the Yoast SEO plugin v27.2 - https:\/\/yoast.com\/product\/yoast-seo-wordpress\/ -->\n<title>Vise\u0107a saksija UKRASNA \u00d8 30 cm duboka - metaloplastika Sreckovic<\/title>\n<meta name=\"description\" content=\"ukrasne visece saksije, plasticna saksija sa zakackom, saksije od plastike, visece saksije, velika viseca saksija, duboka saksija\" \/>\n<meta name=\"robots\" content=\"index, follow, max-snippet:-1, max-image-preview:large, max-video-preview:-1\" \/>\n<link rel=\"canonical\" href=\"https:\/\/metaloplastika.info\/en\/product\/viseca-saksija-ukrasna-o-30-duboka\/\" \/>\n<meta property=\"og:locale\" content=\"en_GB\" \/>\n<meta property=\"og:type\" content=\"article\" \/>\n<meta property=\"og:title\" content=\"Vise\u0107a saksija UKRASNA \u00d8 30 cm duboka - metaloplastika Sreckovic\" \/>\n<meta property=\"og:description\" content=\"ukrasne visece saksije, plasticna saksija sa zakackom, saksije od plastike, visece saksije, velika viseca saksija, duboka saksija\" \/>\n<meta property=\"og:url\" content=\"https:\/\/metaloplastika.info\/en\/product\/viseca-saksija-ukrasna-o-30-duboka\/\" \/>\n<meta property=\"og:site_name\" content=\"metaloplastika\" \/>\n<meta property=\"article:modified_time\" content=\"2020-11-27T18:57:51+00:00\" \/>\n<meta name=\"twitter:card\" content=\"summary_large_image\" \/>\n<script type=\"application\/ld+json\" class=\"yoast-schema-graph\">{\"@context\":\"https:\/\/schema.org\",\"@graph\":[{\"@type\":\"WebPage\",\"@id\":\"https:\/\/metaloplastika.info\/product\/viseca-saksija-ukrasna-o-30-duboka\/\",\"url\":\"https:\/\/metaloplastika.info\/product\/viseca-saksija-ukrasna-o-30-duboka\/\",\"name\":\"Vise\u0107a saksija UKRASNA \u00d8 30 cm duboka - metaloplastika Sreckovic\",\"isPartOf\":{\"@id\":\"https:\/\/metaloplastika.info\/#website\"},\"datePublished\":\"2017-07-18T20:47:37+00:00\",\"dateModified\":\"2020-11-27T18:57:51+00:00\",\"description\":\"ukrasne visece saksije, plasticna saksija sa zakackom, saksije od plastike, visece saksije, velika viseca saksija, duboka saksija\",\"breadcrumb\":{\"@id\":\"https:\/\/metaloplastika.info\/product\/viseca-saksija-ukrasna-o-30-duboka\/#breadcrumb\"},\"inLanguage\":\"en-GB\",\"potentialAction\":[{\"@type\":\"ReadAction\",\"target\":[\"https:\/\/metaloplastika.info\/product\/viseca-saksija-ukrasna-o-30-duboka\/\"]}]},{\"@type\":\"BreadcrumbList\",\"@id\":\"https:\/\/metaloplastika.info\/product\/viseca-saksija-ukrasna-o-30-duboka\/#breadcrumb\",\"itemListElement\":[{\"@type\":\"ListItem\",\"position\":1,\"name\":\"Home\",\"item\":\"https:\/\/metaloplastika.info\/\"},{\"@type\":\"ListItem\",\"position\":2,\"name\":\"\u041f\u0440\u043e\u0438\u0437\u0432\u043e\u0434\u0438\",\"item\":\"https:\/\/metaloplastika.info\/shop\/\"},{\"@type\":\"ListItem\",\"position\":3,\"name\":\"Vise\u0107a saksija UKRASNA \u00d8 30 cm duboka\"}]},{\"@type\":\"WebSite\",\"@id\":\"https:\/\/metaloplastika.info\/#website\",\"url\":\"https:\/\/metaloplastika.info\/\",\"name\":\"metaloplastika\",\"description\":\"Ukrasne saksije, saksije za rasad, zakacke za saksije, kontejneri\",\"potentialAction\":[{\"@type\":\"SearchAction\",\"target\":{\"@type\":\"EntryPoint\",\"urlTemplate\":\"https:\/\/metaloplastika.info\/?s={search_term_string}\"},\"query-input\":{\"@type\":\"PropertyValueSpecification\",\"valueRequired\":true,\"valueName\":\"search_term_string\"}}],\"inLanguage\":\"en-GB\"}]}<\/script>\n<!-- \/ Yoast SEO plugin. -->","yoast_head_json":{"title":"Vise\u0107a saksija UKRASNA \u00d8 30 cm duboka - metaloplastika Sreckovic","description":"ukrasne visece saksije, plasticna saksija sa zakackom, saksije od plastike, visece saksije, velika viseca saksija, duboka saksija","robots":{"index":"index","follow":"follow","max-snippet":"max-snippet:-1","max-image-preview":"max-image-preview:large","max-video-preview":"max-video-preview:-1"},"canonical":"https:\/\/metaloplastika.info\/en\/product\/viseca-saksija-ukrasna-o-30-duboka\/","og_locale":"en_GB","og_type":"article","og_title":"Vise\u0107a saksija UKRASNA \u00d8 30 cm duboka - metaloplastika Sreckovic","og_description":"ukrasne visece saksije, plasticna saksija sa zakackom, saksije od plastike, visece saksije, velika viseca saksija, duboka saksija","og_url":"https:\/\/metaloplastika.info\/en\/product\/viseca-saksija-ukrasna-o-30-duboka\/","og_site_name":"metaloplastika","article_modified_time":"2020-11-27T18:57:51+00:00","twitter_card":"summary_large_image","schema":{"@context":"https:\/\/schema.org","@graph":[{"@type":"WebPage","@id":"https:\/\/metaloplastika.info\/product\/viseca-saksija-ukrasna-o-30-duboka\/","url":"https:\/\/metaloplastika.info\/product\/viseca-saksija-ukrasna-o-30-duboka\/","name":"Vise\u0107a saksija UKRASNA \u00d8 30 cm duboka - metaloplastika Sreckovic","isPartOf":{"@id":"https:\/\/metaloplastika.info\/#website"},"datePublished":"2017-07-18T20:47:37+00:00","dateModified":"2020-11-27T18:57:51+00:00","description":"ukrasne visece saksije, plasticna saksija sa zakackom, saksije od plastike, visece saksije, velika viseca saksija, duboka saksija","breadcrumb":{"@id":"https:\/\/metaloplastika.info\/product\/viseca-saksija-ukrasna-o-30-duboka\/#breadcrumb"},"inLanguage":"en-GB","potentialAction":[{"@type":"ReadAction","target":["https:\/\/metaloplastika.info\/product\/viseca-saksija-ukrasna-o-30-duboka\/"]}]},{"@type":"BreadcrumbList","@id":"https:\/\/metaloplastika.info\/product\/viseca-saksija-ukrasna-o-30-duboka\/#breadcrumb","itemListElement":[{"@type":"ListItem","position":1,"name":"Home","item":"https:\/\/metaloplastika.info\/"},{"@type":"ListItem","position":2,"name":"\u041f\u0440\u043e\u0438\u0437\u0432\u043e\u0434\u0438","item":"https:\/\/metaloplastika.info\/shop\/"},{"@type":"ListItem","position":3,"name":"Vise\u0107a saksija UKRASNA \u00d8 30 cm duboka"}]},{"@type":"WebSite","@id":"https:\/\/metaloplastika.info\/#website","url":"https:\/\/metaloplastika.info\/","name":"metaloplastika","description":"Ukrasne saksije, saksije za rasad, zakacke za saksije, kontejneri","potentialAction":[{"@type":"SearchAction","target":{"@type":"EntryPoint","urlTemplate":"https:\/\/metaloplastika.info\/?s={search_term_string}"},"query-input":{"@type":"PropertyValueSpecification","valueRequired":true,"valueName":"search_term_string"}}],"inLanguage":"en-GB"}]}},"_links":{"self":[{"href":"https:\/\/metaloplastika.info\/en\/wp-json\/wp\/v2\/product\/192","targetHints":{"allow":["GET"]}}],"collection":[{"href":"https:\/\/metaloplastika.info\/en\/wp-json\/wp\/v2\/product"}],"about":[{"href":"https:\/\/metaloplastika.info\/en\/wp-json\/wp\/v2\/types\/product"}],"wp:attachment":[{"href":"https:\/\/metaloplastika.info\/en\/wp-json\/wp\/v2\/media?parent=192"}],"wp:term":[{"taxonomy":"product_brand","embeddable":true,"href":"https:\/\/metaloplastika.info\/en\/wp-json\/wp\/v2\/product_brand?post=192"},{"taxonomy":"product_cat","embeddable":true,"href":"https:\/\/metaloplastika.info\/en\/wp-json\/wp\/v2\/product_cat?post=192"},{"taxonomy":"product_tag","embeddable":true,"href":"https:\/\/metaloplastika.info\/en\/wp-json\/wp\/v2\/product_tag?post=192"}],"curies":[{"name":"wp","href":"https:\/\/api.w.org\/{rel}","templated":true}]}}