{"id":167,"date":"2017-07-18T22:33:12","date_gmt":"2017-07-18T20:33:12","guid":{"rendered":"http:\/\/metaloplastika.info\/?post_type=product&#038;p=167"},"modified":"2020-01-14T22:28:40","modified_gmt":"2020-01-14T20:28:40","slug":"viseca-saksija-obicna-fi-23cm","status":"publish","type":"product","link":"https:\/\/metaloplastika.info\/en\/product\/viseca-saksija-obicna-fi-23cm\/","title":{"rendered":"Hanging pot REGULAR \u00d8 23 cm"},"content":{"rendered":"<p>Our pots are dual-layered. Pitch is 5\u00b0.<br \/>\nThe advantage of such a design is that the inner black foil who the winter protects the plant from the cold, while in the summer keeps it from the strong sun. That's why the plants in our pots are 30 to 40% better!<\/p>","protected":false},"excerpt":{"rendered":"<p>Our pots are dual-layered. Pitch is 5\u00b0.<br \/>\nThe advantage of such a design is that the inner black foil who the winter protects the plant from the cold, while in the summer keeps it from the strong sun. That's why the plants in our pots are 30 to 40% better!<\/p>","protected":false},"featured_media":1182,"template":"","meta":[],"product_brand":[],"product_cat":[21],"product_tag":[26,24,27,28],"class_list":{"0":"post-167","1":"product","2":"type-product","3":"status-publish","4":"has-post-thumbnail","6":"product_cat-visece-saksije-obicne","7":"product_tag-saksija","8":"product_tag-saksije","9":"product_tag-viseca-saksija","10":"product_tag-visece-saksije","12":"first","13":"instock","14":"shipping-taxable","15":"product-type-simple"},"yoast_head":"<!-- This site is optimized with the Yoast SEO plugin v27.2 - https:\/\/yoast.com\/product\/yoast-seo-wordpress\/ -->\n<title>Vise\u0107a saksija OBI\u010cNA \u00d8 23 cm - metaloplastika Sreckovic<\/title>\n<meta name=\"description\" content=\"viseca saksija obicna, fi 23, metaloplastika sreckovic, plasticna viseca saksija, plasticne saksije, saksija sa zakackom, viseca saksija\" \/>\n<meta name=\"robots\" content=\"index, follow, max-snippet:-1, max-image-preview:large, max-video-preview:-1\" \/>\n<link rel=\"canonical\" href=\"https:\/\/metaloplastika.info\/en\/product\/viseca-saksija-obicna-fi-23cm\/\" \/>\n<meta property=\"og:locale\" content=\"en_GB\" \/>\n<meta property=\"og:type\" content=\"article\" \/>\n<meta property=\"og:title\" content=\"Vise\u0107a saksija OBI\u010cNA \u00d8 23 cm - metaloplastika Sreckovic\" \/>\n<meta property=\"og:description\" content=\"viseca saksija obicna, fi 23, metaloplastika sreckovic, plasticna viseca saksija, plasticne saksije, saksija sa zakackom, viseca saksija\" \/>\n<meta property=\"og:url\" content=\"https:\/\/metaloplastika.info\/en\/product\/viseca-saksija-obicna-fi-23cm\/\" \/>\n<meta property=\"og:site_name\" content=\"metaloplastika\" \/>\n<meta property=\"article:modified_time\" content=\"2020-01-14T20:28:40+00:00\" \/>\n<meta property=\"og:image\" content=\"https:\/\/metaloplastika.info\/wp-content\/uploads\/2017\/07\/saksija-viseca-obicna-23a.jpg\" \/>\n\t<meta property=\"og:image:width\" content=\"1000\" \/>\n\t<meta property=\"og:image:height\" content=\"800\" \/>\n\t<meta property=\"og:image:type\" content=\"image\/jpeg\" \/>\n<meta name=\"twitter:card\" content=\"summary_large_image\" \/>\n<script type=\"application\/ld+json\" class=\"yoast-schema-graph\">{\"@context\":\"https:\/\/schema.org\",\"@graph\":[{\"@type\":\"WebPage\",\"@id\":\"https:\/\/metaloplastika.info\/en\/product\/viseca-saksija-obicna-fi-23cm\/\",\"url\":\"https:\/\/metaloplastika.info\/en\/product\/viseca-saksija-obicna-fi-23cm\/\",\"name\":\"Vise\u0107a saksija OBI\u010cNA \u00d8 23 cm - metaloplastika Sreckovic\",\"isPartOf\":{\"@id\":\"http:\/\/metaloplastika.info\/#website\"},\"primaryImageOfPage\":{\"@id\":\"https:\/\/metaloplastika.info\/en\/product\/viseca-saksija-obicna-fi-23cm\/#primaryimage\"},\"image\":{\"@id\":\"https:\/\/metaloplastika.info\/en\/product\/viseca-saksija-obicna-fi-23cm\/#primaryimage\"},\"thumbnailUrl\":\"https:\/\/metaloplastika.info\/wp-content\/uploads\/2017\/07\/saksija-viseca-obicna-23a.jpg\",\"datePublished\":\"2017-07-18T20:33:12+00:00\",\"dateModified\":\"2020-01-14T20:28:40+00:00\",\"description\":\"viseca saksija obicna, fi 23, metaloplastika sreckovic, plasticna viseca saksija, plasticne saksije, saksija sa zakackom, viseca saksija\",\"breadcrumb\":{\"@id\":\"https:\/\/metaloplastika.info\/en\/product\/viseca-saksija-obicna-fi-23cm\/#breadcrumb\"},\"inLanguage\":\"en-GB\",\"potentialAction\":[{\"@type\":\"ReadAction\",\"target\":[\"https:\/\/metaloplastika.info\/en\/product\/viseca-saksija-obicna-fi-23cm\/\"]}]},{\"@type\":\"ImageObject\",\"inLanguage\":\"en-GB\",\"@id\":\"https:\/\/metaloplastika.info\/en\/product\/viseca-saksija-obicna-fi-23cm\/#primaryimage\",\"url\":\"https:\/\/metaloplastika.info\/wp-content\/uploads\/2017\/07\/saksija-viseca-obicna-23a.jpg\",\"contentUrl\":\"https:\/\/metaloplastika.info\/wp-content\/uploads\/2017\/07\/saksija-viseca-obicna-23a.jpg\",\"width\":1000,\"height\":800,\"caption\":\"saksija-viseca-obicna-23\"},{\"@type\":\"BreadcrumbList\",\"@id\":\"https:\/\/metaloplastika.info\/en\/product\/viseca-saksija-obicna-fi-23cm\/#breadcrumb\",\"itemListElement\":[{\"@type\":\"ListItem\",\"position\":1,\"name\":\"Home\",\"item\":\"http:\/\/metaloplastika.info\/\"},{\"@type\":\"ListItem\",\"position\":2,\"name\":\"\u041f\u0440\u043e\u0438\u0437\u0432\u043e\u0434\u0438\",\"item\":\"http:\/\/metaloplastika.info\/shop\/\"},{\"@type\":\"ListItem\",\"position\":3,\"name\":\"Vise\u0107a saksija OBI\u010cNA \u00d8 23 cm\"}]},{\"@type\":\"WebSite\",\"@id\":\"http:\/\/metaloplastika.info\/#website\",\"url\":\"http:\/\/metaloplastika.info\/\",\"name\":\"metaloplastika\",\"description\":\"Ukrasne saksije, saksije za rasad, zakacke za saksije, kontejneri\",\"potentialAction\":[{\"@type\":\"SearchAction\",\"target\":{\"@type\":\"EntryPoint\",\"urlTemplate\":\"http:\/\/metaloplastika.info\/?s={search_term_string}\"},\"query-input\":{\"@type\":\"PropertyValueSpecification\",\"valueRequired\":true,\"valueName\":\"search_term_string\"}}],\"inLanguage\":\"en-GB\"}]}<\/script>\n<!-- \/ Yoast SEO plugin. -->","yoast_head_json":{"title":"Vise\u0107a saksija OBI\u010cNA \u00d8 23 cm - metaloplastika Sreckovic","description":"viseca saksija obicna, fi 23, metaloplastika sreckovic, plasticna viseca saksija, plasticne saksije, saksija sa zakackom, viseca saksija","robots":{"index":"index","follow":"follow","max-snippet":"max-snippet:-1","max-image-preview":"max-image-preview:large","max-video-preview":"max-video-preview:-1"},"canonical":"https:\/\/metaloplastika.info\/en\/product\/viseca-saksija-obicna-fi-23cm\/","og_locale":"en_GB","og_type":"article","og_title":"Vise\u0107a saksija OBI\u010cNA \u00d8 23 cm - metaloplastika Sreckovic","og_description":"viseca saksija obicna, fi 23, metaloplastika sreckovic, plasticna viseca saksija, plasticne saksije, saksija sa zakackom, viseca saksija","og_url":"https:\/\/metaloplastika.info\/en\/product\/viseca-saksija-obicna-fi-23cm\/","og_site_name":"metaloplastika","article_modified_time":"2020-01-14T20:28:40+00:00","og_image":[{"width":1000,"height":800,"url":"https:\/\/metaloplastika.info\/wp-content\/uploads\/2017\/07\/saksija-viseca-obicna-23a.jpg","type":"image\/jpeg"}],"twitter_card":"summary_large_image","schema":{"@context":"https:\/\/schema.org","@graph":[{"@type":"WebPage","@id":"https:\/\/metaloplastika.info\/en\/product\/viseca-saksija-obicna-fi-23cm\/","url":"https:\/\/metaloplastika.info\/en\/product\/viseca-saksija-obicna-fi-23cm\/","name":"Vise\u0107a saksija OBI\u010cNA \u00d8 23 cm - metaloplastika Sreckovic","isPartOf":{"@id":"http:\/\/metaloplastika.info\/#website"},"primaryImageOfPage":{"@id":"https:\/\/metaloplastika.info\/en\/product\/viseca-saksija-obicna-fi-23cm\/#primaryimage"},"image":{"@id":"https:\/\/metaloplastika.info\/en\/product\/viseca-saksija-obicna-fi-23cm\/#primaryimage"},"thumbnailUrl":"https:\/\/metaloplastika.info\/wp-content\/uploads\/2017\/07\/saksija-viseca-obicna-23a.jpg","datePublished":"2017-07-18T20:33:12+00:00","dateModified":"2020-01-14T20:28:40+00:00","description":"viseca saksija obicna, fi 23, metaloplastika sreckovic, plasticna viseca saksija, plasticne saksije, saksija sa zakackom, viseca saksija","breadcrumb":{"@id":"https:\/\/metaloplastika.info\/en\/product\/viseca-saksija-obicna-fi-23cm\/#breadcrumb"},"inLanguage":"en-GB","potentialAction":[{"@type":"ReadAction","target":["https:\/\/metaloplastika.info\/en\/product\/viseca-saksija-obicna-fi-23cm\/"]}]},{"@type":"ImageObject","inLanguage":"en-GB","@id":"https:\/\/metaloplastika.info\/en\/product\/viseca-saksija-obicna-fi-23cm\/#primaryimage","url":"https:\/\/metaloplastika.info\/wp-content\/uploads\/2017\/07\/saksija-viseca-obicna-23a.jpg","contentUrl":"https:\/\/metaloplastika.info\/wp-content\/uploads\/2017\/07\/saksija-viseca-obicna-23a.jpg","width":1000,"height":800,"caption":"saksija-viseca-obicna-23"},{"@type":"BreadcrumbList","@id":"https:\/\/metaloplastika.info\/en\/product\/viseca-saksija-obicna-fi-23cm\/#breadcrumb","itemListElement":[{"@type":"ListItem","position":1,"name":"Home","item":"http:\/\/metaloplastika.info\/"},{"@type":"ListItem","position":2,"name":"\u041f\u0440\u043e\u0438\u0437\u0432\u043e\u0434\u0438","item":"http:\/\/metaloplastika.info\/shop\/"},{"@type":"ListItem","position":3,"name":"Vise\u0107a saksija OBI\u010cNA \u00d8 23 cm"}]},{"@type":"WebSite","@id":"http:\/\/metaloplastika.info\/#website","url":"http:\/\/metaloplastika.info\/","name":"metaloplastika","description":"Ukrasne saksije, saksije za rasad, zakacke za saksije, kontejneri","potentialAction":[{"@type":"SearchAction","target":{"@type":"EntryPoint","urlTemplate":"http:\/\/metaloplastika.info\/?s={search_term_string}"},"query-input":{"@type":"PropertyValueSpecification","valueRequired":true,"valueName":"search_term_string"}}],"inLanguage":"en-GB"}]}},"_links":{"self":[{"href":"https:\/\/metaloplastika.info\/en\/wp-json\/wp\/v2\/product\/167","targetHints":{"allow":["GET"]}}],"collection":[{"href":"https:\/\/metaloplastika.info\/en\/wp-json\/wp\/v2\/product"}],"about":[{"href":"https:\/\/metaloplastika.info\/en\/wp-json\/wp\/v2\/types\/product"}],"wp:featuredmedia":[{"embeddable":true,"href":"https:\/\/metaloplastika.info\/en\/wp-json\/wp\/v2\/media\/1182"}],"wp:attachment":[{"href":"https:\/\/metaloplastika.info\/en\/wp-json\/wp\/v2\/media?parent=167"}],"wp:term":[{"taxonomy":"product_brand","embeddable":true,"href":"https:\/\/metaloplastika.info\/en\/wp-json\/wp\/v2\/product_brand?post=167"},{"taxonomy":"product_cat","embeddable":true,"href":"https:\/\/metaloplastika.info\/en\/wp-json\/wp\/v2\/product_cat?post=167"},{"taxonomy":"product_tag","embeddable":true,"href":"https:\/\/metaloplastika.info\/en\/wp-json\/wp\/v2\/product_tag?post=167"}],"curies":[{"name":"wp","href":"https:\/\/api.w.org\/{rel}","templated":true}]}}