{"id":1343,"date":"2020-10-10T15:27:01","date_gmt":"2020-10-10T13:27:01","guid":{"rendered":"http:\/\/metaloplastika.info\/?post_type=product&#038;p=1343"},"modified":"2020-10-10T15:27:40","modified_gmt":"2020-10-10T13:27:40","slug":"kontejner-1-84","status":"publish","type":"product","link":"https:\/\/metaloplastika.info\/en\/product\/kontejner-1-84\/","title":{"rendered":"Kontejner 1\/84"},"content":{"rendered":"","protected":false},"excerpt":{"rendered":"<p>Containers for seedling plants, flowers, fruits, vegetables\u2026<\/p>","protected":false},"featured_media":1344,"template":"","meta":[],"product_brand":[],"product_cat":[32],"product_tag":[],"class_list":{"0":"post-1343","1":"product","2":"type-product","3":"status-publish","4":"has-post-thumbnail","6":"product_cat-kontejneri","8":"first","9":"instock","10":"shipping-taxable","11":"product-type-simple"},"yoast_head":"<!-- This site is optimized with the Yoast SEO plugin v27.2 - https:\/\/yoast.com\/product\/yoast-seo-wordpress\/ -->\n<title>Kontejner 1\/84 - metaloplastika<\/title>\n<meta name=\"robots\" content=\"index, follow, max-snippet:-1, max-image-preview:large, max-video-preview:-1\" \/>\n<link rel=\"canonical\" href=\"http:\/\/metaloplastika.info\/en\/product\/kontejner-1-84\/\" \/>\n<meta property=\"og:locale\" content=\"en_GB\" \/>\n<meta property=\"og:type\" content=\"article\" \/>\n<meta property=\"og:title\" content=\"Kontejner 1\/84 - metaloplastika\" \/>\n<meta property=\"og:description\" content=\"Kontejneri za rasad biljaka, cve\u0107a, vo\u0107a, povr\u0107a\u2026\" \/>\n<meta property=\"og:url\" content=\"http:\/\/metaloplastika.info\/en\/product\/kontejner-1-84\/\" \/>\n<meta property=\"og:site_name\" content=\"metaloplastika\" \/>\n<meta property=\"article:modified_time\" content=\"2020-10-10T13:27:40+00:00\" \/>\n<meta property=\"og:image\" content=\"http:\/\/metaloplastika.info\/wp-content\/uploads\/2020\/10\/kontejner-u-pripremi.jpg\" \/>\n\t<meta property=\"og:image:width\" content=\"992\" \/>\n\t<meta property=\"og:image:height\" content=\"567\" \/>\n\t<meta property=\"og:image:type\" content=\"image\/jpeg\" \/>\n<meta name=\"twitter:card\" content=\"summary_large_image\" \/>\n<script type=\"application\/ld+json\" class=\"yoast-schema-graph\">{\"@context\":\"https:\/\/schema.org\",\"@graph\":[{\"@type\":\"WebPage\",\"@id\":\"http:\/\/metaloplastika.info\/en\/product\/kontejner-1-84\/\",\"url\":\"http:\/\/metaloplastika.info\/en\/product\/kontejner-1-84\/\",\"name\":\"Kontejner 1\/84 - metaloplastika\",\"isPartOf\":{\"@id\":\"http:\/\/metaloplastika.info\/#website\"},\"primaryImageOfPage\":{\"@id\":\"http:\/\/metaloplastika.info\/en\/product\/kontejner-1-84\/#primaryimage\"},\"image\":{\"@id\":\"http:\/\/metaloplastika.info\/en\/product\/kontejner-1-84\/#primaryimage\"},\"thumbnailUrl\":\"https:\/\/metaloplastika.info\/wp-content\/uploads\/2020\/10\/kontejner-u-pripremi.jpg\",\"datePublished\":\"2020-10-10T13:27:01+00:00\",\"dateModified\":\"2020-10-10T13:27:40+00:00\",\"breadcrumb\":{\"@id\":\"http:\/\/metaloplastika.info\/en\/product\/kontejner-1-84\/#breadcrumb\"},\"inLanguage\":\"en-GB\",\"potentialAction\":[{\"@type\":\"ReadAction\",\"target\":[\"http:\/\/metaloplastika.info\/en\/product\/kontejner-1-84\/\"]}]},{\"@type\":\"ImageObject\",\"inLanguage\":\"en-GB\",\"@id\":\"http:\/\/metaloplastika.info\/en\/product\/kontejner-1-84\/#primaryimage\",\"url\":\"https:\/\/metaloplastika.info\/wp-content\/uploads\/2020\/10\/kontejner-u-pripremi.jpg\",\"contentUrl\":\"https:\/\/metaloplastika.info\/wp-content\/uploads\/2020\/10\/kontejner-u-pripremi.jpg\",\"width\":992,\"height\":567},{\"@type\":\"BreadcrumbList\",\"@id\":\"http:\/\/metaloplastika.info\/en\/product\/kontejner-1-84\/#breadcrumb\",\"itemListElement\":[{\"@type\":\"ListItem\",\"position\":1,\"name\":\"Home\",\"item\":\"http:\/\/metaloplastika.info\/\"},{\"@type\":\"ListItem\",\"position\":2,\"name\":\"\u041f\u0440\u043e\u0438\u0437\u0432\u043e\u0434\u0438\",\"item\":\"https:\/\/metaloplastika.info\/shop\/\"},{\"@type\":\"ListItem\",\"position\":3,\"name\":\"Kontejner 1\/84\"}]},{\"@type\":\"WebSite\",\"@id\":\"http:\/\/metaloplastika.info\/#website\",\"url\":\"http:\/\/metaloplastika.info\/\",\"name\":\"metaloplastika\",\"description\":\"Ukrasne saksije, saksije za rasad, zakacke za saksije, kontejneri\",\"potentialAction\":[{\"@type\":\"SearchAction\",\"target\":{\"@type\":\"EntryPoint\",\"urlTemplate\":\"http:\/\/metaloplastika.info\/?s={search_term_string}\"},\"query-input\":{\"@type\":\"PropertyValueSpecification\",\"valueRequired\":true,\"valueName\":\"search_term_string\"}}],\"inLanguage\":\"en-GB\"}]}<\/script>\n<!-- \/ Yoast SEO plugin. -->","yoast_head_json":{"title":"Kontejner 1\/84 - metaloplastika","robots":{"index":"index","follow":"follow","max-snippet":"max-snippet:-1","max-image-preview":"max-image-preview:large","max-video-preview":"max-video-preview:-1"},"canonical":"http:\/\/metaloplastika.info\/en\/product\/kontejner-1-84\/","og_locale":"en_GB","og_type":"article","og_title":"Kontejner 1\/84 - metaloplastika","og_description":"Kontejneri za rasad biljaka, cve\u0107a, vo\u0107a, povr\u0107a\u2026","og_url":"http:\/\/metaloplastika.info\/en\/product\/kontejner-1-84\/","og_site_name":"metaloplastika","article_modified_time":"2020-10-10T13:27:40+00:00","og_image":[{"width":992,"height":567,"url":"http:\/\/metaloplastika.info\/wp-content\/uploads\/2020\/10\/kontejner-u-pripremi.jpg","type":"image\/jpeg"}],"twitter_card":"summary_large_image","schema":{"@context":"https:\/\/schema.org","@graph":[{"@type":"WebPage","@id":"http:\/\/metaloplastika.info\/en\/product\/kontejner-1-84\/","url":"http:\/\/metaloplastika.info\/en\/product\/kontejner-1-84\/","name":"Kontejner 1\/84 - metaloplastika","isPartOf":{"@id":"http:\/\/metaloplastika.info\/#website"},"primaryImageOfPage":{"@id":"http:\/\/metaloplastika.info\/en\/product\/kontejner-1-84\/#primaryimage"},"image":{"@id":"http:\/\/metaloplastika.info\/en\/product\/kontejner-1-84\/#primaryimage"},"thumbnailUrl":"https:\/\/metaloplastika.info\/wp-content\/uploads\/2020\/10\/kontejner-u-pripremi.jpg","datePublished":"2020-10-10T13:27:01+00:00","dateModified":"2020-10-10T13:27:40+00:00","breadcrumb":{"@id":"http:\/\/metaloplastika.info\/en\/product\/kontejner-1-84\/#breadcrumb"},"inLanguage":"en-GB","potentialAction":[{"@type":"ReadAction","target":["http:\/\/metaloplastika.info\/en\/product\/kontejner-1-84\/"]}]},{"@type":"ImageObject","inLanguage":"en-GB","@id":"http:\/\/metaloplastika.info\/en\/product\/kontejner-1-84\/#primaryimage","url":"https:\/\/metaloplastika.info\/wp-content\/uploads\/2020\/10\/kontejner-u-pripremi.jpg","contentUrl":"https:\/\/metaloplastika.info\/wp-content\/uploads\/2020\/10\/kontejner-u-pripremi.jpg","width":992,"height":567},{"@type":"BreadcrumbList","@id":"http:\/\/metaloplastika.info\/en\/product\/kontejner-1-84\/#breadcrumb","itemListElement":[{"@type":"ListItem","position":1,"name":"Home","item":"http:\/\/metaloplastika.info\/"},{"@type":"ListItem","position":2,"name":"\u041f\u0440\u043e\u0438\u0437\u0432\u043e\u0434\u0438","item":"https:\/\/metaloplastika.info\/shop\/"},{"@type":"ListItem","position":3,"name":"Kontejner 1\/84"}]},{"@type":"WebSite","@id":"http:\/\/metaloplastika.info\/#website","url":"http:\/\/metaloplastika.info\/","name":"metaloplastika","description":"Ukrasne saksije, saksije za rasad, zakacke za saksije, kontejneri","potentialAction":[{"@type":"SearchAction","target":{"@type":"EntryPoint","urlTemplate":"http:\/\/metaloplastika.info\/?s={search_term_string}"},"query-input":{"@type":"PropertyValueSpecification","valueRequired":true,"valueName":"search_term_string"}}],"inLanguage":"en-GB"}]}},"_links":{"self":[{"href":"https:\/\/metaloplastika.info\/en\/wp-json\/wp\/v2\/product\/1343","targetHints":{"allow":["GET"]}}],"collection":[{"href":"https:\/\/metaloplastika.info\/en\/wp-json\/wp\/v2\/product"}],"about":[{"href":"https:\/\/metaloplastika.info\/en\/wp-json\/wp\/v2\/types\/product"}],"wp:featuredmedia":[{"embeddable":true,"href":"https:\/\/metaloplastika.info\/en\/wp-json\/wp\/v2\/media\/1344"}],"wp:attachment":[{"href":"https:\/\/metaloplastika.info\/en\/wp-json\/wp\/v2\/media?parent=1343"}],"wp:term":[{"taxonomy":"product_brand","embeddable":true,"href":"https:\/\/metaloplastika.info\/en\/wp-json\/wp\/v2\/product_brand?post=1343"},{"taxonomy":"product_cat","embeddable":true,"href":"https:\/\/metaloplastika.info\/en\/wp-json\/wp\/v2\/product_cat?post=1343"},{"taxonomy":"product_tag","embeddable":true,"href":"https:\/\/metaloplastika.info\/en\/wp-json\/wp\/v2\/product_tag?post=1343"}],"curies":[{"name":"wp","href":"https:\/\/api.w.org\/{rel}","templated":true}]}}