{"id":1152,"date":"2019-01-14T12:22:19","date_gmt":"2019-01-14T10:22:19","guid":{"rendered":"http:\/\/metaloplastika.info\/?post_type=product&#038;p=1152"},"modified":"2025-05-12T11:08:43","modified_gmt":"2025-05-12T09:08:43","slug":"viseca-saksija-obicna-o-20-cm-zelena","status":"publish","type":"product","link":"https:\/\/metaloplastika.info\/en\/product\/viseca-saksija-obicna-o-20-cm-zelena\/","title":{"rendered":"Hanging pot REGULAR \u00d8 20 cm, green"},"content":{"rendered":"<p>Our pots are dual-layered. Pitch is 5\u00b0.<br \/>\nThe advantage of such a design is that the inner black foil who the winter protects the plant from the cold, while in the summer keeps it from the strong sun. That's why the plants in our pots are 30 to 40% better!<\/p>","protected":false},"excerpt":{"rendered":"<p>Our pots are dual-layered. Pitch is 5\u00b0.\nThe advantage of such a design is that the inner black foil who the winter protects the plant from the cold, while in the summer keeps it from the strong sun. That's why the plants in our pots are 30 to 40% better!<\/p>","protected":false},"featured_media":1153,"template":"","meta":[],"product_brand":[],"product_cat":[21],"product_tag":[27,29,28,39],"class_list":{"0":"post-1152","1":"product","2":"type-product","3":"status-publish","4":"has-post-thumbnail","6":"product_cat-visece-saksije-obicne","7":"product_tag-viseca-saksija","8":"product_tag-viseca-ukrasna-saksija","9":"product_tag-visece-saksije","10":"product_tag-zakacke-za-saksije","12":"first","13":"instock","14":"shipping-taxable","15":"product-type-simple"},"yoast_head":"<!-- This site is optimized with the Yoast SEO plugin v27.2 - https:\/\/yoast.com\/product\/yoast-seo-wordpress\/ -->\n<title>Vise\u0107a saksija OBI\u010cNA \u00d8 20 cm, zelena - metaloplastika<\/title>\n<meta name=\"description\" content=\"viseca saksija obicna, fi 20, narandzasta, metaloplastika sreckovic, plasticna viseca saksija, plasticne saksije, saksija sa zakackom\" \/>\n<meta name=\"robots\" content=\"index, follow, max-snippet:-1, max-image-preview:large, max-video-preview:-1\" \/>\n<link rel=\"canonical\" href=\"http:\/\/metaloplastika.info\/en\/product\/viseca-saksija-obicna-o-20-cm-zelena\/\" \/>\n<meta property=\"og:locale\" content=\"en_GB\" \/>\n<meta property=\"og:type\" content=\"article\" \/>\n<meta property=\"og:title\" content=\"Vise\u0107a saksija OBI\u010cNA \u00d8 20 cm, zelena - metaloplastika\" \/>\n<meta property=\"og:description\" content=\"viseca saksija obicna, fi 20, narandzasta, metaloplastika sreckovic, plasticna viseca saksija, plasticne saksije, saksija sa zakackom\" \/>\n<meta property=\"og:url\" content=\"http:\/\/metaloplastika.info\/en\/product\/viseca-saksija-obicna-o-20-cm-zelena\/\" \/>\n<meta property=\"og:site_name\" content=\"metaloplastika\" \/>\n<meta property=\"article:modified_time\" content=\"2025-05-12T09:08:43+00:00\" \/>\n<meta property=\"og:image\" content=\"http:\/\/metaloplastika.info\/wp-content\/uploads\/2019\/01\/fi20-z-1.jpg\" \/>\n\t<meta property=\"og:image:width\" content=\"1000\" \/>\n\t<meta property=\"og:image:height\" content=\"800\" \/>\n\t<meta property=\"og:image:type\" content=\"image\/jpeg\" \/>\n<meta name=\"twitter:card\" content=\"summary_large_image\" \/>\n<meta name=\"twitter:label1\" content=\"Estimated reading time\" \/>\n\t<meta name=\"twitter:data1\" content=\"1 minute\" \/>\n<script type=\"application\/ld+json\" class=\"yoast-schema-graph\">{\"@context\":\"https:\/\/schema.org\",\"@graph\":[{\"@type\":\"WebPage\",\"@id\":\"http:\/\/metaloplastika.info\/product\/viseca-saksija-obicna-o-20-cm-zelena\/\",\"url\":\"http:\/\/metaloplastika.info\/product\/viseca-saksija-obicna-o-20-cm-zelena\/\",\"name\":\"Vise\u0107a saksija OBI\u010cNA \u00d8 20 cm, zelena - metaloplastika\",\"isPartOf\":{\"@id\":\"https:\/\/metaloplastika.info\/#website\"},\"primaryImageOfPage\":{\"@id\":\"http:\/\/metaloplastika.info\/product\/viseca-saksija-obicna-o-20-cm-zelena\/#primaryimage\"},\"image\":{\"@id\":\"http:\/\/metaloplastika.info\/product\/viseca-saksija-obicna-o-20-cm-zelena\/#primaryimage\"},\"thumbnailUrl\":\"https:\/\/metaloplastika.info\/wp-content\/uploads\/2019\/01\/fi20-z-1.jpg\",\"datePublished\":\"2019-01-14T10:22:19+00:00\",\"dateModified\":\"2025-05-12T09:08:43+00:00\",\"description\":\"viseca saksija obicna, fi 20, narandzasta, metaloplastika sreckovic, plasticna viseca saksija, plasticne saksije, saksija sa zakackom\",\"breadcrumb\":{\"@id\":\"http:\/\/metaloplastika.info\/product\/viseca-saksija-obicna-o-20-cm-zelena\/#breadcrumb\"},\"inLanguage\":\"en-GB\",\"potentialAction\":[{\"@type\":\"ReadAction\",\"target\":[\"http:\/\/metaloplastika.info\/product\/viseca-saksija-obicna-o-20-cm-zelena\/\"]}]},{\"@type\":\"ImageObject\",\"inLanguage\":\"en-GB\",\"@id\":\"http:\/\/metaloplastika.info\/product\/viseca-saksija-obicna-o-20-cm-zelena\/#primaryimage\",\"url\":\"https:\/\/metaloplastika.info\/wp-content\/uploads\/2019\/01\/fi20-z-1.jpg\",\"contentUrl\":\"https:\/\/metaloplastika.info\/wp-content\/uploads\/2019\/01\/fi20-z-1.jpg\",\"width\":1000,\"height\":800,\"caption\":\"viseca saksija\"},{\"@type\":\"BreadcrumbList\",\"@id\":\"http:\/\/metaloplastika.info\/product\/viseca-saksija-obicna-o-20-cm-zelena\/#breadcrumb\",\"itemListElement\":[{\"@type\":\"ListItem\",\"position\":1,\"name\":\"Home\",\"item\":\"https:\/\/metaloplastika.info\/\"},{\"@type\":\"ListItem\",\"position\":2,\"name\":\"\u041f\u0440\u043e\u0438\u0437\u0432\u043e\u0434\u0438\",\"item\":\"https:\/\/metaloplastika.info\/shop\/\"},{\"@type\":\"ListItem\",\"position\":3,\"name\":\"Vise\u0107a saksija OBI\u010cNA \u00d8 20 cm, zelena\"}]},{\"@type\":\"WebSite\",\"@id\":\"https:\/\/metaloplastika.info\/#website\",\"url\":\"https:\/\/metaloplastika.info\/\",\"name\":\"metaloplastika\",\"description\":\"Ukrasne saksije, saksije za rasad, zakacke za saksije, kontejneri\",\"potentialAction\":[{\"@type\":\"SearchAction\",\"target\":{\"@type\":\"EntryPoint\",\"urlTemplate\":\"https:\/\/metaloplastika.info\/?s={search_term_string}\"},\"query-input\":{\"@type\":\"PropertyValueSpecification\",\"valueRequired\":true,\"valueName\":\"search_term_string\"}}],\"inLanguage\":\"en-GB\"}]}<\/script>\n<!-- \/ Yoast SEO plugin. -->","yoast_head_json":{"title":"Vise\u0107a saksija OBI\u010cNA \u00d8 20 cm, zelena - metaloplastika","description":"viseca saksija obicna, fi 20, narandzasta, metaloplastika sreckovic, plasticna viseca saksija, plasticne saksije, saksija sa zakackom","robots":{"index":"index","follow":"follow","max-snippet":"max-snippet:-1","max-image-preview":"max-image-preview:large","max-video-preview":"max-video-preview:-1"},"canonical":"http:\/\/metaloplastika.info\/en\/product\/viseca-saksija-obicna-o-20-cm-zelena\/","og_locale":"en_GB","og_type":"article","og_title":"Vise\u0107a saksija OBI\u010cNA \u00d8 20 cm, zelena - metaloplastika","og_description":"viseca saksija obicna, fi 20, narandzasta, metaloplastika sreckovic, plasticna viseca saksija, plasticne saksije, saksija sa zakackom","og_url":"http:\/\/metaloplastika.info\/en\/product\/viseca-saksija-obicna-o-20-cm-zelena\/","og_site_name":"metaloplastika","article_modified_time":"2025-05-12T09:08:43+00:00","og_image":[{"width":1000,"height":800,"url":"http:\/\/metaloplastika.info\/wp-content\/uploads\/2019\/01\/fi20-z-1.jpg","type":"image\/jpeg"}],"twitter_card":"summary_large_image","twitter_misc":{"Estimated reading time":"1 minute"},"schema":{"@context":"https:\/\/schema.org","@graph":[{"@type":"WebPage","@id":"http:\/\/metaloplastika.info\/product\/viseca-saksija-obicna-o-20-cm-zelena\/","url":"http:\/\/metaloplastika.info\/product\/viseca-saksija-obicna-o-20-cm-zelena\/","name":"Vise\u0107a saksija OBI\u010cNA \u00d8 20 cm, zelena - metaloplastika","isPartOf":{"@id":"https:\/\/metaloplastika.info\/#website"},"primaryImageOfPage":{"@id":"http:\/\/metaloplastika.info\/product\/viseca-saksija-obicna-o-20-cm-zelena\/#primaryimage"},"image":{"@id":"http:\/\/metaloplastika.info\/product\/viseca-saksija-obicna-o-20-cm-zelena\/#primaryimage"},"thumbnailUrl":"https:\/\/metaloplastika.info\/wp-content\/uploads\/2019\/01\/fi20-z-1.jpg","datePublished":"2019-01-14T10:22:19+00:00","dateModified":"2025-05-12T09:08:43+00:00","description":"viseca saksija obicna, fi 20, narandzasta, metaloplastika sreckovic, plasticna viseca saksija, plasticne saksije, saksija sa zakackom","breadcrumb":{"@id":"http:\/\/metaloplastika.info\/product\/viseca-saksija-obicna-o-20-cm-zelena\/#breadcrumb"},"inLanguage":"en-GB","potentialAction":[{"@type":"ReadAction","target":["http:\/\/metaloplastika.info\/product\/viseca-saksija-obicna-o-20-cm-zelena\/"]}]},{"@type":"ImageObject","inLanguage":"en-GB","@id":"http:\/\/metaloplastika.info\/product\/viseca-saksija-obicna-o-20-cm-zelena\/#primaryimage","url":"https:\/\/metaloplastika.info\/wp-content\/uploads\/2019\/01\/fi20-z-1.jpg","contentUrl":"https:\/\/metaloplastika.info\/wp-content\/uploads\/2019\/01\/fi20-z-1.jpg","width":1000,"height":800,"caption":"viseca saksija"},{"@type":"BreadcrumbList","@id":"http:\/\/metaloplastika.info\/product\/viseca-saksija-obicna-o-20-cm-zelena\/#breadcrumb","itemListElement":[{"@type":"ListItem","position":1,"name":"Home","item":"https:\/\/metaloplastika.info\/"},{"@type":"ListItem","position":2,"name":"\u041f\u0440\u043e\u0438\u0437\u0432\u043e\u0434\u0438","item":"https:\/\/metaloplastika.info\/shop\/"},{"@type":"ListItem","position":3,"name":"Vise\u0107a saksija OBI\u010cNA \u00d8 20 cm, zelena"}]},{"@type":"WebSite","@id":"https:\/\/metaloplastika.info\/#website","url":"https:\/\/metaloplastika.info\/","name":"metaloplastika","description":"Ukrasne saksije, saksije za rasad, zakacke za saksije, kontejneri","potentialAction":[{"@type":"SearchAction","target":{"@type":"EntryPoint","urlTemplate":"https:\/\/metaloplastika.info\/?s={search_term_string}"},"query-input":{"@type":"PropertyValueSpecification","valueRequired":true,"valueName":"search_term_string"}}],"inLanguage":"en-GB"}]}},"_links":{"self":[{"href":"https:\/\/metaloplastika.info\/en\/wp-json\/wp\/v2\/product\/1152","targetHints":{"allow":["GET"]}}],"collection":[{"href":"https:\/\/metaloplastika.info\/en\/wp-json\/wp\/v2\/product"}],"about":[{"href":"https:\/\/metaloplastika.info\/en\/wp-json\/wp\/v2\/types\/product"}],"wp:featuredmedia":[{"embeddable":true,"href":"https:\/\/metaloplastika.info\/en\/wp-json\/wp\/v2\/media\/1153"}],"wp:attachment":[{"href":"https:\/\/metaloplastika.info\/en\/wp-json\/wp\/v2\/media?parent=1152"}],"wp:term":[{"taxonomy":"product_brand","embeddable":true,"href":"https:\/\/metaloplastika.info\/en\/wp-json\/wp\/v2\/product_brand?post=1152"},{"taxonomy":"product_cat","embeddable":true,"href":"https:\/\/metaloplastika.info\/en\/wp-json\/wp\/v2\/product_cat?post=1152"},{"taxonomy":"product_tag","embeddable":true,"href":"https:\/\/metaloplastika.info\/en\/wp-json\/wp\/v2\/product_tag?post=1152"}],"curies":[{"name":"wp","href":"https:\/\/api.w.org\/{rel}","templated":true}]}}