{"id":1146,"date":"2019-01-14T11:59:20","date_gmt":"2019-01-14T09:59:20","guid":{"rendered":"http:\/\/metaloplastika.info\/?post_type=product&#038;p=1146"},"modified":"2020-01-14T22:26:18","modified_gmt":"2020-01-14T20:26:18","slug":"viseca-saksija-obicna-o-20-cm-crvena","status":"publish","type":"product","link":"https:\/\/metaloplastika.info\/en\/product\/viseca-saksija-obicna-o-20-cm-crvena\/","title":{"rendered":"Hanging pot REGULAR \u00d8 20 cm, red"},"content":{"rendered":"<p>Our pots are dual-layered. Pitch is 5\u00b0.<br \/>\nThe advantage of such a design is that the inner black foil who the winter protects the plant from the cold, while in the summer keeps it from the strong sun. That's why the plants in our pots are 30 to 40% better!<\/p>","protected":false},"excerpt":{"rendered":"<p>Our pots are dual-layered. Pitch is 5\u00b0.\nThe advantage of such a design is that the inner black foil who the winter protects the plant from the cold, while in the summer keeps it from the strong sun. That's why the plants in our pots are 30 to 40% better!<\/p>","protected":false},"featured_media":1147,"template":"","meta":[],"product_brand":[],"product_cat":[21],"product_tag":[26,180,27,28],"class_list":{"0":"post-1146","1":"product","2":"type-product","3":"status-publish","4":"has-post-thumbnail","6":"product_cat-visece-saksije-obicne","7":"product_tag-saksija","8":"product_tag-viseca-plasticna-saksija","9":"product_tag-viseca-saksija","10":"product_tag-visece-saksije","12":"first","13":"instock","14":"shipping-taxable","15":"product-type-simple"},"yoast_head":"<!-- This site is optimized with the Yoast SEO plugin v27.2 - https:\/\/yoast.com\/product\/yoast-seo-wordpress\/ -->\n<title>Vise\u0107a saksija OBI\u010cNA \u00d8 20 cm, crvena - metaloplastika sreckovic<\/title>\n<meta name=\"description\" content=\"viseca saksija obicna, fi 20, crvena, metaloplastika sreckovic, plasticna viseca saksija, plasticne saksije\" \/>\n<meta name=\"robots\" content=\"index, follow, max-snippet:-1, max-image-preview:large, max-video-preview:-1\" \/>\n<link rel=\"canonical\" href=\"https:\/\/metaloplastika.info\/en\/product\/viseca-saksija-obicna-o-20-cm-crvena\/\" \/>\n<meta property=\"og:locale\" content=\"en_GB\" \/>\n<meta property=\"og:type\" content=\"article\" \/>\n<meta property=\"og:title\" content=\"Vise\u0107a saksija OBI\u010cNA \u00d8 20 cm, crvena - metaloplastika sreckovic\" \/>\n<meta property=\"og:description\" content=\"viseca saksija obicna, fi 20, crvena, metaloplastika sreckovic, plasticna viseca saksija, plasticne saksije\" \/>\n<meta property=\"og:url\" content=\"https:\/\/metaloplastika.info\/en\/product\/viseca-saksija-obicna-o-20-cm-crvena\/\" \/>\n<meta property=\"og:site_name\" content=\"metaloplastika\" \/>\n<meta property=\"article:modified_time\" content=\"2020-01-14T20:26:18+00:00\" \/>\n<meta property=\"og:image\" content=\"https:\/\/metaloplastika.info\/wp-content\/uploads\/2019\/01\/fi20-n-1.jpg\" \/>\n\t<meta property=\"og:image:width\" content=\"1000\" \/>\n\t<meta property=\"og:image:height\" content=\"800\" \/>\n\t<meta property=\"og:image:type\" content=\"image\/jpeg\" \/>\n<meta name=\"twitter:card\" content=\"summary_large_image\" \/>\n<script type=\"application\/ld+json\" class=\"yoast-schema-graph\">{\"@context\":\"https:\/\/schema.org\",\"@graph\":[{\"@type\":\"WebPage\",\"@id\":\"https:\/\/metaloplastika.info\/en\/product\/viseca-saksija-obicna-o-20-cm-crvena\/\",\"url\":\"https:\/\/metaloplastika.info\/en\/product\/viseca-saksija-obicna-o-20-cm-crvena\/\",\"name\":\"Vise\u0107a saksija OBI\u010cNA \u00d8 20 cm, crvena - metaloplastika sreckovic\",\"isPartOf\":{\"@id\":\"https:\/\/metaloplastika.info\/#website\"},\"primaryImageOfPage\":{\"@id\":\"https:\/\/metaloplastika.info\/en\/product\/viseca-saksija-obicna-o-20-cm-crvena\/#primaryimage\"},\"image\":{\"@id\":\"https:\/\/metaloplastika.info\/en\/product\/viseca-saksija-obicna-o-20-cm-crvena\/#primaryimage\"},\"thumbnailUrl\":\"https:\/\/metaloplastika.info\/wp-content\/uploads\/2019\/01\/fi20-n-1.jpg\",\"datePublished\":\"2019-01-14T09:59:20+00:00\",\"dateModified\":\"2020-01-14T20:26:18+00:00\",\"description\":\"viseca saksija obicna, fi 20, crvena, metaloplastika sreckovic, plasticna viseca saksija, plasticne saksije\",\"breadcrumb\":{\"@id\":\"https:\/\/metaloplastika.info\/en\/product\/viseca-saksija-obicna-o-20-cm-crvena\/#breadcrumb\"},\"inLanguage\":\"en-GB\",\"potentialAction\":[{\"@type\":\"ReadAction\",\"target\":[\"https:\/\/metaloplastika.info\/en\/product\/viseca-saksija-obicna-o-20-cm-crvena\/\"]}]},{\"@type\":\"ImageObject\",\"inLanguage\":\"en-GB\",\"@id\":\"https:\/\/metaloplastika.info\/en\/product\/viseca-saksija-obicna-o-20-cm-crvena\/#primaryimage\",\"url\":\"https:\/\/metaloplastika.info\/wp-content\/uploads\/2019\/01\/fi20-n-1.jpg\",\"contentUrl\":\"https:\/\/metaloplastika.info\/wp-content\/uploads\/2019\/01\/fi20-n-1.jpg\",\"width\":1000,\"height\":800},{\"@type\":\"BreadcrumbList\",\"@id\":\"https:\/\/metaloplastika.info\/en\/product\/viseca-saksija-obicna-o-20-cm-crvena\/#breadcrumb\",\"itemListElement\":[{\"@type\":\"ListItem\",\"position\":1,\"name\":\"Home\",\"item\":\"https:\/\/metaloplastika.info\/\"},{\"@type\":\"ListItem\",\"position\":2,\"name\":\"\u041f\u0440\u043e\u0438\u0437\u0432\u043e\u0434\u0438\",\"item\":\"http:\/\/metaloplastika.info\/shop\/\"},{\"@type\":\"ListItem\",\"position\":3,\"name\":\"Vise\u0107a saksija OBI\u010cNA \u00d8 20 cm, crvena\"}]},{\"@type\":\"WebSite\",\"@id\":\"https:\/\/metaloplastika.info\/#website\",\"url\":\"https:\/\/metaloplastika.info\/\",\"name\":\"metaloplastika\",\"description\":\"Ukrasne saksije, saksije za rasad, zakacke za saksije, kontejneri\",\"potentialAction\":[{\"@type\":\"SearchAction\",\"target\":{\"@type\":\"EntryPoint\",\"urlTemplate\":\"https:\/\/metaloplastika.info\/?s={search_term_string}\"},\"query-input\":{\"@type\":\"PropertyValueSpecification\",\"valueRequired\":true,\"valueName\":\"search_term_string\"}}],\"inLanguage\":\"en-GB\"}]}<\/script>\n<!-- \/ Yoast SEO plugin. -->","yoast_head_json":{"title":"Vise\u0107a saksija OBI\u010cNA \u00d8 20 cm, crvena - metaloplastika sreckovic","description":"viseca saksija obicna, fi 20, crvena, metaloplastika sreckovic, plasticna viseca saksija, plasticne saksije","robots":{"index":"index","follow":"follow","max-snippet":"max-snippet:-1","max-image-preview":"max-image-preview:large","max-video-preview":"max-video-preview:-1"},"canonical":"https:\/\/metaloplastika.info\/en\/product\/viseca-saksija-obicna-o-20-cm-crvena\/","og_locale":"en_GB","og_type":"article","og_title":"Vise\u0107a saksija OBI\u010cNA \u00d8 20 cm, crvena - metaloplastika sreckovic","og_description":"viseca saksija obicna, fi 20, crvena, metaloplastika sreckovic, plasticna viseca saksija, plasticne saksije","og_url":"https:\/\/metaloplastika.info\/en\/product\/viseca-saksija-obicna-o-20-cm-crvena\/","og_site_name":"metaloplastika","article_modified_time":"2020-01-14T20:26:18+00:00","og_image":[{"width":1000,"height":800,"url":"https:\/\/metaloplastika.info\/wp-content\/uploads\/2019\/01\/fi20-n-1.jpg","type":"image\/jpeg"}],"twitter_card":"summary_large_image","schema":{"@context":"https:\/\/schema.org","@graph":[{"@type":"WebPage","@id":"https:\/\/metaloplastika.info\/en\/product\/viseca-saksija-obicna-o-20-cm-crvena\/","url":"https:\/\/metaloplastika.info\/en\/product\/viseca-saksija-obicna-o-20-cm-crvena\/","name":"Vise\u0107a saksija OBI\u010cNA \u00d8 20 cm, crvena - metaloplastika sreckovic","isPartOf":{"@id":"https:\/\/metaloplastika.info\/#website"},"primaryImageOfPage":{"@id":"https:\/\/metaloplastika.info\/en\/product\/viseca-saksija-obicna-o-20-cm-crvena\/#primaryimage"},"image":{"@id":"https:\/\/metaloplastika.info\/en\/product\/viseca-saksija-obicna-o-20-cm-crvena\/#primaryimage"},"thumbnailUrl":"https:\/\/metaloplastika.info\/wp-content\/uploads\/2019\/01\/fi20-n-1.jpg","datePublished":"2019-01-14T09:59:20+00:00","dateModified":"2020-01-14T20:26:18+00:00","description":"viseca saksija obicna, fi 20, crvena, metaloplastika sreckovic, plasticna viseca saksija, plasticne saksije","breadcrumb":{"@id":"https:\/\/metaloplastika.info\/en\/product\/viseca-saksija-obicna-o-20-cm-crvena\/#breadcrumb"},"inLanguage":"en-GB","potentialAction":[{"@type":"ReadAction","target":["https:\/\/metaloplastika.info\/en\/product\/viseca-saksija-obicna-o-20-cm-crvena\/"]}]},{"@type":"ImageObject","inLanguage":"en-GB","@id":"https:\/\/metaloplastika.info\/en\/product\/viseca-saksija-obicna-o-20-cm-crvena\/#primaryimage","url":"https:\/\/metaloplastika.info\/wp-content\/uploads\/2019\/01\/fi20-n-1.jpg","contentUrl":"https:\/\/metaloplastika.info\/wp-content\/uploads\/2019\/01\/fi20-n-1.jpg","width":1000,"height":800},{"@type":"BreadcrumbList","@id":"https:\/\/metaloplastika.info\/en\/product\/viseca-saksija-obicna-o-20-cm-crvena\/#breadcrumb","itemListElement":[{"@type":"ListItem","position":1,"name":"Home","item":"https:\/\/metaloplastika.info\/"},{"@type":"ListItem","position":2,"name":"\u041f\u0440\u043e\u0438\u0437\u0432\u043e\u0434\u0438","item":"http:\/\/metaloplastika.info\/shop\/"},{"@type":"ListItem","position":3,"name":"Vise\u0107a saksija OBI\u010cNA \u00d8 20 cm, crvena"}]},{"@type":"WebSite","@id":"https:\/\/metaloplastika.info\/#website","url":"https:\/\/metaloplastika.info\/","name":"metaloplastika","description":"Ukrasne saksije, saksije za rasad, zakacke za saksije, kontejneri","potentialAction":[{"@type":"SearchAction","target":{"@type":"EntryPoint","urlTemplate":"https:\/\/metaloplastika.info\/?s={search_term_string}"},"query-input":{"@type":"PropertyValueSpecification","valueRequired":true,"valueName":"search_term_string"}}],"inLanguage":"en-GB"}]}},"_links":{"self":[{"href":"https:\/\/metaloplastika.info\/en\/wp-json\/wp\/v2\/product\/1146","targetHints":{"allow":["GET"]}}],"collection":[{"href":"https:\/\/metaloplastika.info\/en\/wp-json\/wp\/v2\/product"}],"about":[{"href":"https:\/\/metaloplastika.info\/en\/wp-json\/wp\/v2\/types\/product"}],"wp:featuredmedia":[{"embeddable":true,"href":"https:\/\/metaloplastika.info\/en\/wp-json\/wp\/v2\/media\/1147"}],"wp:attachment":[{"href":"https:\/\/metaloplastika.info\/en\/wp-json\/wp\/v2\/media?parent=1146"}],"wp:term":[{"taxonomy":"product_brand","embeddable":true,"href":"https:\/\/metaloplastika.info\/en\/wp-json\/wp\/v2\/product_brand?post=1146"},{"taxonomy":"product_cat","embeddable":true,"href":"https:\/\/metaloplastika.info\/en\/wp-json\/wp\/v2\/product_cat?post=1146"},{"taxonomy":"product_tag","embeddable":true,"href":"https:\/\/metaloplastika.info\/en\/wp-json\/wp\/v2\/product_tag?post=1146"}],"curies":[{"name":"wp","href":"https:\/\/api.w.org\/{rel}","templated":true}]}}