{"id":40,"date":"2017-07-18T00:35:24","date_gmt":"2017-07-17T22:35:24","guid":{"rendered":"http:\/\/metaloplastika.info\/?page_id=40"},"modified":"2018-03-14T12:22:51","modified_gmt":"2018-03-14T10:22:51","slug":"proizvodi","status":"publish","type":"page","link":"https:\/\/metaloplastika.info\/en\/proizvodi\/","title":{"rendered":"Products"},"content":{"rendered":"<p style=\"text-align: left;\"><h3 class=\"section-title clearfix title_center\"><span>Products<\/span>  <\/h3><!-- end section_title -->\n<div class=\"woocommerce columns-3\"><div class=\"row\">\n\t<div class=\"large-12 columns\">\n\t<ul class=\"products small-block-grid-2 large-block-grid-3\">\n<li class=\"product-category ux-box text-center ux-text-overlay\">\n<a aria-label=\"Visit product category Terakot saksije za rasad OKRUGLE\" href=\"https:\/\/metaloplastika.info\/en\/product-category\/terakot-saksije-za-rasad-okrugle\/\" data-no-translation-aria-label=\"\"><div class=\"inner\">\n    <div class=\"ux-box-image\">\n         <img loading=\"lazy\" decoding=\"async\" src=\"https:\/\/metaloplastika.info\/wp-content\/uploads\/2017\/07\/boje17-247x300.jpg\" alt=\"Terakot saksije za rasad OKRUGLE\" width=\"247\" height=\"300\" \/>    <\/div><!-- .ux-box-image -->\n    <div class=\"ux-box-text  show-first\">\n       \t<h3 class=\"uppercase header-title\">\n       \tTerracotta pots for seedling ROUND\t\t<\/h3>\n\t\t<p class=\"smallest-font uppercase count\"> 12 Products<\/p>\n\t\t       \n    <\/div><!-- .ux-box-text-overlay -->\n<\/div>\n<\/a><\/li>\n<li class=\"product-category ux-box text-center ux-text-overlay\">\n<a aria-label=\"Visit product category Terakot saksije za rasad \u010cETVRTASTE\" href=\"https:\/\/metaloplastika.info\/en\/product-category\/terakot-saksije-za-rasad-cetvrtaste\/\" data-no-translation-aria-label=\"\"><div class=\"inner\">\n    <div class=\"ux-box-image\">\n         <img loading=\"lazy\" decoding=\"async\" src=\"https:\/\/metaloplastika.info\/wp-content\/uploads\/2017\/07\/boje-7x7-247x300.jpg\" alt=\"Terakot saksije za rasad \u010cETVRTASTE\" width=\"247\" height=\"300\" \/>    <\/div><!-- .ux-box-image -->\n    <div class=\"ux-box-text  show-first\">\n       \t<h3 class=\"uppercase header-title\">\n       \tTerracotta pots for seedling SQUARE\t\t<\/h3>\n\t\t<p class=\"smallest-font uppercase count\"> 8 Products<\/p>\n\t\t       \n    <\/div><!-- .ux-box-text-overlay -->\n<\/div>\n<\/a><\/li>\n<li class=\"product-category ux-box text-center ux-text-overlay\">\n<a aria-label=\"Visit product category Vise\u0107e saksije OBI\u010cNE\" href=\"https:\/\/metaloplastika.info\/en\/product-category\/visece-saksije-obicne\/\" data-no-translation-aria-label=\"\"><div class=\"inner\">\n    <div class=\"ux-box-image\">\n         <img loading=\"lazy\" decoding=\"async\" src=\"https:\/\/metaloplastika.info\/wp-content\/uploads\/2017\/08\/viseca-obicna-za-kategoriju-247x300.jpg\" alt=\"Vise\u0107e saksije OBI\u010cNE\" width=\"247\" height=\"300\" \/>    <\/div><!-- .ux-box-image -->\n    <div class=\"ux-box-text  show-first\">\n       \t<h3 class=\"uppercase header-title\">\n       \tHanging pots REGULAR\t\t<\/h3>\n\t\t<p class=\"smallest-font uppercase count\"> 8 Products<\/p>\n\t\t       \n    <\/div><!-- .ux-box-text-overlay -->\n<\/div>\n<\/a><\/li>\n<li class=\"product-category ux-box text-center ux-text-overlay\">\n<a aria-label=\"Visit product category Vise\u0107e saksije UKRASNE\" href=\"https:\/\/metaloplastika.info\/en\/product-category\/visece-saksije-ukrasne\/\" data-no-translation-aria-label=\"\"><div class=\"inner\">\n    <div class=\"ux-box-image\">\n         <img loading=\"lazy\" decoding=\"async\" src=\"https:\/\/metaloplastika.info\/wp-content\/uploads\/2017\/08\/viseca-ukrasna-za-kategoriju-247x300.jpg\" alt=\"Vise\u0107e saksije UKRASNE\" width=\"247\" height=\"300\" \/>    <\/div><!-- .ux-box-image -->\n    <div class=\"ux-box-text  show-first\">\n       \t<h3 class=\"uppercase header-title\">\n       \tHanging pots DECORATIVE\t\t<\/h3>\n\t\t<p class=\"smallest-font uppercase count\"> 5 Products<\/p>\n\t\t       \n    <\/div><!-- .ux-box-text-overlay -->\n<\/div>\n<\/a><\/li>\n<li class=\"product-category ux-box text-center ux-text-overlay\">\n<a aria-label=\"Visit product category Zaka\u010dke za vise\u0107e saksije\" href=\"https:\/\/metaloplastika.info\/en\/product-category\/zakacke-za-visece-saksije\/\" data-no-translation-aria-label=\"\"><div class=\"inner\">\n    <div class=\"ux-box-image\">\n         <img loading=\"lazy\" decoding=\"async\" src=\"https:\/\/metaloplastika.info\/wp-content\/uploads\/2017\/08\/zakacka-za-kategoriju-247x300.jpg\" alt=\"Zaka\u010dke za vise\u0107e saksije\" width=\"247\" height=\"300\" \/>    <\/div><!-- .ux-box-image -->\n    <div class=\"ux-box-text  show-first\">\n       \t<h3 class=\"uppercase header-title\">\n       \tHooks for hanging pots\t\t<\/h3>\n\t\t<p class=\"smallest-font uppercase count\"> 5 Products<\/p>\n\t\t       \n    <\/div><!-- .ux-box-text-overlay -->\n<\/div>\n<\/a><\/li>\n<li class=\"product-category ux-box text-center ux-text-overlay\">\n<a aria-label=\"Visit product category Kontejneri\" href=\"https:\/\/metaloplastika.info\/en\/product-category\/kontejneri\/\" data-no-translation-aria-label=\"\"><div class=\"inner\">\n    <div class=\"ux-box-image\">\n         <img loading=\"lazy\" decoding=\"async\" src=\"https:\/\/metaloplastika.info\/wp-content\/uploads\/2017\/08\/kontejner-za-kategoriju-247x300.jpg\" alt=\"Kontejneri\" width=\"247\" height=\"300\" \/>    <\/div><!-- .ux-box-image -->\n    <div class=\"ux-box-text  show-first\">\n       \t<h3 class=\"uppercase header-title\">\n       \tContainers\t\t<\/h3>\n\t\t<p class=\"smallest-font uppercase count\"> 9 Products<\/p>\n\t\t       \n    <\/div><!-- .ux-box-text-overlay -->\n<\/div>\n<\/a><\/li>\n<li class=\"product-category ux-box text-center ux-text-overlay\">\n<a aria-label=\"Visit product category Razno\" href=\"https:\/\/metaloplastika.info\/en\/product-category\/razno\/\" data-no-translation-aria-label=\"\"><div class=\"inner\">\n    <div class=\"ux-box-image\">\n         <img loading=\"lazy\" decoding=\"async\" src=\"https:\/\/metaloplastika.info\/wp-content\/uploads\/2018\/07\/ad-razno-247x300.jpg\" alt=\"Razno\" width=\"247\" height=\"300\" \/>    <\/div><!-- .ux-box-image -->\n    <div class=\"ux-box-text  show-first\">\n       \t<h3 class=\"uppercase header-title\">\n       \tVarious\t\t<\/h3>\n\t\t<p class=\"smallest-font uppercase count\"> 6 Products<\/p>\n\t\t       \n    <\/div><!-- .ux-box-text-overlay -->\n<\/div>\n<\/a><\/li>\n<li class=\"product-category ux-box text-center ux-text-overlay\">\n<a aria-label=\"Visit product category Okrugle tegle\" href=\"https:\/\/metaloplastika.info\/en\/product-category\/okrugle-tegle\/\" data-no-translation-aria-label=\"\"><div class=\"inner\">\n    <div class=\"ux-box-image\">\n         <img loading=\"lazy\" decoding=\"async\" src=\"https:\/\/metaloplastika.info\/wp-content\/uploads\/2018\/07\/ad-okrugle-tegle-247x300.jpg\" alt=\"Okrugle tegle\" width=\"247\" height=\"300\" \/>    <\/div><!-- .ux-box-image -->\n    <div class=\"ux-box-text  show-first\">\n       \t<h3 class=\"uppercase header-title\">\n       \tRound jars\t\t<\/h3>\n\t\t<p class=\"smallest-font uppercase count\"> 7 Products<\/p>\n\t\t       \n    <\/div><!-- .ux-box-text-overlay -->\n<\/div>\n<\/a><\/li>\n<li class=\"product-category ux-box text-center ux-text-overlay\">\n<a aria-label=\"Visit product category \u0160estougaone tegle\" href=\"https:\/\/metaloplastika.info\/en\/product-category\/sestougaone-tegle\/\" data-no-translation-aria-label=\"\"><div class=\"inner\">\n    <div class=\"ux-box-image\">\n         <img loading=\"lazy\" decoding=\"async\" src=\"https:\/\/metaloplastika.info\/wp-content\/uploads\/2018\/07\/ad-sestougaone-tegle-247x300.jpg\" alt=\"\u0160estougaone tegle\" width=\"247\" height=\"300\" \/>    <\/div><!-- .ux-box-image -->\n    <div class=\"ux-box-text  show-first\">\n       \t<h3 class=\"uppercase header-title\">\n       \tHexagonal jars\t\t<\/h3>\n\t\t<p class=\"smallest-font uppercase count\"> 4 Products<\/p>\n\t\t       \n    <\/div><!-- .ux-box-text-overlay -->\n<\/div>\n<\/a><\/li>\n<li class=\"product-category ux-box text-center ux-text-overlay\">\n<a aria-label=\"Visit product category Tegle \u201eMede\u201c\" href=\"https:\/\/metaloplastika.info\/en\/product-category\/tegle-mede\/\" data-no-translation-aria-label=\"\"><div class=\"inner\">\n    <div class=\"ux-box-image\">\n         <img loading=\"lazy\" decoding=\"async\" src=\"https:\/\/metaloplastika.info\/wp-content\/uploads\/2018\/07\/ad-tegle-mede-247x300.jpg\" alt=\"Tegle \u201eMede\u201c\" width=\"247\" height=\"300\" \/>    <\/div><!-- .ux-box-image -->\n    <div class=\"ux-box-text  show-first\">\n       \t<h3 class=\"uppercase header-title\">\n       \tJars \"Bear\"\t\t<\/h3>\n\t\t<p class=\"smallest-font uppercase count\"> 3 Products<\/p>\n\t\t       \n    <\/div><!-- .ux-box-text-overlay -->\n<\/div>\n<\/a><\/li>\n<li class=\"product-category ux-box text-center ux-text-overlay\">\n<a aria-label=\"Visit product category Tegle \u201eP\u010delice\u201c\" href=\"https:\/\/metaloplastika.info\/en\/product-category\/tegle-pcelice\/\" data-no-translation-aria-label=\"\"><div class=\"inner\">\n    <div class=\"ux-box-image\">\n         <img loading=\"lazy\" decoding=\"async\" src=\"https:\/\/metaloplastika.info\/wp-content\/uploads\/2018\/07\/ad-tegle-pcelice-247x300.jpg\" alt=\"Tegle \u201eP\u010delice\u201c\" width=\"247\" height=\"300\" \/>    <\/div><!-- .ux-box-image -->\n    <div class=\"ux-box-text  show-first\">\n       \t<h3 class=\"uppercase header-title\">\n       \tJars \"Honeybee\"\t\t<\/h3>\n\t\t<p class=\"smallest-font uppercase count\"> 4 Products<\/p>\n\t\t       \n    <\/div><!-- .ux-box-text-overlay -->\n<\/div>\n<\/a><\/li>\n<li class=\"product-category ux-box text-center ux-text-overlay\">\n<a aria-label=\"Visit product category \u010cetvrtaste \u201eDekor\u201c tegle\" href=\"https:\/\/metaloplastika.info\/en\/product-category\/cetvrtaste-tegle\/\" data-no-translation-aria-label=\"\"><div class=\"inner\">\n    <div class=\"ux-box-image\">\n         <img loading=\"lazy\" decoding=\"async\" src=\"https:\/\/metaloplastika.info\/wp-content\/uploads\/2018\/07\/ad-cetvrtaste-tegle-247x300.jpg\" alt=\"\u010cetvrtaste \u201eDekor\u201c tegle\" width=\"247\" height=\"300\" \/>    <\/div><!-- .ux-box-image -->\n    <div class=\"ux-box-text  show-first\">\n       \t<h3 class=\"uppercase header-title\">\n       \tSquare \"Decor\" jars\t\t<\/h3>\n\t\t<p class=\"smallest-font uppercase count\"> 6 Products<\/p>\n\t\t       \n    <\/div><!-- .ux-box-text-overlay -->\n<\/div>\n<\/a><\/li>\n<li class=\"product-category ux-box text-center ux-text-overlay\">\n<a aria-label=\"Visit product category Ostale tegle\" href=\"https:\/\/metaloplastika.info\/en\/product-category\/ostale-tegle\/\" data-no-translation-aria-label=\"\"><div class=\"inner\">\n    <div class=\"ux-box-image\">\n         <img loading=\"lazy\" decoding=\"async\" src=\"https:\/\/metaloplastika.info\/wp-content\/uploads\/2018\/06\/10313-kosa-tegla-velika-3-247x300.jpg\" alt=\"Ostale tegle\" width=\"247\" height=\"300\" \/>    <\/div><!-- .ux-box-image -->\n    <div class=\"ux-box-text  show-first\">\n       \t<h3 class=\"uppercase header-title\">\n       \tOther jars\t\t<\/h3>\n\t\t<p class=\"smallest-font uppercase count\"> 16 Products<\/p>\n\t\t       \n    <\/div><!-- .ux-box-text-overlay -->\n<\/div>\n<\/a><\/li>\n<li class=\"product-category ux-box text-center ux-text-overlay\">\n<a aria-label=\"Visit product category Boce\" href=\"https:\/\/metaloplastika.info\/en\/product-category\/boce\/\" data-no-translation-aria-label=\"\"><div class=\"inner\">\n    <div class=\"ux-box-image\">\n         <img loading=\"lazy\" decoding=\"async\" src=\"https:\/\/metaloplastika.info\/wp-content\/uploads\/2018\/07\/ad-boce-247x300.jpg\" alt=\"Boce\" width=\"247\" height=\"300\" \/>    <\/div><!-- .ux-box-image -->\n    <div class=\"ux-box-text  show-first\">\n       \t<h3 class=\"uppercase header-title\">\n       \tBottles\t\t<\/h3>\n\t\t<p class=\"smallest-font uppercase count\"> 5 Products<\/p>\n\t\t       \n    <\/div><!-- .ux-box-text-overlay -->\n<\/div>\n<\/a><\/li>\n<li class=\"product-category ux-box text-center ux-text-overlay\">\n<a aria-label=\"Visit product category Obele\u017eiva\u010di za cve\u0107e\" href=\"https:\/\/metaloplastika.info\/en\/product-category\/obelezivaci-za-cvece\/\" data-no-translation-aria-label=\"\"><div class=\"inner\">\n    <div class=\"ux-box-image\">\n         <img loading=\"lazy\" decoding=\"async\" src=\"https:\/\/metaloplastika.info\/wp-content\/uploads\/2019\/01\/obelezivac-za-cvece-srednji-247x300.jpg\" alt=\"Obele\u017eiva\u010di za cve\u0107e\" width=\"247\" height=\"300\" \/>    <\/div><!-- .ux-box-image -->\n    <div class=\"ux-box-text  show-first\">\n       \t<h3 class=\"uppercase header-title\">\n       \tObele\u017eiva\u010di za cve\u0107e\t\t<\/h3>\n\t\t<p class=\"smallest-font uppercase count\"> 3 Products<\/p>\n\t\t       \n    <\/div><!-- .ux-box-text-overlay -->\n<\/div>\n<\/a><\/li>\n<li class=\"product-category ux-box text-center ux-text-overlay\">\n<a aria-label=\"Visit product category Saksije za cetinare\" href=\"https:\/\/metaloplastika.info\/en\/product-category\/saksije-za-cetinare\/\" data-no-translation-aria-label=\"\"><div class=\"inner\">\n    <div class=\"ux-box-image\">\n         <img loading=\"lazy\" decoding=\"async\" src=\"https:\/\/metaloplastika.info\/wp-content\/uploads\/2020\/10\/saksija-za-cetinare-23-oblik-247x300.jpg\" alt=\"Saksije za cetinare\" width=\"247\" height=\"300\" \/>    <\/div><!-- .ux-box-image -->\n    <div class=\"ux-box-text  show-first\">\n       \t<h3 class=\"uppercase header-title\">\n       \tSaksije za cetinare\t\t<\/h3>\n\t\t<p class=\"smallest-font uppercase count\"> 2 Products<\/p>\n\t\t       \n    <\/div><!-- .ux-box-text-overlay -->\n<\/div>\n<\/a><\/li><\/ul>\n<\/div>\n<\/div><!-- .large-12 --><\/div>","protected":false},"excerpt":{"rendered":"","protected":false},"author":1,"featured_media":0,"parent":0,"menu_order":0,"comment_status":"closed","ping_status":"closed","template":"page-blank.php","meta":{"footnotes":""},"class_list":["post-40","page","type-page","status-publish","hentry"],"yoast_head":"<!-- This site is optimized with the Yoast SEO plugin v27.2 - https:\/\/yoast.com\/product\/yoast-seo-wordpress\/ -->\n<title>Ponuda - proizvodnja Metaloplastika Sre\u0107kovi\u0107 Vrnja\u010dka Banja<\/title>\n<meta name=\"description\" content=\"Proizvodnja plasti\u010dnih saksija za cve\u0107e, vise\u0107ih saksija, saksija za rasadu, zaka\u010dki za vise\u0107e saksije, folija za rasadu, plasti\u010dnih tegli\u2026 Metaloplastika Vrnja\u010dka Banja\" \/>\n<meta name=\"robots\" content=\"index, follow, max-snippet:-1, max-image-preview:large, max-video-preview:-1\" \/>\n<link rel=\"canonical\" href=\"https:\/\/metaloplastika.info\/en\/proizvodi\/\" \/>\n<meta property=\"og:locale\" content=\"en_GB\" \/>\n<meta property=\"og:type\" content=\"article\" \/>\n<meta property=\"og:title\" content=\"Ponuda - proizvodnja Metaloplastika Sre\u0107kovi\u0107 Vrnja\u010dka Banja\" \/>\n<meta property=\"og:description\" content=\"Proizvodnja plasti\u010dnih saksija za cve\u0107e, vise\u0107ih saksija, saksija za rasadu, zaka\u010dki za vise\u0107e saksije, folija za rasadu, plasti\u010dnih tegli\u2026 Metaloplastika Vrnja\u010dka Banja\" \/>\n<meta property=\"og:url\" content=\"https:\/\/metaloplastika.info\/en\/proizvodi\/\" \/>\n<meta property=\"og:site_name\" content=\"metaloplastika\" \/>\n<meta property=\"article:modified_time\" content=\"2018-03-14T10:22:51+00:00\" \/>\n<meta name=\"twitter:card\" content=\"summary_large_image\" \/>\n<script type=\"application\/ld+json\" class=\"yoast-schema-graph\">{\"@context\":\"https:\/\/schema.org\",\"@graph\":[{\"@type\":\"WebPage\",\"@id\":\"https:\/\/metaloplastika.info\/proizvodi\/\",\"url\":\"https:\/\/metaloplastika.info\/proizvodi\/\",\"name\":\"Ponuda - proizvodnja Metaloplastika Sre\u0107kovi\u0107 Vrnja\u010dka Banja\",\"isPartOf\":{\"@id\":\"http:\/\/metaloplastika.info\/#website\"},\"datePublished\":\"2017-07-17T22:35:24+00:00\",\"dateModified\":\"2018-03-14T10:22:51+00:00\",\"description\":\"Proizvodnja plasti\u010dnih saksija za cve\u0107e, vise\u0107ih saksija, saksija za rasadu, zaka\u010dki za vise\u0107e saksije, folija za rasadu, plasti\u010dnih tegli\u2026 Metaloplastika Vrnja\u010dka Banja\",\"breadcrumb\":{\"@id\":\"https:\/\/metaloplastika.info\/proizvodi\/#breadcrumb\"},\"inLanguage\":\"en-GB\",\"potentialAction\":[{\"@type\":\"ReadAction\",\"target\":[\"https:\/\/metaloplastika.info\/proizvodi\/\"]}]},{\"@type\":\"BreadcrumbList\",\"@id\":\"https:\/\/metaloplastika.info\/proizvodi\/#breadcrumb\",\"itemListElement\":[{\"@type\":\"ListItem\",\"position\":1,\"name\":\"Home\",\"item\":\"http:\/\/metaloplastika.info\/\"},{\"@type\":\"ListItem\",\"position\":2,\"name\":\"Proizvodi\"}]},{\"@type\":\"WebSite\",\"@id\":\"http:\/\/metaloplastika.info\/#website\",\"url\":\"http:\/\/metaloplastika.info\/\",\"name\":\"metaloplastika\",\"description\":\"Ukrasne saksije, saksije za rasad, zakacke za saksije, kontejneri\",\"potentialAction\":[{\"@type\":\"SearchAction\",\"target\":{\"@type\":\"EntryPoint\",\"urlTemplate\":\"http:\/\/metaloplastika.info\/?s={search_term_string}\"},\"query-input\":{\"@type\":\"PropertyValueSpecification\",\"valueRequired\":true,\"valueName\":\"search_term_string\"}}],\"inLanguage\":\"en-GB\"}]}<\/script>\n<!-- \/ Yoast SEO plugin. -->","yoast_head_json":{"title":"Ponuda - proizvodnja Metaloplastika Sre\u0107kovi\u0107 Vrnja\u010dka Banja","description":"Proizvodnja plasti\u010dnih saksija za cve\u0107e, vise\u0107ih saksija, saksija za rasadu, zaka\u010dki za vise\u0107e saksije, folija za rasadu, plasti\u010dnih tegli\u2026 Metaloplastika Vrnja\u010dka Banja","robots":{"index":"index","follow":"follow","max-snippet":"max-snippet:-1","max-image-preview":"max-image-preview:large","max-video-preview":"max-video-preview:-1"},"canonical":"https:\/\/metaloplastika.info\/en\/proizvodi\/","og_locale":"en_GB","og_type":"article","og_title":"Ponuda - proizvodnja Metaloplastika Sre\u0107kovi\u0107 Vrnja\u010dka Banja","og_description":"Proizvodnja plasti\u010dnih saksija za cve\u0107e, vise\u0107ih saksija, saksija za rasadu, zaka\u010dki za vise\u0107e saksije, folija za rasadu, plasti\u010dnih tegli\u2026 Metaloplastika Vrnja\u010dka Banja","og_url":"https:\/\/metaloplastika.info\/en\/proizvodi\/","og_site_name":"metaloplastika","article_modified_time":"2018-03-14T10:22:51+00:00","twitter_card":"summary_large_image","schema":{"@context":"https:\/\/schema.org","@graph":[{"@type":"WebPage","@id":"https:\/\/metaloplastika.info\/proizvodi\/","url":"https:\/\/metaloplastika.info\/proizvodi\/","name":"Ponuda - proizvodnja Metaloplastika Sre\u0107kovi\u0107 Vrnja\u010dka Banja","isPartOf":{"@id":"http:\/\/metaloplastika.info\/#website"},"datePublished":"2017-07-17T22:35:24+00:00","dateModified":"2018-03-14T10:22:51+00:00","description":"Proizvodnja plasti\u010dnih saksija za cve\u0107e, vise\u0107ih saksija, saksija za rasadu, zaka\u010dki za vise\u0107e saksije, folija za rasadu, plasti\u010dnih tegli\u2026 Metaloplastika Vrnja\u010dka Banja","breadcrumb":{"@id":"https:\/\/metaloplastika.info\/proizvodi\/#breadcrumb"},"inLanguage":"en-GB","potentialAction":[{"@type":"ReadAction","target":["https:\/\/metaloplastika.info\/proizvodi\/"]}]},{"@type":"BreadcrumbList","@id":"https:\/\/metaloplastika.info\/proizvodi\/#breadcrumb","itemListElement":[{"@type":"ListItem","position":1,"name":"Home","item":"http:\/\/metaloplastika.info\/"},{"@type":"ListItem","position":2,"name":"Proizvodi"}]},{"@type":"WebSite","@id":"http:\/\/metaloplastika.info\/#website","url":"http:\/\/metaloplastika.info\/","name":"metaloplastika","description":"Ukrasne saksije, saksije za rasad, zakacke za saksije, kontejneri","potentialAction":[{"@type":"SearchAction","target":{"@type":"EntryPoint","urlTemplate":"http:\/\/metaloplastika.info\/?s={search_term_string}"},"query-input":{"@type":"PropertyValueSpecification","valueRequired":true,"valueName":"search_term_string"}}],"inLanguage":"en-GB"}]}},"_links":{"self":[{"href":"https:\/\/metaloplastika.info\/en\/wp-json\/wp\/v2\/pages\/40","targetHints":{"allow":["GET"]}}],"collection":[{"href":"https:\/\/metaloplastika.info\/en\/wp-json\/wp\/v2\/pages"}],"about":[{"href":"https:\/\/metaloplastika.info\/en\/wp-json\/wp\/v2\/types\/page"}],"author":[{"embeddable":true,"href":"https:\/\/metaloplastika.info\/en\/wp-json\/wp\/v2\/users\/1"}],"replies":[{"embeddable":true,"href":"https:\/\/metaloplastika.info\/en\/wp-json\/wp\/v2\/comments?post=40"}],"version-history":[{"count":6,"href":"https:\/\/metaloplastika.info\/en\/wp-json\/wp\/v2\/pages\/40\/revisions"}],"predecessor-version":[{"id":406,"href":"https:\/\/metaloplastika.info\/en\/wp-json\/wp\/v2\/pages\/40\/revisions\/406"}],"wp:attachment":[{"href":"https:\/\/metaloplastika.info\/en\/wp-json\/wp\/v2\/media?parent=40"}],"curies":[{"name":"wp","href":"https:\/\/api.w.org\/{rel}","templated":true}]}}