{"id":665,"date":"2018-05-22T22:28:08","date_gmt":"2018-05-22T20:28:08","guid":{"rendered":"http:\/\/metaloplastika.info\/?post_type=product&#038;p=665"},"modified":"2018-07-28T09:07:21","modified_gmt":"2018-07-28T07:07:21","slug":"sestougaona-tegla-018-lit","status":"publish","type":"product","link":"http:\/\/metaloplastika.info\/en\/product\/sestougaona-tegla-018-lit\/","title":{"rendered":"Hexagonal jar 0.18 lit."},"content":{"rendered":"<p>Plastic jar, PET jar, PET packaging, hexagonal jar 180 ml<\/p>\n<p>Our hexagonal jar in volume of 180 ml is predominantly intended for honey. Compact dimensions, proportions, excellent design quality...<br \/>\nMake sure of the quality of our products!<\/p>","protected":false},"excerpt":{"rendered":"<p>All packaging is made of a colorless polymeric material, with no foreign stamps and residual odors, intended for packaging foodstuffs.<\/p>","protected":false},"featured_media":820,"template":"","meta":[],"product_brand":[],"product_cat":[72],"product_tag":[80,78,83,77],"class_list":{"0":"post-665","1":"product","2":"type-product","3":"status-publish","4":"has-post-thumbnail","6":"product_cat-sestougaone-tegle","7":"product_tag-pet-ambalaza","8":"product_tag-plasticne-tegle","9":"product_tag-sestougaone-tegle","10":"product_tag-tegla","12":"first","13":"instock","14":"shipping-taxable","15":"product-type-simple"},"yoast_head":"<!-- This site is optimized with the Yoast SEO plugin v27.2 - https:\/\/yoast.com\/product\/yoast-seo-wordpress\/ -->\n<title>\u0160estougaona tegla 0,18 litara - Metaloplastika Sre\u0107kovi\u0107 Vrnja\u010dka Banja<\/title>\n<meta name=\"description\" content=\"Plasticna tegla, PET teglica, PET ambalaza, sestougaona tegla 180 ml\" \/>\n<meta name=\"robots\" content=\"index, follow, max-snippet:-1, max-image-preview:large, max-video-preview:-1\" \/>\n<link rel=\"canonical\" href=\"https:\/\/metaloplastika.info\/en\/product\/sestougaona-tegla-018-lit\/\" \/>\n<meta property=\"og:locale\" content=\"en_GB\" \/>\n<meta property=\"og:type\" content=\"article\" \/>\n<meta property=\"og:title\" content=\"\u0160estougaona tegla 0,18 litara - Metaloplastika Sre\u0107kovi\u0107 Vrnja\u010dka Banja\" \/>\n<meta property=\"og:description\" content=\"Plasticna tegla, PET teglica, PET ambalaza, sestougaona tegla 180 ml\" \/>\n<meta property=\"og:url\" content=\"https:\/\/metaloplastika.info\/en\/product\/sestougaona-tegla-018-lit\/\" \/>\n<meta property=\"og:site_name\" content=\"metaloplastika\" \/>\n<meta property=\"article:modified_time\" content=\"2018-07-28T07:07:21+00:00\" \/>\n<meta property=\"og:image\" content=\"https:\/\/metaloplastika.info\/wp-content\/uploads\/2018\/05\/10105-teglica-sestougaona-180-ml-1.jpg\" \/>\n\t<meta property=\"og:image:width\" content=\"1200\" \/>\n\t<meta property=\"og:image:height\" content=\"800\" \/>\n\t<meta property=\"og:image:type\" content=\"image\/jpeg\" \/>\n<meta name=\"twitter:card\" content=\"summary_large_image\" \/>\n<script type=\"application\/ld+json\" class=\"yoast-schema-graph\">{\"@context\":\"https:\/\/schema.org\",\"@graph\":[{\"@type\":\"WebPage\",\"@id\":\"https:\/\/metaloplastika.info\/product\/sestougaona-tegla-018-lit\/\",\"url\":\"https:\/\/metaloplastika.info\/product\/sestougaona-tegla-018-lit\/\",\"name\":\"\u0160estougaona tegla 0,18 litara - Metaloplastika Sre\u0107kovi\u0107 Vrnja\u010dka Banja\",\"isPartOf\":{\"@id\":\"http:\/\/metaloplastika.info\/#website\"},\"primaryImageOfPage\":{\"@id\":\"https:\/\/metaloplastika.info\/product\/sestougaona-tegla-018-lit\/#primaryimage\"},\"image\":{\"@id\":\"https:\/\/metaloplastika.info\/product\/sestougaona-tegla-018-lit\/#primaryimage\"},\"thumbnailUrl\":\"http:\/\/metaloplastika.info\/wp-content\/uploads\/2018\/05\/10105-teglica-sestougaona-180-ml-1.jpg\",\"datePublished\":\"2018-05-22T20:28:08+00:00\",\"dateModified\":\"2018-07-28T07:07:21+00:00\",\"description\":\"Plasticna tegla, PET teglica, PET ambalaza, sestougaona tegla 180 ml\",\"breadcrumb\":{\"@id\":\"https:\/\/metaloplastika.info\/product\/sestougaona-tegla-018-lit\/#breadcrumb\"},\"inLanguage\":\"en-GB\",\"potentialAction\":[{\"@type\":\"ReadAction\",\"target\":[\"https:\/\/metaloplastika.info\/product\/sestougaona-tegla-018-lit\/\"]}]},{\"@type\":\"ImageObject\",\"inLanguage\":\"en-GB\",\"@id\":\"https:\/\/metaloplastika.info\/product\/sestougaona-tegla-018-lit\/#primaryimage\",\"url\":\"http:\/\/metaloplastika.info\/wp-content\/uploads\/2018\/05\/10105-teglica-sestougaona-180-ml-1.jpg\",\"contentUrl\":\"http:\/\/metaloplastika.info\/wp-content\/uploads\/2018\/05\/10105-teglica-sestougaona-180-ml-1.jpg\",\"width\":1200,\"height\":800,\"caption\":\"Plasticna tegla, PET teglica, PET ambalaza, sestougaona tegla 180 ml\"},{\"@type\":\"BreadcrumbList\",\"@id\":\"https:\/\/metaloplastika.info\/product\/sestougaona-tegla-018-lit\/#breadcrumb\",\"itemListElement\":[{\"@type\":\"ListItem\",\"position\":1,\"name\":\"Home\",\"item\":\"http:\/\/metaloplastika.info\/\"},{\"@type\":\"ListItem\",\"position\":2,\"name\":\"\u041f\u0440\u043e\u0438\u0437\u0432\u043e\u0434\u0438\",\"item\":\"http:\/\/metaloplastika.info\/shop\/\"},{\"@type\":\"ListItem\",\"position\":3,\"name\":\"\u0160estougaona teglica 0,18 lit.\"}]},{\"@type\":\"WebSite\",\"@id\":\"http:\/\/metaloplastika.info\/#website\",\"url\":\"http:\/\/metaloplastika.info\/\",\"name\":\"metaloplastika\",\"description\":\"Ukrasne saksije, saksije za rasad, zakacke za saksije, kontejneri\",\"potentialAction\":[{\"@type\":\"SearchAction\",\"target\":{\"@type\":\"EntryPoint\",\"urlTemplate\":\"http:\/\/metaloplastika.info\/?s={search_term_string}\"},\"query-input\":{\"@type\":\"PropertyValueSpecification\",\"valueRequired\":true,\"valueName\":\"search_term_string\"}}],\"inLanguage\":\"en-GB\"}]}<\/script>\n<!-- \/ Yoast SEO plugin. -->","yoast_head_json":{"title":"\u0160estougaona tegla 0,18 litara - Metaloplastika Sre\u0107kovi\u0107 Vrnja\u010dka Banja","description":"Plastic jar, PET jar, PET packaging, hexagonal jar 180 ml","robots":{"index":"index","follow":"follow","max-snippet":"max-snippet:-1","max-image-preview":"max-image-preview:large","max-video-preview":"max-video-preview:-1"},"canonical":"https:\/\/metaloplastika.info\/en\/product\/sestougaona-tegla-018-lit\/","og_locale":"en_GB","og_type":"article","og_title":"\u0160estougaona tegla 0,18 litara - Metaloplastika Sre\u0107kovi\u0107 Vrnja\u010dka Banja","og_description":"Plasticna tegla, PET teglica, PET ambalaza, sestougaona tegla 180 ml","og_url":"https:\/\/metaloplastika.info\/en\/product\/sestougaona-tegla-018-lit\/","og_site_name":"metaloplastika","article_modified_time":"2018-07-28T07:07:21+00:00","og_image":[{"width":1200,"height":800,"url":"https:\/\/metaloplastika.info\/wp-content\/uploads\/2018\/05\/10105-teglica-sestougaona-180-ml-1.jpg","type":"image\/jpeg"}],"twitter_card":"summary_large_image","schema":{"@context":"https:\/\/schema.org","@graph":[{"@type":"WebPage","@id":"https:\/\/metaloplastika.info\/product\/sestougaona-tegla-018-lit\/","url":"https:\/\/metaloplastika.info\/product\/sestougaona-tegla-018-lit\/","name":"\u0160estougaona tegla 0,18 litara - Metaloplastika Sre\u0107kovi\u0107 Vrnja\u010dka Banja","isPartOf":{"@id":"http:\/\/metaloplastika.info\/#website"},"primaryImageOfPage":{"@id":"https:\/\/metaloplastika.info\/product\/sestougaona-tegla-018-lit\/#primaryimage"},"image":{"@id":"https:\/\/metaloplastika.info\/product\/sestougaona-tegla-018-lit\/#primaryimage"},"thumbnailUrl":"http:\/\/metaloplastika.info\/wp-content\/uploads\/2018\/05\/10105-teglica-sestougaona-180-ml-1.jpg","datePublished":"2018-05-22T20:28:08+00:00","dateModified":"2018-07-28T07:07:21+00:00","description":"Plastic jar, PET jar, PET packaging, hexagonal jar 180 ml","breadcrumb":{"@id":"https:\/\/metaloplastika.info\/product\/sestougaona-tegla-018-lit\/#breadcrumb"},"inLanguage":"en-GB","potentialAction":[{"@type":"ReadAction","target":["https:\/\/metaloplastika.info\/product\/sestougaona-tegla-018-lit\/"]}]},{"@type":"ImageObject","inLanguage":"en-GB","@id":"https:\/\/metaloplastika.info\/product\/sestougaona-tegla-018-lit\/#primaryimage","url":"http:\/\/metaloplastika.info\/wp-content\/uploads\/2018\/05\/10105-teglica-sestougaona-180-ml-1.jpg","contentUrl":"http:\/\/metaloplastika.info\/wp-content\/uploads\/2018\/05\/10105-teglica-sestougaona-180-ml-1.jpg","width":1200,"height":800,"caption":"Plasticna tegla, PET teglica, PET ambalaza, sestougaona tegla 180 ml"},{"@type":"BreadcrumbList","@id":"https:\/\/metaloplastika.info\/product\/sestougaona-tegla-018-lit\/#breadcrumb","itemListElement":[{"@type":"ListItem","position":1,"name":"Home","item":"http:\/\/metaloplastika.info\/"},{"@type":"ListItem","position":2,"name":"\u041f\u0440\u043e\u0438\u0437\u0432\u043e\u0434\u0438","item":"http:\/\/metaloplastika.info\/shop\/"},{"@type":"ListItem","position":3,"name":"\u0160estougaona teglica 0,18 lit."}]},{"@type":"WebSite","@id":"http:\/\/metaloplastika.info\/#website","url":"http:\/\/metaloplastika.info\/","name":"metaloplastika","description":"Ukrasne saksije, saksije za rasad, zakacke za saksije, kontejneri","potentialAction":[{"@type":"SearchAction","target":{"@type":"EntryPoint","urlTemplate":"http:\/\/metaloplastika.info\/?s={search_term_string}"},"query-input":{"@type":"PropertyValueSpecification","valueRequired":true,"valueName":"search_term_string"}}],"inLanguage":"en-GB"}]}},"_links":{"self":[{"href":"http:\/\/metaloplastika.info\/en\/wp-json\/wp\/v2\/product\/665","targetHints":{"allow":["GET"]}}],"collection":[{"href":"http:\/\/metaloplastika.info\/en\/wp-json\/wp\/v2\/product"}],"about":[{"href":"http:\/\/metaloplastika.info\/en\/wp-json\/wp\/v2\/types\/product"}],"wp:featuredmedia":[{"embeddable":true,"href":"http:\/\/metaloplastika.info\/en\/wp-json\/wp\/v2\/media\/820"}],"wp:attachment":[{"href":"http:\/\/metaloplastika.info\/en\/wp-json\/wp\/v2\/media?parent=665"}],"wp:term":[{"taxonomy":"product_brand","embeddable":true,"href":"http:\/\/metaloplastika.info\/en\/wp-json\/wp\/v2\/product_brand?post=665"},{"taxonomy":"product_cat","embeddable":true,"href":"http:\/\/metaloplastika.info\/en\/wp-json\/wp\/v2\/product_cat?post=665"},{"taxonomy":"product_tag","embeddable":true,"href":"http:\/\/metaloplastika.info\/en\/wp-json\/wp\/v2\/product_tag?post=665"}],"curies":[{"name":"wp","href":"https:\/\/api.w.org\/{rel}","templated":true}]}}