{"id":456,"date":"2017-11-09T23:59:10","date_gmt":"2017-11-09T21:59:10","guid":{"rendered":"http:\/\/metaloplastika.info\/?post_type=product&#038;p=456"},"modified":"2018-03-15T14:30:11","modified_gmt":"2018-03-15T12:30:11","slug":"zakacka-velika-nova","status":"publish","type":"product","link":"http:\/\/metaloplastika.info\/en\/product\/zakacka-velika-nova\/","title":{"rendered":"Hook big new"},"content":{"rendered":"","protected":false},"excerpt":{"rendered":"<p>HOOKS FOR HANGING TERRACOTTA POTS is manufactured in three dimensions and various colors,<span class=\"style5\"> and is manufacturing from highest quality plastic\u2026<\/span><\/p>","protected":false},"featured_media":461,"template":"","meta":[],"product_brand":[],"product_cat":[30],"product_tag":[27,37,38,39,31],"class_list":{"0":"post-456","1":"product","2":"type-product","3":"status-publish","4":"has-post-thumbnail","6":"product_cat-zakacke-za-visece-saksije","7":"product_tag-viseca-saksija","8":"product_tag-zakacka","9":"product_tag-zakacka-za-saksije","10":"product_tag-zakacke-za-saksije","11":"product_tag-zakacke-za-visece-saksije","13":"first","14":"instock","15":"shipping-taxable","16":"product-type-simple"},"yoast_head":"<!-- This site is optimized with the Yoast SEO plugin v27.2 - https:\/\/yoast.com\/product\/yoast-seo-wordpress\/ -->\n<title>Zaka\u010dka za vise\u0107e saksije, velika nova - Metaloplastika Vrnja\u010dka Banja<\/title>\n<meta name=\"robots\" content=\"index, follow, max-snippet:-1, max-image-preview:large, max-video-preview:-1\" \/>\n<link rel=\"canonical\" href=\"http:\/\/metaloplastika.info\/en\/product\/zakacka-velika-nova\/\" \/>\n<meta property=\"og:locale\" content=\"en_GB\" \/>\n<meta property=\"og:type\" content=\"article\" \/>\n<meta property=\"og:title\" content=\"Zaka\u010dka za vise\u0107e saksije, velika nova - Metaloplastika Vrnja\u010dka Banja\" \/>\n<meta property=\"og:description\" content=\"ZAKA\u010cKE ZA VISE\u0106E TERAKOT SAKSIJE proizvode se u tri dimenzije i vi\u0161e boja, i napravljene su od najkvalitetnije plastike\u2026\" \/>\n<meta property=\"og:url\" content=\"http:\/\/metaloplastika.info\/en\/product\/zakacka-velika-nova\/\" \/>\n<meta property=\"og:site_name\" content=\"metaloplastika\" \/>\n<meta property=\"article:modified_time\" content=\"2018-03-15T12:30:11+00:00\" \/>\n<meta property=\"og:image\" content=\"http:\/\/metaloplastika.info\/wp-content\/uploads\/2017\/11\/zakacka-nova-velika.jpg\" \/>\n\t<meta property=\"og:image:width\" content=\"1260\" \/>\n\t<meta property=\"og:image:height\" content=\"787\" \/>\n\t<meta property=\"og:image:type\" content=\"image\/jpeg\" \/>\n<meta name=\"twitter:card\" content=\"summary_large_image\" \/>\n<script type=\"application\/ld+json\" class=\"yoast-schema-graph\">{\"@context\":\"https:\/\/schema.org\",\"@graph\":[{\"@type\":\"WebPage\",\"@id\":\"http:\/\/metaloplastika.info\/product\/zakacka-velika-nova\/\",\"url\":\"http:\/\/metaloplastika.info\/product\/zakacka-velika-nova\/\",\"name\":\"Zaka\u010dka za vise\u0107e saksije, velika nova - Metaloplastika Vrnja\u010dka Banja\",\"isPartOf\":{\"@id\":\"http:\/\/metaloplastika.info\/#website\"},\"primaryImageOfPage\":{\"@id\":\"http:\/\/metaloplastika.info\/product\/zakacka-velika-nova\/#primaryimage\"},\"image\":{\"@id\":\"http:\/\/metaloplastika.info\/product\/zakacka-velika-nova\/#primaryimage\"},\"thumbnailUrl\":\"http:\/\/metaloplastika.info\/wp-content\/uploads\/2017\/11\/zakacka-nova-velika.jpg\",\"datePublished\":\"2017-11-09T21:59:10+00:00\",\"dateModified\":\"2018-03-15T12:30:11+00:00\",\"breadcrumb\":{\"@id\":\"http:\/\/metaloplastika.info\/product\/zakacka-velika-nova\/#breadcrumb\"},\"inLanguage\":\"en-GB\",\"potentialAction\":[{\"@type\":\"ReadAction\",\"target\":[\"http:\/\/metaloplastika.info\/product\/zakacka-velika-nova\/\"]}]},{\"@type\":\"ImageObject\",\"inLanguage\":\"en-GB\",\"@id\":\"http:\/\/metaloplastika.info\/product\/zakacka-velika-nova\/#primaryimage\",\"url\":\"http:\/\/metaloplastika.info\/wp-content\/uploads\/2017\/11\/zakacka-nova-velika.jpg\",\"contentUrl\":\"http:\/\/metaloplastika.info\/wp-content\/uploads\/2017\/11\/zakacka-nova-velika.jpg\",\"width\":1260,\"height\":787},{\"@type\":\"BreadcrumbList\",\"@id\":\"http:\/\/metaloplastika.info\/product\/zakacka-velika-nova\/#breadcrumb\",\"itemListElement\":[{\"@type\":\"ListItem\",\"position\":1,\"name\":\"Home\",\"item\":\"http:\/\/metaloplastika.info\/\"},{\"@type\":\"ListItem\",\"position\":2,\"name\":\"Products\",\"item\":\"https:\/\/metaloplastika.info\/en\/shop\/\"},{\"@type\":\"ListItem\",\"position\":3,\"name\":\"Zaka\u010dka velika nova\"}]},{\"@type\":\"WebSite\",\"@id\":\"http:\/\/metaloplastika.info\/#website\",\"url\":\"http:\/\/metaloplastika.info\/\",\"name\":\"metaloplastika\",\"description\":\"Ukrasne saksije, saksije za rasad, zakacke za saksije, kontejneri\",\"potentialAction\":[{\"@type\":\"SearchAction\",\"target\":{\"@type\":\"EntryPoint\",\"urlTemplate\":\"http:\/\/metaloplastika.info\/?s={search_term_string}\"},\"query-input\":{\"@type\":\"PropertyValueSpecification\",\"valueRequired\":true,\"valueName\":\"search_term_string\"}}],\"inLanguage\":\"en-GB\"}]}<\/script>\n<!-- \/ Yoast SEO plugin. -->","yoast_head_json":{"title":"Zaka\u010dka za vise\u0107e saksije, velika nova - Metaloplastika Vrnja\u010dka Banja","robots":{"index":"index","follow":"follow","max-snippet":"max-snippet:-1","max-image-preview":"max-image-preview:large","max-video-preview":"max-video-preview:-1"},"canonical":"http:\/\/metaloplastika.info\/en\/product\/zakacka-velika-nova\/","og_locale":"en_GB","og_type":"article","og_title":"Zaka\u010dka za vise\u0107e saksije, velika nova - Metaloplastika Vrnja\u010dka Banja","og_description":"ZAKA\u010cKE ZA VISE\u0106E TERAKOT SAKSIJE proizvode se u tri dimenzije i vi\u0161e boja, i napravljene su od najkvalitetnije plastike\u2026","og_url":"http:\/\/metaloplastika.info\/en\/product\/zakacka-velika-nova\/","og_site_name":"metaloplastika","article_modified_time":"2018-03-15T12:30:11+00:00","og_image":[{"width":1260,"height":787,"url":"http:\/\/metaloplastika.info\/wp-content\/uploads\/2017\/11\/zakacka-nova-velika.jpg","type":"image\/jpeg"}],"twitter_card":"summary_large_image","schema":{"@context":"https:\/\/schema.org","@graph":[{"@type":"WebPage","@id":"http:\/\/metaloplastika.info\/product\/zakacka-velika-nova\/","url":"http:\/\/metaloplastika.info\/product\/zakacka-velika-nova\/","name":"Zaka\u010dka za vise\u0107e saksije, velika nova - Metaloplastika Vrnja\u010dka Banja","isPartOf":{"@id":"http:\/\/metaloplastika.info\/#website"},"primaryImageOfPage":{"@id":"http:\/\/metaloplastika.info\/product\/zakacka-velika-nova\/#primaryimage"},"image":{"@id":"http:\/\/metaloplastika.info\/product\/zakacka-velika-nova\/#primaryimage"},"thumbnailUrl":"http:\/\/metaloplastika.info\/wp-content\/uploads\/2017\/11\/zakacka-nova-velika.jpg","datePublished":"2017-11-09T21:59:10+00:00","dateModified":"2018-03-15T12:30:11+00:00","breadcrumb":{"@id":"http:\/\/metaloplastika.info\/product\/zakacka-velika-nova\/#breadcrumb"},"inLanguage":"en-GB","potentialAction":[{"@type":"ReadAction","target":["http:\/\/metaloplastika.info\/product\/zakacka-velika-nova\/"]}]},{"@type":"ImageObject","inLanguage":"en-GB","@id":"http:\/\/metaloplastika.info\/product\/zakacka-velika-nova\/#primaryimage","url":"http:\/\/metaloplastika.info\/wp-content\/uploads\/2017\/11\/zakacka-nova-velika.jpg","contentUrl":"http:\/\/metaloplastika.info\/wp-content\/uploads\/2017\/11\/zakacka-nova-velika.jpg","width":1260,"height":787},{"@type":"BreadcrumbList","@id":"http:\/\/metaloplastika.info\/product\/zakacka-velika-nova\/#breadcrumb","itemListElement":[{"@type":"ListItem","position":1,"name":"Home","item":"http:\/\/metaloplastika.info\/"},{"@type":"ListItem","position":2,"name":"Products","item":"https:\/\/metaloplastika.info\/en\/shop\/"},{"@type":"ListItem","position":3,"name":"Zaka\u010dka velika nova"}]},{"@type":"WebSite","@id":"http:\/\/metaloplastika.info\/#website","url":"http:\/\/metaloplastika.info\/","name":"metaloplastika","description":"Ukrasne saksije, saksije za rasad, zakacke za saksije, kontejneri","potentialAction":[{"@type":"SearchAction","target":{"@type":"EntryPoint","urlTemplate":"http:\/\/metaloplastika.info\/?s={search_term_string}"},"query-input":{"@type":"PropertyValueSpecification","valueRequired":true,"valueName":"search_term_string"}}],"inLanguage":"en-GB"}]}},"_links":{"self":[{"href":"http:\/\/metaloplastika.info\/en\/wp-json\/wp\/v2\/product\/456","targetHints":{"allow":["GET"]}}],"collection":[{"href":"http:\/\/metaloplastika.info\/en\/wp-json\/wp\/v2\/product"}],"about":[{"href":"http:\/\/metaloplastika.info\/en\/wp-json\/wp\/v2\/types\/product"}],"wp:featuredmedia":[{"embeddable":true,"href":"http:\/\/metaloplastika.info\/en\/wp-json\/wp\/v2\/media\/461"}],"wp:attachment":[{"href":"http:\/\/metaloplastika.info\/en\/wp-json\/wp\/v2\/media?parent=456"}],"wp:term":[{"taxonomy":"product_brand","embeddable":true,"href":"http:\/\/metaloplastika.info\/en\/wp-json\/wp\/v2\/product_brand?post=456"},{"taxonomy":"product_cat","embeddable":true,"href":"http:\/\/metaloplastika.info\/en\/wp-json\/wp\/v2\/product_cat?post=456"},{"taxonomy":"product_tag","embeddable":true,"href":"http:\/\/metaloplastika.info\/en\/wp-json\/wp\/v2\/product_tag?post=456"}],"curies":[{"name":"wp","href":"https:\/\/api.w.org\/{rel}","templated":true}]}}