{"id":200,"date":"2017-07-18T22:52:46","date_gmt":"2017-07-18T20:52:46","guid":{"rendered":"http:\/\/metaloplastika.info\/?post_type=product&#038;p=200"},"modified":"2018-03-24T14:45:42","modified_gmt":"2018-03-24T12:45:42","slug":"zakacka-srednja","status":"publish","type":"product","link":"http:\/\/metaloplastika.info\/en\/product\/zakacka-srednja\/","title":{"rendered":"Hook middle"},"content":{"rendered":"","protected":false},"excerpt":{"rendered":"<p>HOOKS FOR HANGING TERRACOTTA POTS is manufactured in three dimensions and various colors,<span class=\"style5\"> and is manufacturing from highest quality plastic\u2026<\/span><\/p>","protected":false},"featured_media":202,"template":"","meta":[],"product_brand":[],"product_cat":[30],"product_tag":[24,29,28,31],"class_list":{"0":"post-200","1":"product","2":"type-product","3":"status-publish","4":"has-post-thumbnail","6":"product_cat-zakacke-za-visece-saksije","7":"product_tag-saksije","8":"product_tag-viseca-ukrasna-saksija","9":"product_tag-visece-saksije","10":"product_tag-zakacke-za-visece-saksije","12":"first","13":"instock","14":"shipping-taxable","15":"product-type-simple"},"yoast_head":"<!-- This site is optimized with the Yoast SEO plugin v27.2 - https:\/\/yoast.com\/product\/yoast-seo-wordpress\/ -->\n<title>Zaka\u010dka za vise\u0107e saksije, srednja - Metaloplastika Vrnja\u010dka Banja<\/title>\n<meta name=\"description\" content=\"Zaka\u010dke za saksije proizvodimo u tri dimenzije i vi\u0161e boja, i od najkvalitetnije plastike. Pogledajte ponudu i nasih saksija, kontejnera za rasadu...\" \/>\n<meta name=\"robots\" content=\"index, follow, max-snippet:-1, max-image-preview:large, max-video-preview:-1\" \/>\n<link rel=\"canonical\" href=\"http:\/\/metaloplastika.info\/en\/product\/zakacka-srednja\/\" \/>\n<meta property=\"og:locale\" content=\"en_GB\" \/>\n<meta property=\"og:type\" content=\"article\" \/>\n<meta property=\"og:title\" content=\"Zaka\u010dka za vise\u0107e saksije, srednja - Metaloplastika Vrnja\u010dka Banja\" \/>\n<meta property=\"og:description\" content=\"Zaka\u010dke za saksije proizvodimo u tri dimenzije i vi\u0161e boja, i od najkvalitetnije plastike. Pogledajte ponudu i nasih saksija, kontejnera za rasadu...\" \/>\n<meta property=\"og:url\" content=\"http:\/\/metaloplastika.info\/en\/product\/zakacka-srednja\/\" \/>\n<meta property=\"og:site_name\" content=\"metaloplastika\" \/>\n<meta property=\"article:modified_time\" content=\"2018-03-24T12:45:42+00:00\" \/>\n<meta property=\"og:image\" content=\"http:\/\/metaloplastika.info\/wp-content\/uploads\/2017\/07\/oblik-zakacka-srednja.jpg\" \/>\n\t<meta property=\"og:image:width\" content=\"600\" \/>\n\t<meta property=\"og:image:height\" content=\"420\" \/>\n\t<meta property=\"og:image:type\" content=\"image\/jpeg\" \/>\n<meta name=\"twitter:card\" content=\"summary_large_image\" \/>\n<script type=\"application\/ld+json\" class=\"yoast-schema-graph\">{\"@context\":\"https:\/\/schema.org\",\"@graph\":[{\"@type\":\"WebPage\",\"@id\":\"http:\/\/metaloplastika.info\/product\/zakacka-srednja\/\",\"url\":\"http:\/\/metaloplastika.info\/product\/zakacka-srednja\/\",\"name\":\"Zaka\u010dka za vise\u0107e saksije, srednja - Metaloplastika Vrnja\u010dka Banja\",\"isPartOf\":{\"@id\":\"http:\/\/metaloplastika.info\/#website\"},\"primaryImageOfPage\":{\"@id\":\"http:\/\/metaloplastika.info\/product\/zakacka-srednja\/#primaryimage\"},\"image\":{\"@id\":\"http:\/\/metaloplastika.info\/product\/zakacka-srednja\/#primaryimage\"},\"thumbnailUrl\":\"http:\/\/metaloplastika.info\/wp-content\/uploads\/2017\/07\/oblik-zakacka-srednja.jpg\",\"datePublished\":\"2017-07-18T20:52:46+00:00\",\"dateModified\":\"2018-03-24T12:45:42+00:00\",\"description\":\"Zaka\u010dke za saksije proizvodimo u tri dimenzije i vi\u0161e boja, i od najkvalitetnije plastike. Pogledajte ponudu i nasih saksija, kontejnera za rasadu...\",\"breadcrumb\":{\"@id\":\"http:\/\/metaloplastika.info\/product\/zakacka-srednja\/#breadcrumb\"},\"inLanguage\":\"en-GB\",\"potentialAction\":[{\"@type\":\"ReadAction\",\"target\":[\"http:\/\/metaloplastika.info\/product\/zakacka-srednja\/\"]}]},{\"@type\":\"ImageObject\",\"inLanguage\":\"en-GB\",\"@id\":\"http:\/\/metaloplastika.info\/product\/zakacka-srednja\/#primaryimage\",\"url\":\"http:\/\/metaloplastika.info\/wp-content\/uploads\/2017\/07\/oblik-zakacka-srednja.jpg\",\"contentUrl\":\"http:\/\/metaloplastika.info\/wp-content\/uploads\/2017\/07\/oblik-zakacka-srednja.jpg\",\"width\":600,\"height\":420},{\"@type\":\"BreadcrumbList\",\"@id\":\"http:\/\/metaloplastika.info\/product\/zakacka-srednja\/#breadcrumb\",\"itemListElement\":[{\"@type\":\"ListItem\",\"position\":1,\"name\":\"Home\",\"item\":\"http:\/\/metaloplastika.info\/\"},{\"@type\":\"ListItem\",\"position\":2,\"name\":\"Products\",\"item\":\"https:\/\/metaloplastika.info\/en\/shop\/\"},{\"@type\":\"ListItem\",\"position\":3,\"name\":\"Zaka\u010dka srednja\"}]},{\"@type\":\"WebSite\",\"@id\":\"http:\/\/metaloplastika.info\/#website\",\"url\":\"http:\/\/metaloplastika.info\/\",\"name\":\"metaloplastika\",\"description\":\"Ukrasne saksije, saksije za rasad, zakacke za saksije, kontejneri\",\"potentialAction\":[{\"@type\":\"SearchAction\",\"target\":{\"@type\":\"EntryPoint\",\"urlTemplate\":\"http:\/\/metaloplastika.info\/?s={search_term_string}\"},\"query-input\":{\"@type\":\"PropertyValueSpecification\",\"valueRequired\":true,\"valueName\":\"search_term_string\"}}],\"inLanguage\":\"en-GB\"}]}<\/script>\n<!-- \/ Yoast SEO plugin. -->","yoast_head_json":{"title":"Zaka\u010dka za vise\u0107e saksije, srednja - Metaloplastika Vrnja\u010dka Banja","description":"Zaka\u010dke za saksije proizvodimo u tri dimenzije i vi\u0161e boja, i od najkvalitetnije plastike. Pogledajte ponudu i nasih saksija, kontejnera za rasadu...","robots":{"index":"index","follow":"follow","max-snippet":"max-snippet:-1","max-image-preview":"max-image-preview:large","max-video-preview":"max-video-preview:-1"},"canonical":"http:\/\/metaloplastika.info\/en\/product\/zakacka-srednja\/","og_locale":"en_GB","og_type":"article","og_title":"Zaka\u010dka za vise\u0107e saksije, srednja - Metaloplastika Vrnja\u010dka Banja","og_description":"Zaka\u010dke za saksije proizvodimo u tri dimenzije i vi\u0161e boja, i od najkvalitetnije plastike. Pogledajte ponudu i nasih saksija, kontejnera za rasadu...","og_url":"http:\/\/metaloplastika.info\/en\/product\/zakacka-srednja\/","og_site_name":"metaloplastika","article_modified_time":"2018-03-24T12:45:42+00:00","og_image":[{"width":600,"height":420,"url":"http:\/\/metaloplastika.info\/wp-content\/uploads\/2017\/07\/oblik-zakacka-srednja.jpg","type":"image\/jpeg"}],"twitter_card":"summary_large_image","schema":{"@context":"https:\/\/schema.org","@graph":[{"@type":"WebPage","@id":"http:\/\/metaloplastika.info\/product\/zakacka-srednja\/","url":"http:\/\/metaloplastika.info\/product\/zakacka-srednja\/","name":"Zaka\u010dka za vise\u0107e saksije, srednja - Metaloplastika Vrnja\u010dka Banja","isPartOf":{"@id":"http:\/\/metaloplastika.info\/#website"},"primaryImageOfPage":{"@id":"http:\/\/metaloplastika.info\/product\/zakacka-srednja\/#primaryimage"},"image":{"@id":"http:\/\/metaloplastika.info\/product\/zakacka-srednja\/#primaryimage"},"thumbnailUrl":"http:\/\/metaloplastika.info\/wp-content\/uploads\/2017\/07\/oblik-zakacka-srednja.jpg","datePublished":"2017-07-18T20:52:46+00:00","dateModified":"2018-03-24T12:45:42+00:00","description":"Zaka\u010dke za saksije proizvodimo u tri dimenzije i vi\u0161e boja, i od najkvalitetnije plastike. Pogledajte ponudu i nasih saksija, kontejnera za rasadu...","breadcrumb":{"@id":"http:\/\/metaloplastika.info\/product\/zakacka-srednja\/#breadcrumb"},"inLanguage":"en-GB","potentialAction":[{"@type":"ReadAction","target":["http:\/\/metaloplastika.info\/product\/zakacka-srednja\/"]}]},{"@type":"ImageObject","inLanguage":"en-GB","@id":"http:\/\/metaloplastika.info\/product\/zakacka-srednja\/#primaryimage","url":"http:\/\/metaloplastika.info\/wp-content\/uploads\/2017\/07\/oblik-zakacka-srednja.jpg","contentUrl":"http:\/\/metaloplastika.info\/wp-content\/uploads\/2017\/07\/oblik-zakacka-srednja.jpg","width":600,"height":420},{"@type":"BreadcrumbList","@id":"http:\/\/metaloplastika.info\/product\/zakacka-srednja\/#breadcrumb","itemListElement":[{"@type":"ListItem","position":1,"name":"Home","item":"http:\/\/metaloplastika.info\/"},{"@type":"ListItem","position":2,"name":"Products","item":"https:\/\/metaloplastika.info\/en\/shop\/"},{"@type":"ListItem","position":3,"name":"Zaka\u010dka srednja"}]},{"@type":"WebSite","@id":"http:\/\/metaloplastika.info\/#website","url":"http:\/\/metaloplastika.info\/","name":"metaloplastika","description":"Ukrasne saksije, saksije za rasad, zakacke za saksije, kontejneri","potentialAction":[{"@type":"SearchAction","target":{"@type":"EntryPoint","urlTemplate":"http:\/\/metaloplastika.info\/?s={search_term_string}"},"query-input":{"@type":"PropertyValueSpecification","valueRequired":true,"valueName":"search_term_string"}}],"inLanguage":"en-GB"}]}},"_links":{"self":[{"href":"http:\/\/metaloplastika.info\/en\/wp-json\/wp\/v2\/product\/200","targetHints":{"allow":["GET"]}}],"collection":[{"href":"http:\/\/metaloplastika.info\/en\/wp-json\/wp\/v2\/product"}],"about":[{"href":"http:\/\/metaloplastika.info\/en\/wp-json\/wp\/v2\/types\/product"}],"wp:featuredmedia":[{"embeddable":true,"href":"http:\/\/metaloplastika.info\/en\/wp-json\/wp\/v2\/media\/202"}],"wp:attachment":[{"href":"http:\/\/metaloplastika.info\/en\/wp-json\/wp\/v2\/media?parent=200"}],"wp:term":[{"taxonomy":"product_brand","embeddable":true,"href":"http:\/\/metaloplastika.info\/en\/wp-json\/wp\/v2\/product_brand?post=200"},{"taxonomy":"product_cat","embeddable":true,"href":"http:\/\/metaloplastika.info\/en\/wp-json\/wp\/v2\/product_cat?post=200"},{"taxonomy":"product_tag","embeddable":true,"href":"http:\/\/metaloplastika.info\/en\/wp-json\/wp\/v2\/product_tag?post=200"}],"curies":[{"name":"wp","href":"https:\/\/api.w.org\/{rel}","templated":true}]}}