{"id":187,"date":"2017-07-18T22:44:12","date_gmt":"2017-07-18T20:44:12","guid":{"rendered":"http:\/\/metaloplastika.info\/?post_type=product&#038;p=187"},"modified":"2020-11-27T20:57:34","modified_gmt":"2020-11-27T18:57:34","slug":"viseca-saksija-ukrasna-fi-30cm-plitka","status":"publish","type":"product","link":"http:\/\/metaloplastika.info\/en\/product\/viseca-saksija-ukrasna-fi-30cm-plitka\/","title":{"rendered":"Hanging pot DECORATIVE \u00d8 30 cm shallow"},"content":{"rendered":"<p>Our pots are dual-layered. Pitch is 5\u00b0.<br \/>\nThe advantage of such a design is that the inner black foil who the winter protects the plant from the cold, while in the summer keeps it from the strong sun. That's why the plants in our pots are 30 to 40% better!<\/p>","protected":false},"excerpt":{"rendered":"<p>Na\u0161e saksije su dvoslojne. Nagib je 5\u00b0. Prednost takve izrade je u tome \u0161to je unutra\u0161nja folija crne boje koja zimi \u0161titi biljku od hladno\u0107e, a leti \u010duva od jakog sunca. Zato su biljke u na\u0161im saksijama od 30 do 40% kvalitetnije!<\/p>","protected":false},"featured_media":0,"template":"","meta":[],"product_brand":[],"product_cat":[22],"product_tag":[26,24,27,29,28],"class_list":{"0":"post-187","1":"product","2":"type-product","3":"status-publish","5":"product_cat-visece-saksije-ukrasne","6":"product_tag-saksija","7":"product_tag-saksije","8":"product_tag-viseca-saksija","9":"product_tag-viseca-ukrasna-saksija","10":"product_tag-visece-saksije","12":"first","13":"instock","14":"shipping-taxable","15":"product-type-simple"},"yoast_head":"<!-- This site is optimized with the Yoast SEO plugin v27.2 - https:\/\/yoast.com\/product\/yoast-seo-wordpress\/ -->\n<title>Vise\u0107a saksija UKRASNA fi 30 cm plitka - Metaloplastika Sreckovic<\/title>\n<meta name=\"robots\" content=\"index, follow, max-snippet:-1, max-image-preview:large, max-video-preview:-1\" \/>\n<link rel=\"canonical\" href=\"https:\/\/metaloplastika.info\/en\/product\/viseca-saksija-ukrasna-fi-30cm-plitka\/\" \/>\n<meta property=\"og:locale\" content=\"en_GB\" \/>\n<meta property=\"og:type\" content=\"article\" \/>\n<meta property=\"og:title\" content=\"Vise\u0107a saksija UKRASNA fi 30 cm plitka - Metaloplastika Sreckovic\" \/>\n<meta property=\"og:description\" content=\"Na\u0161e saksije su dvoslojne. Nagib je 5\u00b0. Prednost takve izrade je u tome \u0161to je unutra\u0161nja folija crne boje koja zimi \u0161titi biljku od hladno\u0107e, a leti \u010duva od jakog sunca. Zato su biljke u na\u0161im saksijama od 30 do 40% kvalitetnije!\" \/>\n<meta property=\"og:url\" content=\"https:\/\/metaloplastika.info\/en\/product\/viseca-saksija-ukrasna-fi-30cm-plitka\/\" \/>\n<meta property=\"og:site_name\" content=\"metaloplastika\" \/>\n<meta property=\"article:modified_time\" content=\"2020-11-27T18:57:34+00:00\" \/>\n<meta name=\"twitter:card\" content=\"summary_large_image\" \/>\n<script type=\"application\/ld+json\" class=\"yoast-schema-graph\">{\"@context\":\"https:\/\/schema.org\",\"@graph\":[{\"@type\":\"WebPage\",\"@id\":\"https:\/\/metaloplastika.info\/en\/product\/viseca-saksija-ukrasna-fi-30cm-plitka\/\",\"url\":\"https:\/\/metaloplastika.info\/en\/product\/viseca-saksija-ukrasna-fi-30cm-plitka\/\",\"name\":\"Vise\u0107a saksija UKRASNA fi 30 cm plitka - Metaloplastika Sreckovic\",\"isPartOf\":{\"@id\":\"http:\/\/metaloplastika.info\/#website\"},\"datePublished\":\"2017-07-18T20:44:12+00:00\",\"dateModified\":\"2020-11-27T18:57:34+00:00\",\"breadcrumb\":{\"@id\":\"https:\/\/metaloplastika.info\/en\/product\/viseca-saksija-ukrasna-fi-30cm-plitka\/#breadcrumb\"},\"inLanguage\":\"en-GB\",\"potentialAction\":[{\"@type\":\"ReadAction\",\"target\":[\"https:\/\/metaloplastika.info\/en\/product\/viseca-saksija-ukrasna-fi-30cm-plitka\/\"]}]},{\"@type\":\"BreadcrumbList\",\"@id\":\"https:\/\/metaloplastika.info\/en\/product\/viseca-saksija-ukrasna-fi-30cm-plitka\/#breadcrumb\",\"itemListElement\":[{\"@type\":\"ListItem\",\"position\":1,\"name\":\"Home\",\"item\":\"http:\/\/metaloplastika.info\/\"},{\"@type\":\"ListItem\",\"position\":2,\"name\":\"Products\",\"item\":\"https:\/\/metaloplastika.info\/en\/shop\/\"},{\"@type\":\"ListItem\",\"position\":3,\"name\":\"Vise\u0107a saksija UKRASNA \u00d8 30 cm plitka\"}]},{\"@type\":\"WebSite\",\"@id\":\"http:\/\/metaloplastika.info\/#website\",\"url\":\"http:\/\/metaloplastika.info\/\",\"name\":\"metaloplastika\",\"description\":\"Ukrasne saksije, saksije za rasad, zakacke za saksije, kontejneri\",\"potentialAction\":[{\"@type\":\"SearchAction\",\"target\":{\"@type\":\"EntryPoint\",\"urlTemplate\":\"http:\/\/metaloplastika.info\/?s={search_term_string}\"},\"query-input\":{\"@type\":\"PropertyValueSpecification\",\"valueRequired\":true,\"valueName\":\"search_term_string\"}}],\"inLanguage\":\"en-GB\"}]}<\/script>\n<!-- \/ Yoast SEO plugin. -->","yoast_head_json":{"title":"Vise\u0107a saksija UKRASNA fi 30 cm plitka - Metaloplastika Sreckovic","robots":{"index":"index","follow":"follow","max-snippet":"max-snippet:-1","max-image-preview":"max-image-preview:large","max-video-preview":"max-video-preview:-1"},"canonical":"https:\/\/metaloplastika.info\/en\/product\/viseca-saksija-ukrasna-fi-30cm-plitka\/","og_locale":"en_GB","og_type":"article","og_title":"Vise\u0107a saksija UKRASNA fi 30 cm plitka - Metaloplastika Sreckovic","og_description":"Na\u0161e saksije su dvoslojne. Nagib je 5\u00b0. Prednost takve izrade je u tome \u0161to je unutra\u0161nja folija crne boje koja zimi \u0161titi biljku od hladno\u0107e, a leti \u010duva od jakog sunca. Zato su biljke u na\u0161im saksijama od 30 do 40% kvalitetnije!","og_url":"https:\/\/metaloplastika.info\/en\/product\/viseca-saksija-ukrasna-fi-30cm-plitka\/","og_site_name":"metaloplastika","article_modified_time":"2020-11-27T18:57:34+00:00","twitter_card":"summary_large_image","schema":{"@context":"https:\/\/schema.org","@graph":[{"@type":"WebPage","@id":"https:\/\/metaloplastika.info\/en\/product\/viseca-saksija-ukrasna-fi-30cm-plitka\/","url":"https:\/\/metaloplastika.info\/en\/product\/viseca-saksija-ukrasna-fi-30cm-plitka\/","name":"Vise\u0107a saksija UKRASNA fi 30 cm plitka - Metaloplastika Sreckovic","isPartOf":{"@id":"http:\/\/metaloplastika.info\/#website"},"datePublished":"2017-07-18T20:44:12+00:00","dateModified":"2020-11-27T18:57:34+00:00","breadcrumb":{"@id":"https:\/\/metaloplastika.info\/en\/product\/viseca-saksija-ukrasna-fi-30cm-plitka\/#breadcrumb"},"inLanguage":"en-GB","potentialAction":[{"@type":"ReadAction","target":["https:\/\/metaloplastika.info\/en\/product\/viseca-saksija-ukrasna-fi-30cm-plitka\/"]}]},{"@type":"BreadcrumbList","@id":"https:\/\/metaloplastika.info\/en\/product\/viseca-saksija-ukrasna-fi-30cm-plitka\/#breadcrumb","itemListElement":[{"@type":"ListItem","position":1,"name":"Home","item":"http:\/\/metaloplastika.info\/"},{"@type":"ListItem","position":2,"name":"Products","item":"https:\/\/metaloplastika.info\/en\/shop\/"},{"@type":"ListItem","position":3,"name":"Vise\u0107a saksija UKRASNA \u00d8 30 cm plitka"}]},{"@type":"WebSite","@id":"http:\/\/metaloplastika.info\/#website","url":"http:\/\/metaloplastika.info\/","name":"metaloplastika","description":"Ukrasne saksije, saksije za rasad, zakacke za saksije, kontejneri","potentialAction":[{"@type":"SearchAction","target":{"@type":"EntryPoint","urlTemplate":"http:\/\/metaloplastika.info\/?s={search_term_string}"},"query-input":{"@type":"PropertyValueSpecification","valueRequired":true,"valueName":"search_term_string"}}],"inLanguage":"en-GB"}]}},"_links":{"self":[{"href":"http:\/\/metaloplastika.info\/en\/wp-json\/wp\/v2\/product\/187","targetHints":{"allow":["GET"]}}],"collection":[{"href":"http:\/\/metaloplastika.info\/en\/wp-json\/wp\/v2\/product"}],"about":[{"href":"http:\/\/metaloplastika.info\/en\/wp-json\/wp\/v2\/types\/product"}],"wp:attachment":[{"href":"http:\/\/metaloplastika.info\/en\/wp-json\/wp\/v2\/media?parent=187"}],"wp:term":[{"taxonomy":"product_brand","embeddable":true,"href":"http:\/\/metaloplastika.info\/en\/wp-json\/wp\/v2\/product_brand?post=187"},{"taxonomy":"product_cat","embeddable":true,"href":"http:\/\/metaloplastika.info\/en\/wp-json\/wp\/v2\/product_cat?post=187"},{"taxonomy":"product_tag","embeddable":true,"href":"http:\/\/metaloplastika.info\/en\/wp-json\/wp\/v2\/product_tag?post=187"}],"curies":[{"name":"wp","href":"https:\/\/api.w.org\/{rel}","templated":true}]}}