{"id":153,"date":"2017-07-18T22:28:01","date_gmt":"2017-07-18T20:28:01","guid":{"rendered":"http:\/\/metaloplastika.info\/?post_type=product&#038;p=153"},"modified":"2020-10-10T21:12:38","modified_gmt":"2020-10-10T19:12:38","slug":"viseca-saksija-obicna-fi-17cm","status":"publish","type":"product","link":"http:\/\/metaloplastika.info\/en\/product\/viseca-saksija-obicna-fi-17cm\/","title":{"rendered":"Hanging pot REGULAR \u00d8 17 cm"},"content":{"rendered":"<p>Our pots are dual-layered. Pitch is 5\u00b0.<br \/>\nThe advantage of such a design is that the inner black foil who the winter protects the plant from the cold, while in the summer keeps it from the strong sun. That's why the plants in our pots are 30 to 40% better!<\/p>","protected":false},"excerpt":{"rendered":"<p>Our pots are dual-layered. Pitch is 5\u00b0.<br \/>\nThe advantage of such a design is that the inner black foil who the winter protects the plant from the cold, while in the summer keeps it from the strong sun. That's why the plants in our pots are 30 to 40% better!<\/p>","protected":false},"featured_media":1361,"template":"","meta":[],"product_brand":[],"product_cat":[21],"product_tag":[26,24,27,28],"class_list":{"0":"post-153","1":"product","2":"type-product","3":"status-publish","4":"has-post-thumbnail","6":"product_cat-visece-saksije-obicne","7":"product_tag-saksija","8":"product_tag-saksije","9":"product_tag-viseca-saksija","10":"product_tag-visece-saksije","12":"first","13":"instock","14":"shipping-taxable","15":"product-type-simple"},"yoast_head":"<!-- This site is optimized with the Yoast SEO plugin v27.2 - https:\/\/yoast.com\/product\/yoast-seo-wordpress\/ -->\n<title>Vise\u0107a saksija OBI\u010cNA \u00d8 17 cm - metaloplastika Sreckovic Vrnjacka Banja<\/title>\n<meta name=\"description\" content=\"viseca saksija obicna, fi 20, metaloplastika sreckovic, plasticna viseca saksija, plasticne saksije, saksija sa zakackom, prodaja visecih saksija\" \/>\n<meta name=\"robots\" content=\"index, follow, max-snippet:-1, max-image-preview:large, max-video-preview:-1\" \/>\n<link rel=\"canonical\" href=\"http:\/\/metaloplastika.info\/en\/product\/viseca-saksija-obicna-fi-17cm\/\" \/>\n<meta property=\"og:locale\" content=\"en_GB\" \/>\n<meta property=\"og:type\" content=\"article\" \/>\n<meta property=\"og:title\" content=\"Vise\u0107a saksija OBI\u010cNA \u00d8 17 cm - metaloplastika Sreckovic Vrnjacka Banja\" \/>\n<meta property=\"og:description\" content=\"viseca saksija obicna, fi 20, metaloplastika sreckovic, plasticna viseca saksija, plasticne saksije, saksija sa zakackom, prodaja visecih saksija\" \/>\n<meta property=\"og:url\" content=\"http:\/\/metaloplastika.info\/en\/product\/viseca-saksija-obicna-fi-17cm\/\" \/>\n<meta property=\"og:site_name\" content=\"metaloplastika\" \/>\n<meta property=\"article:modified_time\" content=\"2020-10-10T19:12:38+00:00\" \/>\n<meta property=\"og:image\" content=\"http:\/\/metaloplastika.info\/wp-content\/uploads\/2017\/07\/saksija-viseca-obicna-bela-17a-1.jpg\" \/>\n\t<meta property=\"og:image:width\" content=\"1000\" \/>\n\t<meta property=\"og:image:height\" content=\"800\" \/>\n\t<meta property=\"og:image:type\" content=\"image\/jpeg\" \/>\n<meta name=\"twitter:card\" content=\"summary_large_image\" \/>\n<script type=\"application\/ld+json\" class=\"yoast-schema-graph\">{\"@context\":\"https:\/\/schema.org\",\"@graph\":[{\"@type\":\"WebPage\",\"@id\":\"http:\/\/metaloplastika.info\/product\/viseca-saksija-obicna-fi-17cm\/\",\"url\":\"http:\/\/metaloplastika.info\/product\/viseca-saksija-obicna-fi-17cm\/\",\"name\":\"Vise\u0107a saksija OBI\u010cNA \u00d8 17 cm - metaloplastika Sreckovic Vrnjacka Banja\",\"isPartOf\":{\"@id\":\"http:\/\/metaloplastika.info\/#website\"},\"primaryImageOfPage\":{\"@id\":\"http:\/\/metaloplastika.info\/product\/viseca-saksija-obicna-fi-17cm\/#primaryimage\"},\"image\":{\"@id\":\"http:\/\/metaloplastika.info\/product\/viseca-saksija-obicna-fi-17cm\/#primaryimage\"},\"thumbnailUrl\":\"http:\/\/metaloplastika.info\/wp-content\/uploads\/2017\/07\/saksija-viseca-obicna-bela-17a-1.jpg\",\"datePublished\":\"2017-07-18T20:28:01+00:00\",\"dateModified\":\"2020-10-10T19:12:38+00:00\",\"description\":\"viseca saksija obicna, fi 20, metaloplastika sreckovic, plasticna viseca saksija, plasticne saksije, saksija sa zakackom, prodaja visecih saksija\",\"breadcrumb\":{\"@id\":\"http:\/\/metaloplastika.info\/product\/viseca-saksija-obicna-fi-17cm\/#breadcrumb\"},\"inLanguage\":\"en-GB\",\"potentialAction\":[{\"@type\":\"ReadAction\",\"target\":[\"http:\/\/metaloplastika.info\/product\/viseca-saksija-obicna-fi-17cm\/\"]}]},{\"@type\":\"ImageObject\",\"inLanguage\":\"en-GB\",\"@id\":\"http:\/\/metaloplastika.info\/product\/viseca-saksija-obicna-fi-17cm\/#primaryimage\",\"url\":\"http:\/\/metaloplastika.info\/wp-content\/uploads\/2017\/07\/saksija-viseca-obicna-bela-17a-1.jpg\",\"contentUrl\":\"http:\/\/metaloplastika.info\/wp-content\/uploads\/2017\/07\/saksija-viseca-obicna-bela-17a-1.jpg\",\"width\":1000,\"height\":800},{\"@type\":\"BreadcrumbList\",\"@id\":\"http:\/\/metaloplastika.info\/product\/viseca-saksija-obicna-fi-17cm\/#breadcrumb\",\"itemListElement\":[{\"@type\":\"ListItem\",\"position\":1,\"name\":\"Home\",\"item\":\"http:\/\/metaloplastika.info\/\"},{\"@type\":\"ListItem\",\"position\":2,\"name\":\"Products\",\"item\":\"https:\/\/metaloplastika.info\/en\/shop\/\"},{\"@type\":\"ListItem\",\"position\":3,\"name\":\"Vise\u0107a saksija OBI\u010cNA \u00d8 17 cm\"}]},{\"@type\":\"WebSite\",\"@id\":\"http:\/\/metaloplastika.info\/#website\",\"url\":\"http:\/\/metaloplastika.info\/\",\"name\":\"metaloplastika\",\"description\":\"Ukrasne saksije, saksije za rasad, zakacke za saksije, kontejneri\",\"potentialAction\":[{\"@type\":\"SearchAction\",\"target\":{\"@type\":\"EntryPoint\",\"urlTemplate\":\"http:\/\/metaloplastika.info\/?s={search_term_string}\"},\"query-input\":{\"@type\":\"PropertyValueSpecification\",\"valueRequired\":true,\"valueName\":\"search_term_string\"}}],\"inLanguage\":\"en-GB\"}]}<\/script>\n<!-- \/ Yoast SEO plugin. -->","yoast_head_json":{"title":"Vise\u0107a saksija OBI\u010cNA \u00d8 17 cm - metaloplastika Sreckovic Vrnjacka Banja","description":"viseca saksija obicna, fi 20, metaloplastika sreckovic, plasticna viseca saksija, plasticne saksije, saksija sa zakackom, prodaja visecih saksija","robots":{"index":"index","follow":"follow","max-snippet":"max-snippet:-1","max-image-preview":"max-image-preview:large","max-video-preview":"max-video-preview:-1"},"canonical":"http:\/\/metaloplastika.info\/en\/product\/viseca-saksija-obicna-fi-17cm\/","og_locale":"en_GB","og_type":"article","og_title":"Vise\u0107a saksija OBI\u010cNA \u00d8 17 cm - metaloplastika Sreckovic Vrnjacka Banja","og_description":"viseca saksija obicna, fi 20, metaloplastika sreckovic, plasticna viseca saksija, plasticne saksije, saksija sa zakackom, prodaja visecih saksija","og_url":"http:\/\/metaloplastika.info\/en\/product\/viseca-saksija-obicna-fi-17cm\/","og_site_name":"metaloplastika","article_modified_time":"2020-10-10T19:12:38+00:00","og_image":[{"width":1000,"height":800,"url":"http:\/\/metaloplastika.info\/wp-content\/uploads\/2017\/07\/saksija-viseca-obicna-bela-17a-1.jpg","type":"image\/jpeg"}],"twitter_card":"summary_large_image","schema":{"@context":"https:\/\/schema.org","@graph":[{"@type":"WebPage","@id":"http:\/\/metaloplastika.info\/product\/viseca-saksija-obicna-fi-17cm\/","url":"http:\/\/metaloplastika.info\/product\/viseca-saksija-obicna-fi-17cm\/","name":"Vise\u0107a saksija OBI\u010cNA \u00d8 17 cm - metaloplastika Sreckovic Vrnjacka Banja","isPartOf":{"@id":"http:\/\/metaloplastika.info\/#website"},"primaryImageOfPage":{"@id":"http:\/\/metaloplastika.info\/product\/viseca-saksija-obicna-fi-17cm\/#primaryimage"},"image":{"@id":"http:\/\/metaloplastika.info\/product\/viseca-saksija-obicna-fi-17cm\/#primaryimage"},"thumbnailUrl":"http:\/\/metaloplastika.info\/wp-content\/uploads\/2017\/07\/saksija-viseca-obicna-bela-17a-1.jpg","datePublished":"2017-07-18T20:28:01+00:00","dateModified":"2020-10-10T19:12:38+00:00","description":"viseca saksija obicna, fi 20, metaloplastika sreckovic, plasticna viseca saksija, plasticne saksije, saksija sa zakackom, prodaja visecih saksija","breadcrumb":{"@id":"http:\/\/metaloplastika.info\/product\/viseca-saksija-obicna-fi-17cm\/#breadcrumb"},"inLanguage":"en-GB","potentialAction":[{"@type":"ReadAction","target":["http:\/\/metaloplastika.info\/product\/viseca-saksija-obicna-fi-17cm\/"]}]},{"@type":"ImageObject","inLanguage":"en-GB","@id":"http:\/\/metaloplastika.info\/product\/viseca-saksija-obicna-fi-17cm\/#primaryimage","url":"http:\/\/metaloplastika.info\/wp-content\/uploads\/2017\/07\/saksija-viseca-obicna-bela-17a-1.jpg","contentUrl":"http:\/\/metaloplastika.info\/wp-content\/uploads\/2017\/07\/saksija-viseca-obicna-bela-17a-1.jpg","width":1000,"height":800},{"@type":"BreadcrumbList","@id":"http:\/\/metaloplastika.info\/product\/viseca-saksija-obicna-fi-17cm\/#breadcrumb","itemListElement":[{"@type":"ListItem","position":1,"name":"Home","item":"http:\/\/metaloplastika.info\/"},{"@type":"ListItem","position":2,"name":"Products","item":"https:\/\/metaloplastika.info\/en\/shop\/"},{"@type":"ListItem","position":3,"name":"Vise\u0107a saksija OBI\u010cNA \u00d8 17 cm"}]},{"@type":"WebSite","@id":"http:\/\/metaloplastika.info\/#website","url":"http:\/\/metaloplastika.info\/","name":"metaloplastika","description":"Ukrasne saksije, saksije za rasad, zakacke za saksije, kontejneri","potentialAction":[{"@type":"SearchAction","target":{"@type":"EntryPoint","urlTemplate":"http:\/\/metaloplastika.info\/?s={search_term_string}"},"query-input":{"@type":"PropertyValueSpecification","valueRequired":true,"valueName":"search_term_string"}}],"inLanguage":"en-GB"}]}},"_links":{"self":[{"href":"http:\/\/metaloplastika.info\/en\/wp-json\/wp\/v2\/product\/153","targetHints":{"allow":["GET"]}}],"collection":[{"href":"http:\/\/metaloplastika.info\/en\/wp-json\/wp\/v2\/product"}],"about":[{"href":"http:\/\/metaloplastika.info\/en\/wp-json\/wp\/v2\/types\/product"}],"wp:featuredmedia":[{"embeddable":true,"href":"http:\/\/metaloplastika.info\/en\/wp-json\/wp\/v2\/media\/1361"}],"wp:attachment":[{"href":"http:\/\/metaloplastika.info\/en\/wp-json\/wp\/v2\/media?parent=153"}],"wp:term":[{"taxonomy":"product_brand","embeddable":true,"href":"http:\/\/metaloplastika.info\/en\/wp-json\/wp\/v2\/product_brand?post=153"},{"taxonomy":"product_cat","embeddable":true,"href":"http:\/\/metaloplastika.info\/en\/wp-json\/wp\/v2\/product_cat?post=153"},{"taxonomy":"product_tag","embeddable":true,"href":"http:\/\/metaloplastika.info\/en\/wp-json\/wp\/v2\/product_tag?post=153"}],"curies":[{"name":"wp","href":"https:\/\/api.w.org\/{rel}","templated":true}]}}