{"id":145,"date":"2017-07-18T22:12:11","date_gmt":"2017-07-18T20:12:11","guid":{"rendered":"http:\/\/metaloplastika.info\/?post_type=product&#038;p=145"},"modified":"2020-01-14T22:10:18","modified_gmt":"2020-01-14T20:10:18","slug":"terakot-saksija-za-rasad-cetvrtasta-12x12x15cm","status":"publish","type":"product","link":"http:\/\/metaloplastika.info\/en\/product\/terakot-saksija-za-rasad-cetvrtasta-12x12x15cm\/","title":{"rendered":"Terracotta pot for seedling SQUARE 12x12x15 cm"},"content":{"rendered":"","protected":false},"excerpt":{"rendered":"<p>Our pots are dual-layered. Pitch is 5\u00b0.<br \/>\nThe advantage of such a design is that the inner black foil who the winter protects the plant from the cold, while in the summer keeps it from the strong sun. That's why the plants in our pots are 30 to 40% better!<\/p>","protected":false},"featured_media":1021,"template":"","meta":[],"product_brand":[],"product_cat":[20],"product_tag":[25,26,24,23],"class_list":{"0":"post-145","1":"product","2":"type-product","3":"status-publish","4":"has-post-thumbnail","6":"product_cat-terakot-saksije-za-rasad-cetvrtaste","7":"product_tag-rasada","8":"product_tag-saksija","9":"product_tag-saksije","10":"product_tag-saksije-za-rasad","12":"first","13":"instock","14":"shipping-taxable","15":"product-type-simple"},"yoast_head":"<!-- This site is optimized with the Yoast SEO plugin v27.2 - https:\/\/yoast.com\/product\/yoast-seo-wordpress\/ -->\n<title>Terakot saksija za rasad \u010cETVRTASTA 12x12x15 cm - metaloplastika<\/title>\n<meta name=\"robots\" content=\"index, follow, max-snippet:-1, max-image-preview:large, max-video-preview:-1\" \/>\n<link rel=\"canonical\" href=\"http:\/\/metaloplastika.info\/en\/product\/terakot-saksija-za-rasad-cetvrtasta-12x12x15cm\/\" \/>\n<meta property=\"og:locale\" content=\"en_GB\" \/>\n<meta property=\"og:type\" content=\"article\" \/>\n<meta property=\"og:title\" content=\"Terakot saksija za rasad \u010cETVRTASTA 12x12x15 cm - metaloplastika\" \/>\n<meta property=\"og:description\" content=\"Na\u0161e saksije su dvoslojne. Nagib je 5\u00b0. Prednost takve izrade je u tome \u0161to je unutra\u0161nja folija crne boje koja zimi \u0161titi biljku od hladno\u0107e, a leti \u010duva od jakog sunca. Zato su biljke u na\u0161im saksijama od 30 do 40% kvalitetnije!\" \/>\n<meta property=\"og:url\" content=\"http:\/\/metaloplastika.info\/en\/product\/terakot-saksija-za-rasad-cetvrtasta-12x12x15cm\/\" \/>\n<meta property=\"og:site_name\" content=\"metaloplastika\" \/>\n<meta property=\"article:modified_time\" content=\"2020-01-14T20:10:18+00:00\" \/>\n<meta property=\"og:image\" content=\"http:\/\/metaloplastika.info\/wp-content\/uploads\/2017\/07\/cetvrtasta-12x12x15-oblik-1.jpg\" \/>\n\t<meta property=\"og:image:width\" content=\"900\" \/>\n\t<meta property=\"og:image:height\" content=\"630\" \/>\n\t<meta property=\"og:image:type\" content=\"image\/jpeg\" \/>\n<meta name=\"twitter:card\" content=\"summary_large_image\" \/>\n<script type=\"application\/ld+json\" class=\"yoast-schema-graph\">{\"@context\":\"https:\/\/schema.org\",\"@graph\":[{\"@type\":\"WebPage\",\"@id\":\"http:\/\/metaloplastika.info\/product\/terakot-saksija-za-rasad-cetvrtasta-12x12x15cm\/\",\"url\":\"http:\/\/metaloplastika.info\/product\/terakot-saksija-za-rasad-cetvrtasta-12x12x15cm\/\",\"name\":\"Terakot saksija za rasad \u010cETVRTASTA 12x12x15 cm - metaloplastika\",\"isPartOf\":{\"@id\":\"http:\/\/metaloplastika.info\/#website\"},\"primaryImageOfPage\":{\"@id\":\"http:\/\/metaloplastika.info\/product\/terakot-saksija-za-rasad-cetvrtasta-12x12x15cm\/#primaryimage\"},\"image\":{\"@id\":\"http:\/\/metaloplastika.info\/product\/terakot-saksija-za-rasad-cetvrtasta-12x12x15cm\/#primaryimage\"},\"thumbnailUrl\":\"http:\/\/metaloplastika.info\/wp-content\/uploads\/2017\/07\/cetvrtasta-12x12x15-oblik-1.jpg\",\"datePublished\":\"2017-07-18T20:12:11+00:00\",\"dateModified\":\"2020-01-14T20:10:18+00:00\",\"breadcrumb\":{\"@id\":\"http:\/\/metaloplastika.info\/product\/terakot-saksija-za-rasad-cetvrtasta-12x12x15cm\/#breadcrumb\"},\"inLanguage\":\"en-GB\",\"potentialAction\":[{\"@type\":\"ReadAction\",\"target\":[\"http:\/\/metaloplastika.info\/product\/terakot-saksija-za-rasad-cetvrtasta-12x12x15cm\/\"]}]},{\"@type\":\"ImageObject\",\"inLanguage\":\"en-GB\",\"@id\":\"http:\/\/metaloplastika.info\/product\/terakot-saksija-za-rasad-cetvrtasta-12x12x15cm\/#primaryimage\",\"url\":\"http:\/\/metaloplastika.info\/wp-content\/uploads\/2017\/07\/cetvrtasta-12x12x15-oblik-1.jpg\",\"contentUrl\":\"http:\/\/metaloplastika.info\/wp-content\/uploads\/2017\/07\/cetvrtasta-12x12x15-oblik-1.jpg\",\"width\":900,\"height\":630},{\"@type\":\"BreadcrumbList\",\"@id\":\"http:\/\/metaloplastika.info\/product\/terakot-saksija-za-rasad-cetvrtasta-12x12x15cm\/#breadcrumb\",\"itemListElement\":[{\"@type\":\"ListItem\",\"position\":1,\"name\":\"Home\",\"item\":\"http:\/\/metaloplastika.info\/\"},{\"@type\":\"ListItem\",\"position\":2,\"name\":\"Products\",\"item\":\"https:\/\/metaloplastika.info\/en\/shop\/\"},{\"@type\":\"ListItem\",\"position\":3,\"name\":\"Terakot saksija za rasad \u010cETVRTASTA 12x12x15 cm\"}]},{\"@type\":\"WebSite\",\"@id\":\"http:\/\/metaloplastika.info\/#website\",\"url\":\"http:\/\/metaloplastika.info\/\",\"name\":\"metaloplastika\",\"description\":\"Ukrasne saksije, saksije za rasad, zakacke za saksije, kontejneri\",\"potentialAction\":[{\"@type\":\"SearchAction\",\"target\":{\"@type\":\"EntryPoint\",\"urlTemplate\":\"http:\/\/metaloplastika.info\/?s={search_term_string}\"},\"query-input\":{\"@type\":\"PropertyValueSpecification\",\"valueRequired\":true,\"valueName\":\"search_term_string\"}}],\"inLanguage\":\"en-GB\"}]}<\/script>\n<!-- \/ Yoast SEO plugin. -->","yoast_head_json":{"title":"Terakot saksija za rasad \u010cETVRTASTA 12x12x15 cm - metaloplastika","robots":{"index":"index","follow":"follow","max-snippet":"max-snippet:-1","max-image-preview":"max-image-preview:large","max-video-preview":"max-video-preview:-1"},"canonical":"http:\/\/metaloplastika.info\/en\/product\/terakot-saksija-za-rasad-cetvrtasta-12x12x15cm\/","og_locale":"en_GB","og_type":"article","og_title":"Terakot saksija za rasad \u010cETVRTASTA 12x12x15 cm - metaloplastika","og_description":"Na\u0161e saksije su dvoslojne. Nagib je 5\u00b0. Prednost takve izrade je u tome \u0161to je unutra\u0161nja folija crne boje koja zimi \u0161titi biljku od hladno\u0107e, a leti \u010duva od jakog sunca. Zato su biljke u na\u0161im saksijama od 30 do 40% kvalitetnije!","og_url":"http:\/\/metaloplastika.info\/en\/product\/terakot-saksija-za-rasad-cetvrtasta-12x12x15cm\/","og_site_name":"metaloplastika","article_modified_time":"2020-01-14T20:10:18+00:00","og_image":[{"width":900,"height":630,"url":"http:\/\/metaloplastika.info\/wp-content\/uploads\/2017\/07\/cetvrtasta-12x12x15-oblik-1.jpg","type":"image\/jpeg"}],"twitter_card":"summary_large_image","schema":{"@context":"https:\/\/schema.org","@graph":[{"@type":"WebPage","@id":"http:\/\/metaloplastika.info\/product\/terakot-saksija-za-rasad-cetvrtasta-12x12x15cm\/","url":"http:\/\/metaloplastika.info\/product\/terakot-saksija-za-rasad-cetvrtasta-12x12x15cm\/","name":"Terakot saksija za rasad \u010cETVRTASTA 12x12x15 cm - metaloplastika","isPartOf":{"@id":"http:\/\/metaloplastika.info\/#website"},"primaryImageOfPage":{"@id":"http:\/\/metaloplastika.info\/product\/terakot-saksija-za-rasad-cetvrtasta-12x12x15cm\/#primaryimage"},"image":{"@id":"http:\/\/metaloplastika.info\/product\/terakot-saksija-za-rasad-cetvrtasta-12x12x15cm\/#primaryimage"},"thumbnailUrl":"http:\/\/metaloplastika.info\/wp-content\/uploads\/2017\/07\/cetvrtasta-12x12x15-oblik-1.jpg","datePublished":"2017-07-18T20:12:11+00:00","dateModified":"2020-01-14T20:10:18+00:00","breadcrumb":{"@id":"http:\/\/metaloplastika.info\/product\/terakot-saksija-za-rasad-cetvrtasta-12x12x15cm\/#breadcrumb"},"inLanguage":"en-GB","potentialAction":[{"@type":"ReadAction","target":["http:\/\/metaloplastika.info\/product\/terakot-saksija-za-rasad-cetvrtasta-12x12x15cm\/"]}]},{"@type":"ImageObject","inLanguage":"en-GB","@id":"http:\/\/metaloplastika.info\/product\/terakot-saksija-za-rasad-cetvrtasta-12x12x15cm\/#primaryimage","url":"http:\/\/metaloplastika.info\/wp-content\/uploads\/2017\/07\/cetvrtasta-12x12x15-oblik-1.jpg","contentUrl":"http:\/\/metaloplastika.info\/wp-content\/uploads\/2017\/07\/cetvrtasta-12x12x15-oblik-1.jpg","width":900,"height":630},{"@type":"BreadcrumbList","@id":"http:\/\/metaloplastika.info\/product\/terakot-saksija-za-rasad-cetvrtasta-12x12x15cm\/#breadcrumb","itemListElement":[{"@type":"ListItem","position":1,"name":"Home","item":"http:\/\/metaloplastika.info\/"},{"@type":"ListItem","position":2,"name":"Products","item":"https:\/\/metaloplastika.info\/en\/shop\/"},{"@type":"ListItem","position":3,"name":"Terakot saksija za rasad \u010cETVRTASTA 12x12x15 cm"}]},{"@type":"WebSite","@id":"http:\/\/metaloplastika.info\/#website","url":"http:\/\/metaloplastika.info\/","name":"metaloplastika","description":"Ukrasne saksije, saksije za rasad, zakacke za saksije, kontejneri","potentialAction":[{"@type":"SearchAction","target":{"@type":"EntryPoint","urlTemplate":"http:\/\/metaloplastika.info\/?s={search_term_string}"},"query-input":{"@type":"PropertyValueSpecification","valueRequired":true,"valueName":"search_term_string"}}],"inLanguage":"en-GB"}]}},"_links":{"self":[{"href":"http:\/\/metaloplastika.info\/en\/wp-json\/wp\/v2\/product\/145","targetHints":{"allow":["GET"]}}],"collection":[{"href":"http:\/\/metaloplastika.info\/en\/wp-json\/wp\/v2\/product"}],"about":[{"href":"http:\/\/metaloplastika.info\/en\/wp-json\/wp\/v2\/types\/product"}],"wp:featuredmedia":[{"embeddable":true,"href":"http:\/\/metaloplastika.info\/en\/wp-json\/wp\/v2\/media\/1021"}],"wp:attachment":[{"href":"http:\/\/metaloplastika.info\/en\/wp-json\/wp\/v2\/media?parent=145"}],"wp:term":[{"taxonomy":"product_brand","embeddable":true,"href":"http:\/\/metaloplastika.info\/en\/wp-json\/wp\/v2\/product_brand?post=145"},{"taxonomy":"product_cat","embeddable":true,"href":"http:\/\/metaloplastika.info\/en\/wp-json\/wp\/v2\/product_cat?post=145"},{"taxonomy":"product_tag","embeddable":true,"href":"http:\/\/metaloplastika.info\/en\/wp-json\/wp\/v2\/product_tag?post=145"}],"curies":[{"name":"wp","href":"https:\/\/api.w.org\/{rel}","templated":true}]}}